{"id":2268,"date":"2026-04-14T09:25:11","date_gmt":"2026-04-14T09:25:11","guid":{"rendered":"https:\/\/uzyvape.com\/?post_type=product&#038;p=2268"},"modified":"2026-04-14T09:29:01","modified_gmt":"2026-04-14T09:29:01","slug":"uzy-crystal-4-in-1-100000-puffs","status":"publish","type":"product","link":"https:\/\/uzyvape.com\/sv\/produkt\/uzy-crystal-4-in-1-100000-puffs\/","title":{"rendered":"UZY Crystal 4-i-1 100000 Puffar Eng\u00e5ngsvape"},"content":{"rendered":"<p>UZY Crystal 4 in 1 100000 Puffs Eng\u00e5ngs vape ger totalt 100 000 bloss fr\u00e5n en enda f\u00f6rfylld enhet. Den rymmer fyra distinkta smaker i en roterande kropp. Ingen montering kr\u00e4vs.<\/p>\n<h2>Fullst\u00e4ndiga specifikationer f\u00f6r UZY Crystal 4 in 1 100000 Puffar<\/h2>\n<p>Alla delar kommer original och oanv\u00e4nda fr\u00e5n UZY. Varje enhet rymmer totalt 56 ml e-v\u00e4tska f\u00f6rdelat p\u00e5 fyra separata smakbeh\u00e5llare.<\/p>\n<ul>\n<li>Totalt antal bloss: 100 000<\/li>\n<li>Coilkonfiguration: fyra 1.0\u03a9 meshcoils<\/li>\n<li>Batterikapacitet: 650mAh uppladdningsbart<\/li>\n<li>Laddningsgr\u00e4nssnitt: Typ-C<\/li>\n<li>Nikotinstyrka alternativ: 0%, 2%, 3%, 5%<\/li>\n<li>K\u00e4rnfunktioner: Smart LED-sk\u00e4rm, 4-i-1 roterbart smaksystem<\/li>\n<\/ul>\n<p>V\u00e4lj din nikotinstyrka.<\/p>\n<h2>Fyra smakrotationer<\/h2>\n<p>Byt aktiva smaker med en snabb vridning p\u00e5 enhetens kropp. Varje smak f\u00e5r sin egen dedikerade spole f\u00f6r att f\u00f6rhindra korskontaminering mellan smaker.<\/p>\n<p>B\u00e4r en enhet ist\u00e4llet f\u00f6r fyra.<\/p>\n<p>Prova fler smakkombinationer fr\u00e5n v\u00e5r <a href=\"https:\/\/uzyvape.com\/sv\/produkt\/uzy-6-in-1-150000-disposable-vape\/\">flergods eng\u00e5ngsvejpar<\/a>.<\/p>\n<h2>Smarta LED-sk\u00e4rmfunktioner<\/h2>\n<p>Den inbyggda sk\u00e4rmen visar tre viktiga anv\u00e4ndningsm\u00e5tt: aktuell batteriniv\u00e5, \u00e5terst\u00e5ende antal bloss och vald smak.<\/p>\n<p>Ingen gissning beh\u00f6vs.<\/p>\n<p>Kolla in andra <a href=\"https:\/\/uzyvape.com\/sv\/produkt\/uzy-bang-digital-15000-15k-puffs-0-2-3-5-nicotine-20ml\/\">vapes med sk\u00e4rm<\/a> f\u00f6r fler sp\u00e5rningsbara vejpningsalternativ.<\/p>\n<h2>L\u00e5ngvarig eng\u00e5ngsprestanda<\/h2>\n<p>100 000 bloss r\u00e4cker 2-3 m\u00e5nader f\u00f6r de flesta dagliga anv\u00e4ndare. 650mAh-batteriet laddas fullt p\u00e5 45 minuter via Type-C.<\/p>\n<p>Inga frekventa \u00e4ndringar.<\/p>\n<p>Varje coil levererar j\u00e4mna mun-till-lunga-drag.<\/p>\n<p>Fyra 1,0\u03a9 mesh-coils v\u00e4rmer e-juicen j\u00e4mnt. De ger en konsekvent smak fr\u00e5n f\u00f6rsta bloss till det sista.<\/p>\n<p>Bl\u00e4ddra i v\u00e5r <a href=\"https:\/\/uzyvape.com\/sv\/produkt-kategori\/150000-puffs\/\">vapes med h\u00f6gre puffantal<\/a> f\u00f6r l\u00e4ngre anv\u00e4ndning mellan byten.<\/p>","protected":false},"excerpt":{"rendered":"<p>F\u00e5 100 000 bloss och fyra utbytbara smaker fr\u00e5n en enda eng\u00e5ngsvape. Den h\u00e4r enheten har ett uppladdningsbart 650mAh-batteri och en smart LED-sk\u00e4rm f\u00f6r att f\u00f6lja din anv\u00e4ndning. Alla delar \u00e4r original, helt nya komponenter.<\/p>","protected":false},"featured_media":2257,"comment_status":"open","ping_status":"closed","template":"","meta":{"_sitemap_exclude":false,"_sitemap_priority":"","_sitemap_frequency":""},"product_brand":[],"product_cat":[51],"product_tag":[50,44,43,39,42,48,41],"class_list":{"0":"post-2268","1":"product","2":"type-product","3":"status-publish","4":"has-post-thumbnail","6":"product_cat-100000-puffs","7":"product_tag-crystal-design-disposable-vape","8":"product_tag-long-lasting-disposable-vape","9":"product_tag-mesh-coil-disposable-vape","10":"product_tag-multi-flavor-disposable-vape","11":"product_tag-rechargeable-disposable-vape","12":"product_tag-smart-led-display-vape","13":"product_tag-uzy-disposable-vape","15":"first","16":"instock","17":"sale","18":"shipping-taxable","19":"purchasable","20":"product-type-variable"},"yoast_head":"<!-- This site is optimized with the Yoast SEO plugin v25.6 - https:\/\/yoast.com\/wordpress\/plugins\/seo\/ -->\n<title>UZY Crystal 4 in 1 100000 Puffs Rechargeable Disposable Vape<\/title>\n<meta name=\"description\" content=\"Get 100,000 puffs and 4 switchable flavors with this UZY Crystal disposable vape. Rechargeable 650mAh battery, smart LED screen, mesh coils for smooth draws.\" \/>\n<meta name=\"robots\" content=\"index, follow, max-snippet:-1, max-image-preview:large, max-video-preview:-1\" \/>\n<link rel=\"canonical\" href=\"https:\/\/uzyvape.com\/sv\/produkt\/uzy-crystal-4-in-1-100000-puffs\/\" \/>\n<meta property=\"og:locale\" content=\"sv_SE\" \/>\n<meta property=\"og:type\" content=\"article\" \/>\n<meta property=\"og:title\" content=\"UZY Crystal 4 in 1 100000 Puffs Rechargeable Disposable Vape\" \/>\n<meta property=\"og:description\" content=\"Get 100,000 puffs and 4 switchable flavors with this UZY Crystal disposable vape. Rechargeable 650mAh battery, smart LED screen, mesh coils for smooth draws.\" \/>\n<meta property=\"og:url\" content=\"https:\/\/uzyvape.com\/sv\/produkt\/uzy-crystal-4-in-1-100000-puffs\/\" \/>\n<meta property=\"og:site_name\" content=\"Uzy\" \/>\n<meta property=\"article:modified_time\" content=\"2026-04-14T09:29:01+00:00\" \/>\n<meta property=\"og:image\" content=\"https:\/\/uzyvape.com\/wp-content\/uploads\/2026\/04\/upload-9ffad32452758ca8a63a372f2dcfd8ab.jpg\" \/>\n\t<meta property=\"og:image:width\" content=\"1800\" \/>\n\t<meta property=\"og:image:height\" content=\"1799\" \/>\n\t<meta property=\"og:image:type\" content=\"image\/jpeg\" \/>\n<meta name=\"twitter:card\" content=\"summary_large_image\" \/>\n<meta name=\"twitter:label1\" content=\"Ber\u00e4knad l\u00e4stid\" \/>\n\t<meta name=\"twitter:data1\" content=\"2 minuter\" \/>\n<script type=\"application\/ld+json\" class=\"yoast-schema-graph\">{\"@context\":\"https:\/\/schema.org\",\"@graph\":[{\"@type\":\"WebPage\",\"@id\":\"https:\/\/uzyvape.com\/product\/uzy-crystal-4-in-1-100000-puffs\/\",\"url\":\"https:\/\/uzyvape.com\/product\/uzy-crystal-4-in-1-100000-puffs\/\",\"name\":\"UZY Crystal 4 in 1 100000 Puffs Rechargeable Disposable Vape\",\"isPartOf\":{\"@id\":\"https:\/\/uzyvape.com\/#website\"},\"primaryImageOfPage\":{\"@id\":\"https:\/\/uzyvape.com\/product\/uzy-crystal-4-in-1-100000-puffs\/#primaryimage\"},\"image\":{\"@id\":\"https:\/\/uzyvape.com\/product\/uzy-crystal-4-in-1-100000-puffs\/#primaryimage\"},\"thumbnailUrl\":\"https:\/\/uzyvape.com\/wp-content\/uploads\/2026\/04\/upload-9ffad32452758ca8a63a372f2dcfd8ab.jpg\",\"datePublished\":\"2026-04-14T09:25:11+00:00\",\"dateModified\":\"2026-04-14T09:29:01+00:00\",\"description\":\"Get 100,000 puffs and 4 switchable flavors with this UZY Crystal disposable vape. Rechargeable 650mAh battery, smart LED screen, mesh coils for smooth draws.\",\"breadcrumb\":{\"@id\":\"https:\/\/uzyvape.com\/product\/uzy-crystal-4-in-1-100000-puffs\/#breadcrumb\"},\"inLanguage\":\"sv-SE\",\"potentialAction\":[{\"@type\":\"ReadAction\",\"target\":[\"https:\/\/uzyvape.com\/product\/uzy-crystal-4-in-1-100000-puffs\/\"]}]},{\"@type\":\"ImageObject\",\"inLanguage\":\"sv-SE\",\"@id\":\"https:\/\/uzyvape.com\/product\/uzy-crystal-4-in-1-100000-puffs\/#primaryimage\",\"url\":\"https:\/\/uzyvape.com\/wp-content\/uploads\/2026\/04\/upload-9ffad32452758ca8a63a372f2dcfd8ab.jpg\",\"contentUrl\":\"https:\/\/uzyvape.com\/wp-content\/uploads\/2026\/04\/upload-9ffad32452758ca8a63a372f2dcfd8ab.jpg\",\"width\":1800,\"height\":1799,\"caption\":\"UZY Crystal 4 in 1 100000 Puffs Disposable Vape\"},{\"@type\":\"BreadcrumbList\",\"@id\":\"https:\/\/uzyvape.com\/product\/uzy-crystal-4-in-1-100000-puffs\/#breadcrumb\",\"itemListElement\":[{\"@type\":\"ListItem\",\"position\":1,\"name\":\"Home\",\"item\":\"https:\/\/uzyvape.com\/\"},{\"@type\":\"ListItem\",\"position\":2,\"name\":\"Shop\",\"item\":\"https:\/\/uzyvape.com\/shop\/\"},{\"@type\":\"ListItem\",\"position\":3,\"name\":\"UZY Crystal 4 in 1 100000 Puffs Disposable Vape\"}]},{\"@type\":\"WebSite\",\"@id\":\"https:\/\/uzyvape.com\/#website\",\"url\":\"https:\/\/uzyvape.com\/\",\"name\":\"Uzy\",\"description\":\"Official website, selling Uzy Disposable Vape, source factory\",\"publisher\":{\"@id\":\"https:\/\/uzyvape.com\/#organization\"},\"potentialAction\":[{\"@type\":\"SearchAction\",\"target\":{\"@type\":\"EntryPoint\",\"urlTemplate\":\"https:\/\/uzyvape.com\/?s={search_term_string}\"},\"query-input\":{\"@type\":\"PropertyValueSpecification\",\"valueRequired\":true,\"valueName\":\"search_term_string\"}}],\"inLanguage\":\"sv-SE\"},{\"@type\":\"Organization\",\"@id\":\"https:\/\/uzyvape.com\/#organization\",\"name\":\"Uzy\",\"url\":\"https:\/\/uzyvape.com\/\",\"logo\":{\"@type\":\"ImageObject\",\"inLanguage\":\"sv-SE\",\"@id\":\"https:\/\/uzyvape.com\/#\/schema\/logo\/image\/\",\"url\":\"https:\/\/uzyvape.com\/wp-content\/uploads\/2022\/10\/UZY_LOGO.png\",\"contentUrl\":\"https:\/\/uzyvape.com\/wp-content\/uploads\/2022\/10\/UZY_LOGO.png\",\"width\":825,\"height\":302,\"caption\":\"Uzy\"},\"image\":{\"@id\":\"https:\/\/uzyvape.com\/#\/schema\/logo\/image\/\"}}]}<\/script>\n<!-- \/ Yoast SEO plugin. -->","yoast_head_json":{"title":"UZY Crystal 4 in 1 100000 Puffs Rechargeable Disposable Vape","description":"Get 100,000 puffs and 4 switchable flavors with this UZY Crystal disposable vape. Rechargeable 650mAh battery, smart LED screen, mesh coils for smooth draws.","robots":{"index":"index","follow":"follow","max-snippet":"max-snippet:-1","max-image-preview":"max-image-preview:large","max-video-preview":"max-video-preview:-1"},"canonical":"https:\/\/uzyvape.com\/sv\/produkt\/uzy-crystal-4-in-1-100000-puffs\/","og_locale":"sv_SE","og_type":"article","og_title":"UZY Crystal 4 in 1 100000 Puffs Rechargeable Disposable Vape","og_description":"Get 100,000 puffs and 4 switchable flavors with this UZY Crystal disposable vape. Rechargeable 650mAh battery, smart LED screen, mesh coils for smooth draws.","og_url":"https:\/\/uzyvape.com\/sv\/produkt\/uzy-crystal-4-in-1-100000-puffs\/","og_site_name":"Uzy","article_modified_time":"2026-04-14T09:29:01+00:00","og_image":[{"width":1800,"height":1799,"url":"https:\/\/uzyvape.com\/wp-content\/uploads\/2026\/04\/upload-9ffad32452758ca8a63a372f2dcfd8ab.jpg","type":"image\/jpeg"}],"twitter_card":"summary_large_image","twitter_misc":{"Ber\u00e4knad l\u00e4stid":"2 minuter"},"schema":{"@context":"https:\/\/schema.org","@graph":[{"@type":"WebPage","@id":"https:\/\/uzyvape.com\/product\/uzy-crystal-4-in-1-100000-puffs\/","url":"https:\/\/uzyvape.com\/product\/uzy-crystal-4-in-1-100000-puffs\/","name":"UZY Crystal 4 in 1 100000 Puffs Rechargeable Disposable Vape","isPartOf":{"@id":"https:\/\/uzyvape.com\/#website"},"primaryImageOfPage":{"@id":"https:\/\/uzyvape.com\/product\/uzy-crystal-4-in-1-100000-puffs\/#primaryimage"},"image":{"@id":"https:\/\/uzyvape.com\/product\/uzy-crystal-4-in-1-100000-puffs\/#primaryimage"},"thumbnailUrl":"https:\/\/uzyvape.com\/wp-content\/uploads\/2026\/04\/upload-9ffad32452758ca8a63a372f2dcfd8ab.jpg","datePublished":"2026-04-14T09:25:11+00:00","dateModified":"2026-04-14T09:29:01+00:00","description":"Get 100,000 puffs and 4 switchable flavors with this UZY Crystal disposable vape. Rechargeable 650mAh battery, smart LED screen, mesh coils for smooth draws.","breadcrumb":{"@id":"https:\/\/uzyvape.com\/product\/uzy-crystal-4-in-1-100000-puffs\/#breadcrumb"},"inLanguage":"sv-SE","potentialAction":[{"@type":"ReadAction","target":["https:\/\/uzyvape.com\/product\/uzy-crystal-4-in-1-100000-puffs\/"]}]},{"@type":"ImageObject","inLanguage":"sv-SE","@id":"https:\/\/uzyvape.com\/product\/uzy-crystal-4-in-1-100000-puffs\/#primaryimage","url":"https:\/\/uzyvape.com\/wp-content\/uploads\/2026\/04\/upload-9ffad32452758ca8a63a372f2dcfd8ab.jpg","contentUrl":"https:\/\/uzyvape.com\/wp-content\/uploads\/2026\/04\/upload-9ffad32452758ca8a63a372f2dcfd8ab.jpg","width":1800,"height":1799,"caption":"UZY Crystal 4 in 1 100000 Puffs Disposable Vape"},{"@type":"BreadcrumbList","@id":"https:\/\/uzyvape.com\/product\/uzy-crystal-4-in-1-100000-puffs\/#breadcrumb","itemListElement":[{"@type":"ListItem","position":1,"name":"Home","item":"https:\/\/uzyvape.com\/"},{"@type":"ListItem","position":2,"name":"Shop","item":"https:\/\/uzyvape.com\/shop\/"},{"@type":"ListItem","position":3,"name":"UZY Crystal 4 in 1 100000 Puffs Disposable Vape"}]},{"@type":"WebSite","@id":"https:\/\/uzyvape.com\/#website","url":"https:\/\/uzyvape.com\/","name":"Uzy","description":"Officiell webbplats, som s\u00e4ljer Uzy Disposable Vape, k\u00e4llfabrik","publisher":{"@id":"https:\/\/uzyvape.com\/#organization"},"potentialAction":[{"@type":"SearchAction","target":{"@type":"EntryPoint","urlTemplate":"https:\/\/uzyvape.com\/?s={search_term_string}"},"query-input":{"@type":"PropertyValueSpecification","valueRequired":true,"valueName":"search_term_string"}}],"inLanguage":"sv-SE"},{"@type":"Organization","@id":"https:\/\/uzyvape.com\/#organization","name":"Uzy","url":"https:\/\/uzyvape.com\/","logo":{"@type":"ImageObject","inLanguage":"sv-SE","@id":"https:\/\/uzyvape.com\/#\/schema\/logo\/image\/","url":"https:\/\/uzyvape.com\/wp-content\/uploads\/2022\/10\/UZY_LOGO.png","contentUrl":"https:\/\/uzyvape.com\/wp-content\/uploads\/2022\/10\/UZY_LOGO.png","width":825,"height":302,"caption":"Uzy"},"image":{"@id":"https:\/\/uzyvape.com\/#\/schema\/logo\/image\/"}}]}},"_links":{"self":[{"href":"https:\/\/uzyvape.com\/sv\/wp-json\/wp\/v2\/product\/2268","targetHints":{"allow":["GET"]}}],"collection":[{"href":"https:\/\/uzyvape.com\/sv\/wp-json\/wp\/v2\/product"}],"about":[{"href":"https:\/\/uzyvape.com\/sv\/wp-json\/wp\/v2\/types\/product"}],"replies":[{"embeddable":true,"href":"https:\/\/uzyvape.com\/sv\/wp-json\/wp\/v2\/comments?post=2268"}],"wp:featuredmedia":[{"embeddable":true,"href":"https:\/\/uzyvape.com\/sv\/wp-json\/wp\/v2\/media\/2257"}],"wp:attachment":[{"href":"https:\/\/uzyvape.com\/sv\/wp-json\/wp\/v2\/media?parent=2268"}],"wp:term":[{"taxonomy":"product_brand","embeddable":true,"href":"https:\/\/uzyvape.com\/sv\/wp-json\/wp\/v2\/product_brand?post=2268"},{"taxonomy":"product_cat","embeddable":true,"href":"https:\/\/uzyvape.com\/sv\/wp-json\/wp\/v2\/product_cat?post=2268"},{"taxonomy":"product_tag","embeddable":true,"href":"https:\/\/uzyvape.com\/sv\/wp-json\/wp\/v2\/product_tag?post=2268"}],"curies":[{"name":"wp","href":"https:\/\/api.w.org\/{rel}","templated":true}]}}