{"id":1268,"date":"2025-05-15T11:53:55","date_gmt":"2025-05-15T11:53:55","guid":{"rendered":"https:\/\/uzyvape.com\/?page_id=1268"},"modified":"2025-05-15T11:53:55","modified_gmt":"2025-05-15T11:53:55","slug":"customs-issues","status":"publish","type":"page","link":"https:\/\/uzyvape.com\/sv\/customs-issues\/","title":{"rendered":"Tullfr\u00e5gor"},"content":{"rendered":"<p>P\u00e5 UZY har vi \u00e5tagit oss att s\u00e4kerst\u00e4lla en s\u00f6ml\u00f6s shoppingupplevelse f\u00f6r v\u00e5ra kunder \u00f6ver hela v\u00e4rlden. Som den officiella webbplatsen f\u00f6r UZY:s eng\u00e5ngsvapor skickar vi v\u00e5ra produkter globalt med omsorg och effektivitet. Internationella f\u00f6rs\u00e4ndelser kan dock ibland drabbas av tullrelaterade f\u00f6rseningar eller inspektioner, vilket ligger utanf\u00f6r v\u00e5r kontroll.<\/p>\n<p>I den s\u00e4llsynta h\u00e4ndelsen att din best\u00e4llning h\u00e5lls kvar eller beslagtas av tullen, kan du vara s\u00e4ker p\u00e5 att vi har t\u00e4ckt dig. Vi kommer omedelbart att erbjuda dig att skicka om din best\u00e4llning eller ge dig en fullst\u00e4ndig \u00e5terbetalning, beroende p\u00e5 vad du f\u00f6redrar. \u00c4ven om s\u00e5dana incidenter \u00e4r ovanliga prioriterar vi din tillfredsst\u00e4llelse och sinnesfrid.<\/p>\n<p>Om du har n\u00e5gra fr\u00e5gor eller funderingar kring din best\u00e4llning \u00e4r du v\u00e4lkommen att kontakta oss p\u00e5\u00a0<a href=\"mailto:info@uzyvape.com\">info@uzyvape.com<\/a>. V\u00e5rt team finns h\u00e4r f\u00f6r att hj\u00e4lpa dig varje steg p\u00e5 v\u00e4gen!<\/p>","protected":false},"excerpt":{"rendered":"<p>At UZY, we are committed to ensuring a seamless shopping experience for our customers worldwide. As the official website for UZY disposable vapes, we ship our products globally with care and efficiency. However, international shipments may occasionally face customs-related delays or inspections, which are beyond our control. In the rare event that your order is [&hellip;]<\/p>","protected":false},"author":1,"featured_media":0,"parent":0,"menu_order":0,"comment_status":"closed","ping_status":"closed","template":"","meta":{"_sitemap_exclude":false,"_sitemap_priority":"","_sitemap_frequency":"","footnotes":""},"class_list":["post-1268","page","type-page","status-publish","hentry"],"yoast_head":"<!-- This site is optimized with the Yoast SEO plugin v25.6 - https:\/\/yoast.com\/wordpress\/plugins\/seo\/ -->\n<title>Customs Issues - Uzy<\/title>\n<meta name=\"robots\" content=\"index, follow, max-snippet:-1, max-image-preview:large, max-video-preview:-1\" \/>\n<link rel=\"canonical\" href=\"https:\/\/uzyvape.com\/sv\/customs-issues\/\" \/>\n<meta property=\"og:locale\" content=\"sv_SE\" \/>\n<meta property=\"og:type\" content=\"article\" \/>\n<meta property=\"og:title\" content=\"Customs Issues - Uzy\" \/>\n<meta property=\"og:description\" content=\"At UZY, we are committed to ensuring a seamless shopping experience for our customers worldwide. As the official website for UZY disposable vapes, we ship our products globally with care and efficiency. However, international shipments may occasionally face customs-related delays or inspections, which are beyond our control. In the rare event that your order is [&hellip;]\" \/>\n<meta property=\"og:url\" content=\"https:\/\/uzyvape.com\/sv\/customs-issues\/\" \/>\n<meta property=\"og:site_name\" content=\"Uzy\" \/>\n<meta name=\"twitter:card\" content=\"summary_large_image\" \/>\n<meta name=\"twitter:label1\" content=\"Ber\u00e4knad l\u00e4stid\" \/>\n\t<meta name=\"twitter:data1\" content=\"1 minut\" \/>\n<script type=\"application\/ld+json\" class=\"yoast-schema-graph\">{\"@context\":\"https:\/\/schema.org\",\"@graph\":[{\"@type\":\"WebPage\",\"@id\":\"https:\/\/uzyvape.com\/customs-issues\/\",\"url\":\"https:\/\/uzyvape.com\/customs-issues\/\",\"name\":\"Customs Issues - Uzy\",\"isPartOf\":{\"@id\":\"https:\/\/uzyvape.com\/#website\"},\"datePublished\":\"2025-05-15T11:53:55+00:00\",\"breadcrumb\":{\"@id\":\"https:\/\/uzyvape.com\/customs-issues\/#breadcrumb\"},\"inLanguage\":\"sv-SE\",\"potentialAction\":[{\"@type\":\"ReadAction\",\"target\":[\"https:\/\/uzyvape.com\/customs-issues\/\"]}]},{\"@type\":\"BreadcrumbList\",\"@id\":\"https:\/\/uzyvape.com\/customs-issues\/#breadcrumb\",\"itemListElement\":[{\"@type\":\"ListItem\",\"position\":1,\"name\":\"Home\",\"item\":\"https:\/\/uzyvape.com\/\"},{\"@type\":\"ListItem\",\"position\":2,\"name\":\"Customs Issues\"}]},{\"@type\":\"WebSite\",\"@id\":\"https:\/\/uzyvape.com\/#website\",\"url\":\"https:\/\/uzyvape.com\/\",\"name\":\"Uzy\",\"description\":\"Official website, selling Uzy Disposable Vape, source factory\",\"publisher\":{\"@id\":\"https:\/\/uzyvape.com\/#organization\"},\"potentialAction\":[{\"@type\":\"SearchAction\",\"target\":{\"@type\":\"EntryPoint\",\"urlTemplate\":\"https:\/\/uzyvape.com\/?s={search_term_string}\"},\"query-input\":{\"@type\":\"PropertyValueSpecification\",\"valueRequired\":true,\"valueName\":\"search_term_string\"}}],\"inLanguage\":\"sv-SE\"},{\"@type\":\"Organization\",\"@id\":\"https:\/\/uzyvape.com\/#organization\",\"name\":\"Uzy\",\"url\":\"https:\/\/uzyvape.com\/\",\"logo\":{\"@type\":\"ImageObject\",\"inLanguage\":\"sv-SE\",\"@id\":\"https:\/\/uzyvape.com\/#\/schema\/logo\/image\/\",\"url\":\"https:\/\/uzyvape.com\/wp-content\/uploads\/2022\/10\/UZY_LOGO.png\",\"contentUrl\":\"https:\/\/uzyvape.com\/wp-content\/uploads\/2022\/10\/UZY_LOGO.png\",\"width\":825,\"height\":302,\"caption\":\"Uzy\"},\"image\":{\"@id\":\"https:\/\/uzyvape.com\/#\/schema\/logo\/image\/\"}}]}<\/script>\n<!-- \/ Yoast SEO plugin. -->","yoast_head_json":{"title":"Customs Issues - Uzy","robots":{"index":"index","follow":"follow","max-snippet":"max-snippet:-1","max-image-preview":"max-image-preview:large","max-video-preview":"max-video-preview:-1"},"canonical":"https:\/\/uzyvape.com\/sv\/customs-issues\/","og_locale":"sv_SE","og_type":"article","og_title":"Customs Issues - Uzy","og_description":"At UZY, we are committed to ensuring a seamless shopping experience for our customers worldwide. As the official website for UZY disposable vapes, we ship our products globally with care and efficiency. However, international shipments may occasionally face customs-related delays or inspections, which are beyond our control. In the rare event that your order is [&hellip;]","og_url":"https:\/\/uzyvape.com\/sv\/customs-issues\/","og_site_name":"Uzy","twitter_card":"summary_large_image","twitter_misc":{"Ber\u00e4knad l\u00e4stid":"1 minut"},"schema":{"@context":"https:\/\/schema.org","@graph":[{"@type":"WebPage","@id":"https:\/\/uzyvape.com\/customs-issues\/","url":"https:\/\/uzyvape.com\/customs-issues\/","name":"Customs Issues - Uzy","isPartOf":{"@id":"https:\/\/uzyvape.com\/#website"},"datePublished":"2025-05-15T11:53:55+00:00","breadcrumb":{"@id":"https:\/\/uzyvape.com\/customs-issues\/#breadcrumb"},"inLanguage":"sv-SE","potentialAction":[{"@type":"ReadAction","target":["https:\/\/uzyvape.com\/customs-issues\/"]}]},{"@type":"BreadcrumbList","@id":"https:\/\/uzyvape.com\/customs-issues\/#breadcrumb","itemListElement":[{"@type":"ListItem","position":1,"name":"Home","item":"https:\/\/uzyvape.com\/"},{"@type":"ListItem","position":2,"name":"Customs Issues"}]},{"@type":"WebSite","@id":"https:\/\/uzyvape.com\/#website","url":"https:\/\/uzyvape.com\/","name":"Uzy","description":"Officiell webbplats, som s\u00e4ljer Uzy Disposable Vape, k\u00e4llfabrik","publisher":{"@id":"https:\/\/uzyvape.com\/#organization"},"potentialAction":[{"@type":"SearchAction","target":{"@type":"EntryPoint","urlTemplate":"https:\/\/uzyvape.com\/?s={search_term_string}"},"query-input":{"@type":"PropertyValueSpecification","valueRequired":true,"valueName":"search_term_string"}}],"inLanguage":"sv-SE"},{"@type":"Organization","@id":"https:\/\/uzyvape.com\/#organization","name":"Uzy","url":"https:\/\/uzyvape.com\/","logo":{"@type":"ImageObject","inLanguage":"sv-SE","@id":"https:\/\/uzyvape.com\/#\/schema\/logo\/image\/","url":"https:\/\/uzyvape.com\/wp-content\/uploads\/2022\/10\/UZY_LOGO.png","contentUrl":"https:\/\/uzyvape.com\/wp-content\/uploads\/2022\/10\/UZY_LOGO.png","width":825,"height":302,"caption":"Uzy"},"image":{"@id":"https:\/\/uzyvape.com\/#\/schema\/logo\/image\/"}}]}},"_links":{"self":[{"href":"https:\/\/uzyvape.com\/sv\/wp-json\/wp\/v2\/pages\/1268","targetHints":{"allow":["GET"]}}],"collection":[{"href":"https:\/\/uzyvape.com\/sv\/wp-json\/wp\/v2\/pages"}],"about":[{"href":"https:\/\/uzyvape.com\/sv\/wp-json\/wp\/v2\/types\/page"}],"author":[{"embeddable":true,"href":"https:\/\/uzyvape.com\/sv\/wp-json\/wp\/v2\/users\/1"}],"replies":[{"embeddable":true,"href":"https:\/\/uzyvape.com\/sv\/wp-json\/wp\/v2\/comments?post=1268"}],"version-history":[{"count":0,"href":"https:\/\/uzyvape.com\/sv\/wp-json\/wp\/v2\/pages\/1268\/revisions"}],"wp:attachment":[{"href":"https:\/\/uzyvape.com\/sv\/wp-json\/wp\/v2\/media?parent=1268"}],"curies":[{"name":"wp","href":"https:\/\/api.w.org\/{rel}","templated":true}]}}