{"id":2268,"date":"2026-04-14T09:25:11","date_gmt":"2026-04-14T09:25:11","guid":{"rendered":"https:\/\/uzyvape.com\/?post_type=product&#038;p=2268"},"modified":"2026-04-14T09:29:01","modified_gmt":"2026-04-14T09:29:01","slug":"uzy-crystal-4-in-1-100000-puffs","status":"publish","type":"product","link":"https:\/\/uzyvape.com\/fr\/produit\/uzy-crystal-4-in-1-100000-puffs\/","title":{"rendered":"Vape jetable UZY Crystal 4 en 1 100 000 bouff\u00e9es"},"content":{"rendered":"<p>La cigarette \u00e9lectronique jetable UZY Crystal 4 en 1 100 000 puffs offre 100 000 puffs au total \u00e0 partir d'un seul appareil pr\u00e9-rempli. Elle contient quatre saveurs distinctes dans un corps rotatif. Aucun assemblage requis.<\/p>\n<h2>Sp\u00e9cifications compl\u00e8tes pour UZY Crystal 4 en 1 100000 bouff\u00e9es<\/h2>\n<p>Toutes les pi\u00e8ces sont d'origine et inutilis\u00e9es de UZY. Chaque appareil contient 56 ml de liquide \u00e9lectronique au total r\u00e9partis sur quatre chambres d'ar\u00f4mes s\u00e9par\u00e9es.<\/p>\n<ul>\n<li>Puffs totaux homologu\u00e9s : 100 000<\/li>\n<li>Configuration de la bobine : quatre bobines maill\u00e9es de 1,0 \u03a9<\/li>\n<li>Capacit\u00e9 de la batterie : 650 mAh rechargeable<\/li>\n<li>Interface de chargement : Type-C<\/li>\n<li>Options de concentration de nicotine : 0%, 2%, 3%, 5%<\/li>\n<li>Caract\u00e9ristiques principales : \u00e9cran LED intelligent, syst\u00e8me de changement de saveur rotatif 4 en 1<\/li>\n<\/ul>\n<p>Choisissez votre dosage de nicotine.<\/p>\n<h2>Syst\u00e8me rotatif \u00e0 quatre saveurs<\/h2>\n<p>\u00c9changez les ar\u00f4mes actifs d'un simple tour du corps de l'appareil. Chaque ar\u00f4me poss\u00e8de sa propre r\u00e9sistance d\u00e9di\u00e9e pour \u00e9viter la contamination crois\u00e9e des go\u00fbts.<\/p>\n<p>Transportez un appareil au lieu de quatre.<\/p>\n<p>Essayez d'autres combinaisons de saveurs de notre <a href=\"https:\/\/uzyvape.com\/fr\/produit\/uzy-6-in-1-150000-disposable-vape\/\">vapes jetables multi-saveurs<\/a>.<\/p>\n<h2>Caract\u00e9ristiques de l'\u00e9cran LED intelligent<\/h2>\n<p>L'\u00e9cran int\u00e9gr\u00e9 affiche trois indicateurs d'utilisation cl\u00e9s. Il indique le niveau de batterie actuel, le nombre de bouff\u00e9es restantes et la s\u00e9lection active de l'ar\u00f4me.<\/p>\n<p>Pas besoin de deviner.<\/p>\n<p>D\u00e9couvrez d'autres <a href=\"https:\/\/uzyvape.com\/fr\/produit\/uzy-bang-digital-15000-15k-puffs-0-2-3-5-nicotine-20ml\/\">vapotages avec \u00e9cran activ\u00e9<\/a> pour plus d'options de vapotage suivies.<\/p>\n<h2>Performance Durable jetable<\/h2>\n<p>100 000 bouff\u00e9es durent 2 \u00e0 3 mois pour la plupart des utilisateurs quotidiens. La batterie de 650 mAh se recharge compl\u00e8tement en 45 minutes via Type-C.<\/p>\n<p>Pas de changements fr\u00e9quents.<\/p>\n<p>Chaque r\u00e9sistance offre des tirages serr\u00e9s doux.<\/p>\n<p>Quatre r\u00e9sistances mesh de 1,0 \u03a9 chauffent le e-liquide uniform\u00e9ment. Elles produisent une saveur constante de la premi\u00e8re bouff\u00e9e \u00e0 la derni\u00e8re.<\/p>\n<p>Parcourir notre <a href=\"https:\/\/uzyvape.com\/fr\/categorie-produit\/150000-puffs\/\">vapes avec un nombre de bouff\u00e9es plus \u00e9lev\u00e9<\/a> pour une utilisation plus longue entre les remplacements.<\/p>","protected":false},"excerpt":{"rendered":"<p>Obtenez 100 000 bouff\u00e9es et quatre saveurs interchangeables \u00e0 partir d'une seule cigarette \u00e9lectronique jetable. Cet appareil comprend une batterie rechargeable de 650 mAh et un \u00e9cran LED intelligent pour suivre votre consommation. Toutes les pi\u00e8ces sont des composants d'origine, neufs.<\/p>","protected":false},"featured_media":2257,"comment_status":"open","ping_status":"closed","template":"","meta":{"_sitemap_exclude":false,"_sitemap_priority":"","_sitemap_frequency":""},"product_brand":[],"product_cat":[51],"product_tag":[50,44,43,39,42,48,41],"class_list":{"0":"post-2268","1":"product","2":"type-product","3":"status-publish","4":"has-post-thumbnail","6":"product_cat-100000-puffs","7":"product_tag-crystal-design-disposable-vape","8":"product_tag-long-lasting-disposable-vape","9":"product_tag-mesh-coil-disposable-vape","10":"product_tag-multi-flavor-disposable-vape","11":"product_tag-rechargeable-disposable-vape","12":"product_tag-smart-led-display-vape","13":"product_tag-uzy-disposable-vape","15":"first","16":"instock","17":"sale","18":"shipping-taxable","19":"purchasable","20":"product-type-variable"},"yoast_head":"<!-- This site is optimized with the Yoast SEO plugin v25.6 - https:\/\/yoast.com\/wordpress\/plugins\/seo\/ -->\n<title>UZY Crystal 4 in 1 100000 Puffs Rechargeable Disposable Vape<\/title>\n<meta name=\"description\" content=\"Get 100,000 puffs and 4 switchable flavors with this UZY Crystal disposable vape. Rechargeable 650mAh battery, smart LED screen, mesh coils for smooth draws.\" \/>\n<meta name=\"robots\" content=\"index, follow, max-snippet:-1, max-image-preview:large, max-video-preview:-1\" \/>\n<link rel=\"canonical\" href=\"https:\/\/uzyvape.com\/fr\/produit\/uzy-crystal-4-in-1-100000-puffs\/\" \/>\n<meta property=\"og:locale\" content=\"fr_FR\" \/>\n<meta property=\"og:type\" content=\"article\" \/>\n<meta property=\"og:title\" content=\"UZY Crystal 4 in 1 100000 Puffs Rechargeable Disposable Vape\" \/>\n<meta property=\"og:description\" content=\"Get 100,000 puffs and 4 switchable flavors with this UZY Crystal disposable vape. Rechargeable 650mAh battery, smart LED screen, mesh coils for smooth draws.\" \/>\n<meta property=\"og:url\" content=\"https:\/\/uzyvape.com\/fr\/produit\/uzy-crystal-4-in-1-100000-puffs\/\" \/>\n<meta property=\"og:site_name\" content=\"Uzy\" \/>\n<meta property=\"article:modified_time\" content=\"2026-04-14T09:29:01+00:00\" \/>\n<meta property=\"og:image\" content=\"https:\/\/uzyvape.com\/wp-content\/uploads\/2026\/04\/upload-9ffad32452758ca8a63a372f2dcfd8ab.jpg\" \/>\n\t<meta property=\"og:image:width\" content=\"1800\" \/>\n\t<meta property=\"og:image:height\" content=\"1799\" \/>\n\t<meta property=\"og:image:type\" content=\"image\/jpeg\" \/>\n<meta name=\"twitter:card\" content=\"summary_large_image\" \/>\n<meta name=\"twitter:label1\" content=\"Dur\u00e9e de lecture estim\u00e9e\" \/>\n\t<meta name=\"twitter:data1\" content=\"2 minutes\" \/>\n<script type=\"application\/ld+json\" class=\"yoast-schema-graph\">{\"@context\":\"https:\/\/schema.org\",\"@graph\":[{\"@type\":\"WebPage\",\"@id\":\"https:\/\/uzyvape.com\/product\/uzy-crystal-4-in-1-100000-puffs\/\",\"url\":\"https:\/\/uzyvape.com\/product\/uzy-crystal-4-in-1-100000-puffs\/\",\"name\":\"UZY Crystal 4 in 1 100000 Puffs Rechargeable Disposable Vape\",\"isPartOf\":{\"@id\":\"https:\/\/uzyvape.com\/#website\"},\"primaryImageOfPage\":{\"@id\":\"https:\/\/uzyvape.com\/product\/uzy-crystal-4-in-1-100000-puffs\/#primaryimage\"},\"image\":{\"@id\":\"https:\/\/uzyvape.com\/product\/uzy-crystal-4-in-1-100000-puffs\/#primaryimage\"},\"thumbnailUrl\":\"https:\/\/uzyvape.com\/wp-content\/uploads\/2026\/04\/upload-9ffad32452758ca8a63a372f2dcfd8ab.jpg\",\"datePublished\":\"2026-04-14T09:25:11+00:00\",\"dateModified\":\"2026-04-14T09:29:01+00:00\",\"description\":\"Get 100,000 puffs and 4 switchable flavors with this UZY Crystal disposable vape. Rechargeable 650mAh battery, smart LED screen, mesh coils for smooth draws.\",\"breadcrumb\":{\"@id\":\"https:\/\/uzyvape.com\/product\/uzy-crystal-4-in-1-100000-puffs\/#breadcrumb\"},\"inLanguage\":\"fr-FR\",\"potentialAction\":[{\"@type\":\"ReadAction\",\"target\":[\"https:\/\/uzyvape.com\/product\/uzy-crystal-4-in-1-100000-puffs\/\"]}]},{\"@type\":\"ImageObject\",\"inLanguage\":\"fr-FR\",\"@id\":\"https:\/\/uzyvape.com\/product\/uzy-crystal-4-in-1-100000-puffs\/#primaryimage\",\"url\":\"https:\/\/uzyvape.com\/wp-content\/uploads\/2026\/04\/upload-9ffad32452758ca8a63a372f2dcfd8ab.jpg\",\"contentUrl\":\"https:\/\/uzyvape.com\/wp-content\/uploads\/2026\/04\/upload-9ffad32452758ca8a63a372f2dcfd8ab.jpg\",\"width\":1800,\"height\":1799,\"caption\":\"UZY Crystal 4 in 1 100000 Puffs Disposable Vape\"},{\"@type\":\"BreadcrumbList\",\"@id\":\"https:\/\/uzyvape.com\/product\/uzy-crystal-4-in-1-100000-puffs\/#breadcrumb\",\"itemListElement\":[{\"@type\":\"ListItem\",\"position\":1,\"name\":\"Home\",\"item\":\"https:\/\/uzyvape.com\/\"},{\"@type\":\"ListItem\",\"position\":2,\"name\":\"Shop\",\"item\":\"https:\/\/uzyvape.com\/shop\/\"},{\"@type\":\"ListItem\",\"position\":3,\"name\":\"UZY Crystal 4 in 1 100000 Puffs Disposable Vape\"}]},{\"@type\":\"WebSite\",\"@id\":\"https:\/\/uzyvape.com\/#website\",\"url\":\"https:\/\/uzyvape.com\/\",\"name\":\"Uzy\",\"description\":\"Official website, selling Uzy Disposable Vape, source factory\",\"publisher\":{\"@id\":\"https:\/\/uzyvape.com\/#organization\"},\"potentialAction\":[{\"@type\":\"SearchAction\",\"target\":{\"@type\":\"EntryPoint\",\"urlTemplate\":\"https:\/\/uzyvape.com\/?s={search_term_string}\"},\"query-input\":{\"@type\":\"PropertyValueSpecification\",\"valueRequired\":true,\"valueName\":\"search_term_string\"}}],\"inLanguage\":\"fr-FR\"},{\"@type\":\"Organization\",\"@id\":\"https:\/\/uzyvape.com\/#organization\",\"name\":\"Uzy\",\"url\":\"https:\/\/uzyvape.com\/\",\"logo\":{\"@type\":\"ImageObject\",\"inLanguage\":\"fr-FR\",\"@id\":\"https:\/\/uzyvape.com\/#\/schema\/logo\/image\/\",\"url\":\"https:\/\/uzyvape.com\/wp-content\/uploads\/2022\/10\/UZY_LOGO.png\",\"contentUrl\":\"https:\/\/uzyvape.com\/wp-content\/uploads\/2022\/10\/UZY_LOGO.png\",\"width\":825,\"height\":302,\"caption\":\"Uzy\"},\"image\":{\"@id\":\"https:\/\/uzyvape.com\/#\/schema\/logo\/image\/\"}}]}<\/script>\n<!-- \/ Yoast SEO plugin. -->","yoast_head_json":{"title":"UZY Crystal 4 in 1 100000 Puffs Rechargeable Disposable Vape","description":"Get 100,000 puffs and 4 switchable flavors with this UZY Crystal disposable vape. Rechargeable 650mAh battery, smart LED screen, mesh coils for smooth draws.","robots":{"index":"index","follow":"follow","max-snippet":"max-snippet:-1","max-image-preview":"max-image-preview:large","max-video-preview":"max-video-preview:-1"},"canonical":"https:\/\/uzyvape.com\/fr\/produit\/uzy-crystal-4-in-1-100000-puffs\/","og_locale":"fr_FR","og_type":"article","og_title":"UZY Crystal 4 in 1 100000 Puffs Rechargeable Disposable Vape","og_description":"Get 100,000 puffs and 4 switchable flavors with this UZY Crystal disposable vape. Rechargeable 650mAh battery, smart LED screen, mesh coils for smooth draws.","og_url":"https:\/\/uzyvape.com\/fr\/produit\/uzy-crystal-4-in-1-100000-puffs\/","og_site_name":"Uzy","article_modified_time":"2026-04-14T09:29:01+00:00","og_image":[{"width":1800,"height":1799,"url":"https:\/\/uzyvape.com\/wp-content\/uploads\/2026\/04\/upload-9ffad32452758ca8a63a372f2dcfd8ab.jpg","type":"image\/jpeg"}],"twitter_card":"summary_large_image","twitter_misc":{"Dur\u00e9e de lecture estim\u00e9e":"2 minutes"},"schema":{"@context":"https:\/\/schema.org","@graph":[{"@type":"WebPage","@id":"https:\/\/uzyvape.com\/product\/uzy-crystal-4-in-1-100000-puffs\/","url":"https:\/\/uzyvape.com\/product\/uzy-crystal-4-in-1-100000-puffs\/","name":"UZY Crystal 4 in 1 100000 Puffs Rechargeable Disposable Vape","isPartOf":{"@id":"https:\/\/uzyvape.com\/#website"},"primaryImageOfPage":{"@id":"https:\/\/uzyvape.com\/product\/uzy-crystal-4-in-1-100000-puffs\/#primaryimage"},"image":{"@id":"https:\/\/uzyvape.com\/product\/uzy-crystal-4-in-1-100000-puffs\/#primaryimage"},"thumbnailUrl":"https:\/\/uzyvape.com\/wp-content\/uploads\/2026\/04\/upload-9ffad32452758ca8a63a372f2dcfd8ab.jpg","datePublished":"2026-04-14T09:25:11+00:00","dateModified":"2026-04-14T09:29:01+00:00","description":"Get 100,000 puffs and 4 switchable flavors with this UZY Crystal disposable vape. Rechargeable 650mAh battery, smart LED screen, mesh coils for smooth draws.","breadcrumb":{"@id":"https:\/\/uzyvape.com\/product\/uzy-crystal-4-in-1-100000-puffs\/#breadcrumb"},"inLanguage":"fr-FR","potentialAction":[{"@type":"ReadAction","target":["https:\/\/uzyvape.com\/product\/uzy-crystal-4-in-1-100000-puffs\/"]}]},{"@type":"ImageObject","inLanguage":"fr-FR","@id":"https:\/\/uzyvape.com\/product\/uzy-crystal-4-in-1-100000-puffs\/#primaryimage","url":"https:\/\/uzyvape.com\/wp-content\/uploads\/2026\/04\/upload-9ffad32452758ca8a63a372f2dcfd8ab.jpg","contentUrl":"https:\/\/uzyvape.com\/wp-content\/uploads\/2026\/04\/upload-9ffad32452758ca8a63a372f2dcfd8ab.jpg","width":1800,"height":1799,"caption":"UZY Crystal 4 in 1 100000 Puffs Disposable Vape"},{"@type":"BreadcrumbList","@id":"https:\/\/uzyvape.com\/product\/uzy-crystal-4-in-1-100000-puffs\/#breadcrumb","itemListElement":[{"@type":"ListItem","position":1,"name":"Home","item":"https:\/\/uzyvape.com\/"},{"@type":"ListItem","position":2,"name":"Shop","item":"https:\/\/uzyvape.com\/shop\/"},{"@type":"ListItem","position":3,"name":"UZY Crystal 4 in 1 100000 Puffs Disposable Vape"}]},{"@type":"WebSite","@id":"https:\/\/uzyvape.com\/#website","url":"https:\/\/uzyvape.com\/","name":"Uzy","description":"Site officiel, vente de Uzy Disposable Vape, source usine","publisher":{"@id":"https:\/\/uzyvape.com\/#organization"},"potentialAction":[{"@type":"SearchAction","target":{"@type":"EntryPoint","urlTemplate":"https:\/\/uzyvape.com\/?s={search_term_string}"},"query-input":{"@type":"PropertyValueSpecification","valueRequired":true,"valueName":"search_term_string"}}],"inLanguage":"fr-FR"},{"@type":"Organization","@id":"https:\/\/uzyvape.com\/#organization","name":"Uzy","url":"https:\/\/uzyvape.com\/","logo":{"@type":"ImageObject","inLanguage":"fr-FR","@id":"https:\/\/uzyvape.com\/#\/schema\/logo\/image\/","url":"https:\/\/uzyvape.com\/wp-content\/uploads\/2022\/10\/UZY_LOGO.png","contentUrl":"https:\/\/uzyvape.com\/wp-content\/uploads\/2022\/10\/UZY_LOGO.png","width":825,"height":302,"caption":"Uzy"},"image":{"@id":"https:\/\/uzyvape.com\/#\/schema\/logo\/image\/"}}]}},"_links":{"self":[{"href":"https:\/\/uzyvape.com\/fr\/wp-json\/wp\/v2\/product\/2268","targetHints":{"allow":["GET"]}}],"collection":[{"href":"https:\/\/uzyvape.com\/fr\/wp-json\/wp\/v2\/product"}],"about":[{"href":"https:\/\/uzyvape.com\/fr\/wp-json\/wp\/v2\/types\/product"}],"replies":[{"embeddable":true,"href":"https:\/\/uzyvape.com\/fr\/wp-json\/wp\/v2\/comments?post=2268"}],"wp:featuredmedia":[{"embeddable":true,"href":"https:\/\/uzyvape.com\/fr\/wp-json\/wp\/v2\/media\/2257"}],"wp:attachment":[{"href":"https:\/\/uzyvape.com\/fr\/wp-json\/wp\/v2\/media?parent=2268"}],"wp:term":[{"taxonomy":"product_brand","embeddable":true,"href":"https:\/\/uzyvape.com\/fr\/wp-json\/wp\/v2\/product_brand?post=2268"},{"taxonomy":"product_cat","embeddable":true,"href":"https:\/\/uzyvape.com\/fr\/wp-json\/wp\/v2\/product_cat?post=2268"},{"taxonomy":"product_tag","embeddable":true,"href":"https:\/\/uzyvape.com\/fr\/wp-json\/wp\/v2\/product_tag?post=2268"}],"curies":[{"name":"wp","href":"https:\/\/api.w.org\/{rel}","templated":true}]}}