{"id":1268,"date":"2025-05-15T11:53:55","date_gmt":"2025-05-15T11:53:55","guid":{"rendered":"https:\/\/uzyvape.com\/?page_id=1268"},"modified":"2025-05-15T11:53:55","modified_gmt":"2025-05-15T11:53:55","slug":"customs-issues","status":"publish","type":"page","link":"https:\/\/uzyvape.com\/fr\/customs-issues\/","title":{"rendered":"Questions douani\u00e8res"},"content":{"rendered":"<p>Chez UZY, nous nous engageons \u00e0 assurer une exp\u00e9rience d'achat sans faille \u00e0 nos clients dans le monde entier. En tant que site officiel des vapes jetables UZY, nous exp\u00e9dions nos produits dans le monde entier avec soin et efficacit\u00e9. Cependant, les exp\u00e9ditions internationales peuvent occasionnellement faire l'objet de retards ou d'inspections li\u00e9es aux douanes, ce qui est ind\u00e9pendant de notre volont\u00e9.<\/p>\n<p>Dans le cas rare o\u00f9 votre commande serait retenue ou saisie par les douanes, soyez assur\u00e9 que nous sommes l\u00e0 pour vous couvrir. Nous vous proposerons rapidement de r\u00e9exp\u00e9dier votre commande ou de vous rembourser int\u00e9gralement, selon votre pr\u00e9f\u00e9rence. Bien que de tels incidents soient rares, nous accordons la priorit\u00e9 \u00e0 votre satisfaction et \u00e0 votre tranquillit\u00e9 d'esprit.<\/p>\n<p>Si vous avez des questions ou des inqui\u00e9tudes concernant votre commande, n'h\u00e9sitez pas \u00e0 nous contacter \u00e0 l'adresse suivante\u00a0<a href=\"mailto:info@uzyvape.com\">info@uzyvape.com<\/a>. Notre \u00e9quipe est l\u00e0 pour vous aider \u00e0 chaque \u00e9tape !<\/p>","protected":false},"excerpt":{"rendered":"<p>At UZY, we are committed to ensuring a seamless shopping experience for our customers worldwide. As the official website for UZY disposable vapes, we ship our products globally with care and efficiency. However, international shipments may occasionally face customs-related delays or inspections, which are beyond our control. In the rare event that your order is [&hellip;]<\/p>","protected":false},"author":1,"featured_media":0,"parent":0,"menu_order":0,"comment_status":"closed","ping_status":"closed","template":"","meta":{"_sitemap_exclude":false,"_sitemap_priority":"","_sitemap_frequency":"","footnotes":""},"class_list":["post-1268","page","type-page","status-publish","hentry"],"yoast_head":"<!-- This site is optimized with the Yoast SEO plugin v25.6 - https:\/\/yoast.com\/wordpress\/plugins\/seo\/ -->\n<title>Customs Issues - Uzy<\/title>\n<meta name=\"robots\" content=\"index, follow, max-snippet:-1, max-image-preview:large, max-video-preview:-1\" \/>\n<link rel=\"canonical\" href=\"https:\/\/uzyvape.com\/fr\/customs-issues\/\" \/>\n<meta property=\"og:locale\" content=\"fr_FR\" \/>\n<meta property=\"og:type\" content=\"article\" \/>\n<meta property=\"og:title\" content=\"Customs Issues - Uzy\" \/>\n<meta property=\"og:description\" content=\"At UZY, we are committed to ensuring a seamless shopping experience for our customers worldwide. As the official website for UZY disposable vapes, we ship our products globally with care and efficiency. However, international shipments may occasionally face customs-related delays or inspections, which are beyond our control. In the rare event that your order is [&hellip;]\" \/>\n<meta property=\"og:url\" content=\"https:\/\/uzyvape.com\/fr\/customs-issues\/\" \/>\n<meta property=\"og:site_name\" content=\"Uzy\" \/>\n<meta name=\"twitter:card\" content=\"summary_large_image\" \/>\n<meta name=\"twitter:label1\" content=\"Dur\u00e9e de lecture estim\u00e9e\" \/>\n\t<meta name=\"twitter:data1\" content=\"1 minute\" \/>\n<script type=\"application\/ld+json\" class=\"yoast-schema-graph\">{\"@context\":\"https:\/\/schema.org\",\"@graph\":[{\"@type\":\"WebPage\",\"@id\":\"https:\/\/uzyvape.com\/customs-issues\/\",\"url\":\"https:\/\/uzyvape.com\/customs-issues\/\",\"name\":\"Customs Issues - Uzy\",\"isPartOf\":{\"@id\":\"https:\/\/uzyvape.com\/#website\"},\"datePublished\":\"2025-05-15T11:53:55+00:00\",\"breadcrumb\":{\"@id\":\"https:\/\/uzyvape.com\/customs-issues\/#breadcrumb\"},\"inLanguage\":\"fr-FR\",\"potentialAction\":[{\"@type\":\"ReadAction\",\"target\":[\"https:\/\/uzyvape.com\/customs-issues\/\"]}]},{\"@type\":\"BreadcrumbList\",\"@id\":\"https:\/\/uzyvape.com\/customs-issues\/#breadcrumb\",\"itemListElement\":[{\"@type\":\"ListItem\",\"position\":1,\"name\":\"Home\",\"item\":\"https:\/\/uzyvape.com\/\"},{\"@type\":\"ListItem\",\"position\":2,\"name\":\"Customs Issues\"}]},{\"@type\":\"WebSite\",\"@id\":\"https:\/\/uzyvape.com\/#website\",\"url\":\"https:\/\/uzyvape.com\/\",\"name\":\"Uzy\",\"description\":\"Official website, selling Uzy Disposable Vape, source factory\",\"publisher\":{\"@id\":\"https:\/\/uzyvape.com\/#organization\"},\"potentialAction\":[{\"@type\":\"SearchAction\",\"target\":{\"@type\":\"EntryPoint\",\"urlTemplate\":\"https:\/\/uzyvape.com\/?s={search_term_string}\"},\"query-input\":{\"@type\":\"PropertyValueSpecification\",\"valueRequired\":true,\"valueName\":\"search_term_string\"}}],\"inLanguage\":\"fr-FR\"},{\"@type\":\"Organization\",\"@id\":\"https:\/\/uzyvape.com\/#organization\",\"name\":\"Uzy\",\"url\":\"https:\/\/uzyvape.com\/\",\"logo\":{\"@type\":\"ImageObject\",\"inLanguage\":\"fr-FR\",\"@id\":\"https:\/\/uzyvape.com\/#\/schema\/logo\/image\/\",\"url\":\"https:\/\/uzyvape.com\/wp-content\/uploads\/2022\/10\/UZY_LOGO.png\",\"contentUrl\":\"https:\/\/uzyvape.com\/wp-content\/uploads\/2022\/10\/UZY_LOGO.png\",\"width\":825,\"height\":302,\"caption\":\"Uzy\"},\"image\":{\"@id\":\"https:\/\/uzyvape.com\/#\/schema\/logo\/image\/\"}}]}<\/script>\n<!-- \/ Yoast SEO plugin. -->","yoast_head_json":{"title":"Customs Issues - Uzy","robots":{"index":"index","follow":"follow","max-snippet":"max-snippet:-1","max-image-preview":"max-image-preview:large","max-video-preview":"max-video-preview:-1"},"canonical":"https:\/\/uzyvape.com\/fr\/customs-issues\/","og_locale":"fr_FR","og_type":"article","og_title":"Customs Issues - Uzy","og_description":"At UZY, we are committed to ensuring a seamless shopping experience for our customers worldwide. As the official website for UZY disposable vapes, we ship our products globally with care and efficiency. However, international shipments may occasionally face customs-related delays or inspections, which are beyond our control. In the rare event that your order is [&hellip;]","og_url":"https:\/\/uzyvape.com\/fr\/customs-issues\/","og_site_name":"Uzy","twitter_card":"summary_large_image","twitter_misc":{"Dur\u00e9e de lecture estim\u00e9e":"1 minute"},"schema":{"@context":"https:\/\/schema.org","@graph":[{"@type":"WebPage","@id":"https:\/\/uzyvape.com\/customs-issues\/","url":"https:\/\/uzyvape.com\/customs-issues\/","name":"Customs Issues - Uzy","isPartOf":{"@id":"https:\/\/uzyvape.com\/#website"},"datePublished":"2025-05-15T11:53:55+00:00","breadcrumb":{"@id":"https:\/\/uzyvape.com\/customs-issues\/#breadcrumb"},"inLanguage":"fr-FR","potentialAction":[{"@type":"ReadAction","target":["https:\/\/uzyvape.com\/customs-issues\/"]}]},{"@type":"BreadcrumbList","@id":"https:\/\/uzyvape.com\/customs-issues\/#breadcrumb","itemListElement":[{"@type":"ListItem","position":1,"name":"Home","item":"https:\/\/uzyvape.com\/"},{"@type":"ListItem","position":2,"name":"Customs Issues"}]},{"@type":"WebSite","@id":"https:\/\/uzyvape.com\/#website","url":"https:\/\/uzyvape.com\/","name":"Uzy","description":"Site officiel, vente de Uzy Disposable Vape, source usine","publisher":{"@id":"https:\/\/uzyvape.com\/#organization"},"potentialAction":[{"@type":"SearchAction","target":{"@type":"EntryPoint","urlTemplate":"https:\/\/uzyvape.com\/?s={search_term_string}"},"query-input":{"@type":"PropertyValueSpecification","valueRequired":true,"valueName":"search_term_string"}}],"inLanguage":"fr-FR"},{"@type":"Organization","@id":"https:\/\/uzyvape.com\/#organization","name":"Uzy","url":"https:\/\/uzyvape.com\/","logo":{"@type":"ImageObject","inLanguage":"fr-FR","@id":"https:\/\/uzyvape.com\/#\/schema\/logo\/image\/","url":"https:\/\/uzyvape.com\/wp-content\/uploads\/2022\/10\/UZY_LOGO.png","contentUrl":"https:\/\/uzyvape.com\/wp-content\/uploads\/2022\/10\/UZY_LOGO.png","width":825,"height":302,"caption":"Uzy"},"image":{"@id":"https:\/\/uzyvape.com\/#\/schema\/logo\/image\/"}}]}},"_links":{"self":[{"href":"https:\/\/uzyvape.com\/fr\/wp-json\/wp\/v2\/pages\/1268","targetHints":{"allow":["GET"]}}],"collection":[{"href":"https:\/\/uzyvape.com\/fr\/wp-json\/wp\/v2\/pages"}],"about":[{"href":"https:\/\/uzyvape.com\/fr\/wp-json\/wp\/v2\/types\/page"}],"author":[{"embeddable":true,"href":"https:\/\/uzyvape.com\/fr\/wp-json\/wp\/v2\/users\/1"}],"replies":[{"embeddable":true,"href":"https:\/\/uzyvape.com\/fr\/wp-json\/wp\/v2\/comments?post=1268"}],"version-history":[{"count":0,"href":"https:\/\/uzyvape.com\/fr\/wp-json\/wp\/v2\/pages\/1268\/revisions"}],"wp:attachment":[{"href":"https:\/\/uzyvape.com\/fr\/wp-json\/wp\/v2\/media?parent=1268"}],"curies":[{"name":"wp","href":"https:\/\/api.w.org\/{rel}","templated":true}]}}