{"id":1266,"date":"2025-05-15T11:52:32","date_gmt":"2025-05-15T11:52:32","guid":{"rendered":"https:\/\/uzyvape.com\/?page_id=1266"},"modified":"2025-05-15T11:52:32","modified_gmt":"2025-05-15T11:52:32","slug":"about-us","status":"publish","type":"page","link":"https:\/\/uzyvape.com\/fr\/about-us\/","title":{"rendered":"\u00c0 propos de nous"},"content":{"rendered":"<p>Bienvenue chez UZY, la maison officielle des vapes jetables haut de gamme. Chez UZY, nous nous engageons \u00e0 fournir des produits de vapotage innovants et de haute qualit\u00e9 qui am\u00e9liorent votre exp\u00e9rience.<\/p>\n<p>Fond\u00e9e sous le nom de Hong Kong UZY Vape Technology Co., Limited, notre soci\u00e9t\u00e9 a son si\u00e8ge \u00e0 Hong Kong, en Chine. Avec une \u00e9quipe passionn\u00e9e de plus de 200 professionnels, nous combinons expertise, cr\u00e9ativit\u00e9 et technologie de pointe pour red\u00e9finir l'industrie du vapotage. Nos installations de recherche et de fabrication ultramodernes, dont nous sommes propri\u00e9taires, garantissent que chaque produit UZY r\u00e9pond aux normes les plus strictes en mati\u00e8re de qualit\u00e9, de s\u00e9curit\u00e9 et de performance.<\/p>\n<p>En tant que marque de confiance, nous nous engageons \u00e0 fournir un service client exceptionnel et des produits qui trouvent un \u00e9cho aupr\u00e8s de notre communaut\u00e9 mondiale. Que vous soyez novice en mati\u00e8re de vapotage ou un enthousiaste chevronn\u00e9, UZY est l\u00e0 pour vous offrir une exp\u00e9rience fluide et satisfaisante.<\/p>\n<p>Vous avez des questions ou vous souhaitez entrer en contact ? Contactez-nous \u00e0 l'adresse suivante\u00a0<a href=\"mailto:info@uzyvape.com\">info@uzyvape.com<\/a>. Rejoignez-nous pour fa\u00e7onner l'avenir de la vape !<\/p>","protected":false},"excerpt":{"rendered":"<p>Welcome to UZY, the official home of premium disposable vapes. At UZY, we are dedicated to delivering innovative, high-quality vaping products that elevate your experience. Founded as Hong Kong UZY Vape Technology Co., Limited, our company is headquartered in Hong Kong, China. With a passionate team of over 200 professionals, we combine expertise, creativity, and [&hellip;]<\/p>","protected":false},"author":1,"featured_media":0,"parent":0,"menu_order":0,"comment_status":"closed","ping_status":"closed","template":"","meta":{"_sitemap_exclude":false,"_sitemap_priority":"","_sitemap_frequency":"","footnotes":""},"class_list":["post-1266","page","type-page","status-publish","hentry"],"yoast_head":"<!-- This site is optimized with the Yoast SEO plugin v25.6 - https:\/\/yoast.com\/wordpress\/plugins\/seo\/ -->\n<title>About Us - Uzy<\/title>\n<meta name=\"robots\" content=\"index, follow, max-snippet:-1, max-image-preview:large, max-video-preview:-1\" \/>\n<link rel=\"canonical\" href=\"https:\/\/uzyvape.com\/fr\/about-us\/\" \/>\n<meta property=\"og:locale\" content=\"fr_FR\" \/>\n<meta property=\"og:type\" content=\"article\" \/>\n<meta property=\"og:title\" content=\"About Us - Uzy\" \/>\n<meta property=\"og:description\" content=\"Welcome to UZY, the official home of premium disposable vapes. At UZY, we are dedicated to delivering innovative, high-quality vaping products that elevate your experience. Founded as Hong Kong UZY Vape Technology Co., Limited, our company is headquartered in Hong Kong, China. With a passionate team of over 200 professionals, we combine expertise, creativity, and [&hellip;]\" \/>\n<meta property=\"og:url\" content=\"https:\/\/uzyvape.com\/fr\/about-us\/\" \/>\n<meta property=\"og:site_name\" content=\"Uzy\" \/>\n<meta name=\"twitter:card\" content=\"summary_large_image\" \/>\n<meta name=\"twitter:label1\" content=\"Dur\u00e9e de lecture estim\u00e9e\" \/>\n\t<meta name=\"twitter:data1\" content=\"1 minute\" \/>\n<script type=\"application\/ld+json\" class=\"yoast-schema-graph\">{\"@context\":\"https:\/\/schema.org\",\"@graph\":[{\"@type\":\"WebPage\",\"@id\":\"https:\/\/uzyvape.com\/about-us\/\",\"url\":\"https:\/\/uzyvape.com\/about-us\/\",\"name\":\"About Us - Uzy\",\"isPartOf\":{\"@id\":\"https:\/\/uzyvape.com\/#website\"},\"datePublished\":\"2025-05-15T11:52:32+00:00\",\"breadcrumb\":{\"@id\":\"https:\/\/uzyvape.com\/about-us\/#breadcrumb\"},\"inLanguage\":\"fr-FR\",\"potentialAction\":[{\"@type\":\"ReadAction\",\"target\":[\"https:\/\/uzyvape.com\/about-us\/\"]}]},{\"@type\":\"BreadcrumbList\",\"@id\":\"https:\/\/uzyvape.com\/about-us\/#breadcrumb\",\"itemListElement\":[{\"@type\":\"ListItem\",\"position\":1,\"name\":\"Home\",\"item\":\"https:\/\/uzyvape.com\/\"},{\"@type\":\"ListItem\",\"position\":2,\"name\":\"About Us\"}]},{\"@type\":\"WebSite\",\"@id\":\"https:\/\/uzyvape.com\/#website\",\"url\":\"https:\/\/uzyvape.com\/\",\"name\":\"Uzy\",\"description\":\"Official website, selling Uzy Disposable Vape, source factory\",\"publisher\":{\"@id\":\"https:\/\/uzyvape.com\/#organization\"},\"potentialAction\":[{\"@type\":\"SearchAction\",\"target\":{\"@type\":\"EntryPoint\",\"urlTemplate\":\"https:\/\/uzyvape.com\/?s={search_term_string}\"},\"query-input\":{\"@type\":\"PropertyValueSpecification\",\"valueRequired\":true,\"valueName\":\"search_term_string\"}}],\"inLanguage\":\"fr-FR\"},{\"@type\":\"Organization\",\"@id\":\"https:\/\/uzyvape.com\/#organization\",\"name\":\"Uzy\",\"url\":\"https:\/\/uzyvape.com\/\",\"logo\":{\"@type\":\"ImageObject\",\"inLanguage\":\"fr-FR\",\"@id\":\"https:\/\/uzyvape.com\/#\/schema\/logo\/image\/\",\"url\":\"https:\/\/uzyvape.com\/wp-content\/uploads\/2022\/10\/UZY_LOGO.png\",\"contentUrl\":\"https:\/\/uzyvape.com\/wp-content\/uploads\/2022\/10\/UZY_LOGO.png\",\"width\":825,\"height\":302,\"caption\":\"Uzy\"},\"image\":{\"@id\":\"https:\/\/uzyvape.com\/#\/schema\/logo\/image\/\"}}]}<\/script>\n<!-- \/ Yoast SEO plugin. -->","yoast_head_json":{"title":"About Us - Uzy","robots":{"index":"index","follow":"follow","max-snippet":"max-snippet:-1","max-image-preview":"max-image-preview:large","max-video-preview":"max-video-preview:-1"},"canonical":"https:\/\/uzyvape.com\/fr\/about-us\/","og_locale":"fr_FR","og_type":"article","og_title":"About Us - Uzy","og_description":"Welcome to UZY, the official home of premium disposable vapes. At UZY, we are dedicated to delivering innovative, high-quality vaping products that elevate your experience. Founded as Hong Kong UZY Vape Technology Co., Limited, our company is headquartered in Hong Kong, China. With a passionate team of over 200 professionals, we combine expertise, creativity, and [&hellip;]","og_url":"https:\/\/uzyvape.com\/fr\/about-us\/","og_site_name":"Uzy","twitter_card":"summary_large_image","twitter_misc":{"Dur\u00e9e de lecture estim\u00e9e":"1 minute"},"schema":{"@context":"https:\/\/schema.org","@graph":[{"@type":"WebPage","@id":"https:\/\/uzyvape.com\/about-us\/","url":"https:\/\/uzyvape.com\/about-us\/","name":"About Us - Uzy","isPartOf":{"@id":"https:\/\/uzyvape.com\/#website"},"datePublished":"2025-05-15T11:52:32+00:00","breadcrumb":{"@id":"https:\/\/uzyvape.com\/about-us\/#breadcrumb"},"inLanguage":"fr-FR","potentialAction":[{"@type":"ReadAction","target":["https:\/\/uzyvape.com\/about-us\/"]}]},{"@type":"BreadcrumbList","@id":"https:\/\/uzyvape.com\/about-us\/#breadcrumb","itemListElement":[{"@type":"ListItem","position":1,"name":"Home","item":"https:\/\/uzyvape.com\/"},{"@type":"ListItem","position":2,"name":"About Us"}]},{"@type":"WebSite","@id":"https:\/\/uzyvape.com\/#website","url":"https:\/\/uzyvape.com\/","name":"Uzy","description":"Site officiel, vente de Uzy Disposable Vape, source usine","publisher":{"@id":"https:\/\/uzyvape.com\/#organization"},"potentialAction":[{"@type":"SearchAction","target":{"@type":"EntryPoint","urlTemplate":"https:\/\/uzyvape.com\/?s={search_term_string}"},"query-input":{"@type":"PropertyValueSpecification","valueRequired":true,"valueName":"search_term_string"}}],"inLanguage":"fr-FR"},{"@type":"Organization","@id":"https:\/\/uzyvape.com\/#organization","name":"Uzy","url":"https:\/\/uzyvape.com\/","logo":{"@type":"ImageObject","inLanguage":"fr-FR","@id":"https:\/\/uzyvape.com\/#\/schema\/logo\/image\/","url":"https:\/\/uzyvape.com\/wp-content\/uploads\/2022\/10\/UZY_LOGO.png","contentUrl":"https:\/\/uzyvape.com\/wp-content\/uploads\/2022\/10\/UZY_LOGO.png","width":825,"height":302,"caption":"Uzy"},"image":{"@id":"https:\/\/uzyvape.com\/#\/schema\/logo\/image\/"}}]}},"_links":{"self":[{"href":"https:\/\/uzyvape.com\/fr\/wp-json\/wp\/v2\/pages\/1266","targetHints":{"allow":["GET"]}}],"collection":[{"href":"https:\/\/uzyvape.com\/fr\/wp-json\/wp\/v2\/pages"}],"about":[{"href":"https:\/\/uzyvape.com\/fr\/wp-json\/wp\/v2\/types\/page"}],"author":[{"embeddable":true,"href":"https:\/\/uzyvape.com\/fr\/wp-json\/wp\/v2\/users\/1"}],"replies":[{"embeddable":true,"href":"https:\/\/uzyvape.com\/fr\/wp-json\/wp\/v2\/comments?post=1266"}],"version-history":[{"count":0,"href":"https:\/\/uzyvape.com\/fr\/wp-json\/wp\/v2\/pages\/1266\/revisions"}],"wp:attachment":[{"href":"https:\/\/uzyvape.com\/fr\/wp-json\/wp\/v2\/media?parent=1266"}],"curies":[{"name":"wp","href":"https:\/\/api.w.org\/{rel}","templated":true}]}}