{"id":1262,"date":"2025-05-15T11:48:46","date_gmt":"2025-05-15T11:48:46","guid":{"rendered":"https:\/\/uzyvape.com\/?page_id=1262"},"modified":"2025-05-15T11:48:46","modified_gmt":"2025-05-15T11:48:46","slug":"privacy-policy","status":"publish","type":"page","link":"https:\/\/uzyvape.com\/fr\/privacy-policy\/","title":{"rendered":"Politique de confidentialit\u00e9"},"content":{"rendered":"<h2>Politique de confidentialit\u00e9<\/h2>\n<p>Derni\u00e8re mise \u00e0 jour : 15 mai 2025<\/p>\n<p>UZY (\"nous\", \"notre\" ou \"nos\") s'engage \u00e0 prot\u00e9ger votre vie priv\u00e9e. La pr\u00e9sente politique de confidentialit\u00e9 explique comment nous recueillons, utilisons, divulguons et prot\u00e9geons vos informations personnelles lorsque vous visitez notre site web, <a href=\"https:\/\/uzyvape.com\/fr\/\">uzyvape.com<\/a>ou interagir avec nous. En utilisant notre site web, vous acceptez les pratiques d\u00e9crites dans cette politique.<\/p>\n<h2>1. Les informations que nous collectons<\/h2>\n<p>Nous pouvons collecter les types d'informations suivants :<\/p>\n<ul>\n<li><strong>Informations personnelles :<\/strong>\u00a0Lorsque vous effectuez un achat, cr\u00e9ez un compte ou nous contactez, nous pouvons recueillir votre nom, votre adresse \u00e9lectronique, votre num\u00e9ro de t\u00e9l\u00e9phone, votre adresse de facturation, votre adresse de livraison et vos informations de paiement.<\/li>\n<li><strong>Informations non personnelles :<\/strong>\u00a0Nous recueillons des donn\u00e9es sur vos interactions avec notre site web, telles que votre adresse IP, votre type de navigateur, des informations sur votre appareil, les pages visit\u00e9es et le temps pass\u00e9 sur notre site.<\/li>\n<li><strong>Cookies et technologies de suivi :<\/strong>\u00a0Nous utilisons des cookies, des balises web et des technologies similaires pour am\u00e9liorer votre exp\u00e9rience, analyser l'utilisation du site et fournir un contenu personnalis\u00e9. Vous pouvez g\u00e9rer vos pr\u00e9f\u00e9rences en mati\u00e8re de cookies par le biais des param\u00e8tres de votre navigateur.<\/li>\n<\/ul>\n<h2>2. Comment nous utilisons vos informations<\/h2>\n<p>Nous utilisons vos informations pour :<\/p>\n<ul>\n<li>Traiter et ex\u00e9cuter vos commandes, y compris l'exp\u00e9dition et le traitement des paiements.<\/li>\n<li>Communiquer avec vous au sujet de votre compte, de vos commandes ou de vos demandes de service \u00e0 la client\u00e8le.<\/li>\n<li>Am\u00e9liorer notre site web, nos produits et nos services en fonction des r\u00e9actions des utilisateurs et des analyses.<\/li>\n<li>vous envoyer des courriels promotionnels ou des bulletins d'information sur les produits UZY, si vous avez choisi de le faire (vous pouvez vous d\u00e9sinscrire \u00e0 tout moment).<\/li>\n<li>Respecter les obligations l\u00e9gales et se prot\u00e9ger contre les activit\u00e9s frauduleuses.<\/li>\n<\/ul>\n<h2>3. Comment nous partageons vos informations<\/h2>\n<p>Nous ne vendons ni ne louons vos informations personnelles \u00e0 des tiers. Nous pouvons partager vos informations avec<\/p>\n<ul>\n<li><strong>Fournisseurs de services :<\/strong>\u00a0Des tiers de confiance qui nous assistent dans le traitement des paiements, l'exp\u00e9dition, l'h\u00e9bergement du site web ou le marketing, dans le cadre d'accords de confidentialit\u00e9 stricts.<\/li>\n<li><strong>Autorit\u00e9s l\u00e9gales :<\/strong>\u00a0lorsque la loi l'exige, par exemple en r\u00e9ponse \u00e0 une citation \u00e0 compara\u00eetre ou \u00e0 une d\u00e9cision de justice, ou pour prot\u00e9ger nos droits, notre s\u00e9curit\u00e9 ou nos biens.<\/li>\n<li><strong>Transferts d'entreprise :<\/strong>\u00a0En cas de fusion, d'acquisition ou de vente d'actifs, vos informations peuvent \u00eatre transf\u00e9r\u00e9es \u00e0 l'entit\u00e9 acqu\u00e9reuse.<\/li>\n<\/ul>\n<h2>4. Vos choix et vos droits<\/h2>\n<p>Vous disposez des droits suivants concernant vos informations personnelles :<\/p>\n<ul>\n<li><strong>Acc\u00e8s et mise \u00e0 jour :<\/strong>\u00a0Vous pouvez consulter et mettre \u00e0 jour les informations relatives \u00e0 votre compte en vous connectant \u00e0 votre compte ou en nous contactant.<\/li>\n<li><strong>Opt-Out :<\/strong>\u00a0Vous pouvez vous d\u00e9sabonner des courriels de marketing en cliquant sur le lien \"se d\u00e9sabonner\" dans nos courriels ou en nous contactant.<\/li>\n<li><strong>Cookies :<\/strong>\u00a0Vous pouvez d\u00e9sactiver les cookies par le biais des param\u00e8tres de votre navigateur, mais cela peut affecter votre exp\u00e9rience sur notre site web.<\/li>\n<li><strong>Demandes de donn\u00e9es :<\/strong>\u00a0En fonction de votre juridiction, vous pouvez avoir le droit de demander l'acc\u00e8s, la correction, la suppression ou la restriction de vos donn\u00e9es personnelles. Contactez-nous pour exercer ces droits.<\/li>\n<\/ul>\n<h2>5. S\u00e9curit\u00e9 des donn\u00e9es<\/h2>\n<p>Nous mettons en \u0153uvre des mesures de s\u00e9curit\u00e9 conformes aux normes industrielles, telles que le cryptage et les serveurs s\u00e9curis\u00e9s, afin de prot\u00e9ger vos informations personnelles. Cependant, aucune plateforme en ligne ne peut garantir une s\u00e9curit\u00e9 absolue et vous partagez vos informations \u00e0 vos propres risques.<\/p>\n<h2>6. Transferts internationaux de donn\u00e9es<\/h2>\n<p>En tant qu'entreprise internationale, vos informations peuvent \u00eatre transf\u00e9r\u00e9es et trait\u00e9es dans des pays autres que le v\u00f4tre, y compris les \u00c9tats-Unis. Nous veillons \u00e0 ce que des garanties appropri\u00e9es soient mises en place pour prot\u00e9ger vos donn\u00e9es conform\u00e9ment aux lois applicables.<\/p>\n<h2>7. Vie priv\u00e9e des enfants<\/h2>\n<p>Notre site web n'est pas destin\u00e9 aux personnes \u00e2g\u00e9es de moins de 21 ans. Nous ne recueillons pas sciemment d'informations personnelles aupr\u00e8s de mineurs. Si nous apprenons que nous avons recueilli de telles informations, nous les supprimerons rapidement.<\/p>\n<h2>8. Liens avec des tiers<\/h2>\n<p>Notre site web peut contenir des liens vers des sites de tiers. Nous ne sommes pas responsables des pratiques en mati\u00e8re de protection de la vie priv\u00e9e ou du contenu de ces sites. Nous vous encourageons \u00e0 consulter leurs politiques de confidentialit\u00e9.<\/p>\n<h2>9. Modifications de la pr\u00e9sente politique de protection de la vie priv\u00e9e<\/h2>\n<p>Nous pouvons mettre \u00e0 jour cette politique de confidentialit\u00e9 de temps \u00e0 autre pour refl\u00e9ter les changements dans nos pratiques ou les exigences l\u00e9gales. La politique mise \u00e0 jour sera publi\u00e9e sur notre site web avec la date de la \"derni\u00e8re mise \u00e0 jour\". Nous vous encourageons \u00e0 la consulter r\u00e9guli\u00e8rement.<\/p>\n<div class=\"contact\">\n<h2>10. Nous contacter<\/h2>\n<p>Si vous avez des questions ou des pr\u00e9occupations concernant la pr\u00e9sente politique de confidentialit\u00e9 ou nos pratiques en mati\u00e8re de donn\u00e9es, veuillez nous contacter \u00e0 l'adresse suivante<\/p>\n<p>Courriel :\u00a0<a href=\"mailto:info@uzyvape.com\">info@uzyvape.com<\/a><\/p>\n<p>Nous r\u00e9pondrons \u00e0 vos demandes dans les meilleurs d\u00e9lais.<\/p>\n<\/div>","protected":false},"excerpt":{"rendered":"<p>Privacy Policy Last Updated: May 15, 2025 At UZY (&#8220;we,&#8221; &#8220;us,&#8221; or &#8220;our&#8221;), we are committed to protecting your privacy. This Privacy Policy explains how we collect, use, disclose, and safeguard your personal information when you visit our website, uzyvape.com, or interact with us. By using our website, you agree to the practices described in [&hellip;]<\/p>","protected":false},"author":1,"featured_media":0,"parent":0,"menu_order":0,"comment_status":"closed","ping_status":"closed","template":"","meta":{"_sitemap_exclude":false,"_sitemap_priority":"","_sitemap_frequency":"","footnotes":""},"class_list":["post-1262","page","type-page","status-publish","hentry"],"yoast_head":"<!-- This site is optimized with the Yoast SEO plugin v25.6 - https:\/\/yoast.com\/wordpress\/plugins\/seo\/ -->\n<title>Privacy Policy - Uzy<\/title>\n<meta name=\"robots\" content=\"index, follow, max-snippet:-1, max-image-preview:large, max-video-preview:-1\" \/>\n<link rel=\"canonical\" href=\"https:\/\/uzyvape.com\/fr\/privacy-policy\/\" \/>\n<meta property=\"og:locale\" content=\"fr_FR\" \/>\n<meta property=\"og:type\" content=\"article\" \/>\n<meta property=\"og:title\" content=\"Privacy Policy - Uzy\" \/>\n<meta property=\"og:description\" content=\"Privacy Policy Last Updated: May 15, 2025 At UZY (&#8220;we,&#8221; &#8220;us,&#8221; or &#8220;our&#8221;), we are committed to protecting your privacy. This Privacy Policy explains how we collect, use, disclose, and safeguard your personal information when you visit our website, uzyvape.com, or interact with us. By using our website, you agree to the practices described in [&hellip;]\" \/>\n<meta property=\"og:url\" content=\"https:\/\/uzyvape.com\/fr\/privacy-policy\/\" \/>\n<meta property=\"og:site_name\" content=\"Uzy\" \/>\n<meta name=\"twitter:card\" content=\"summary_large_image\" \/>\n<meta name=\"twitter:label1\" content=\"Dur\u00e9e de lecture estim\u00e9e\" \/>\n\t<meta name=\"twitter:data1\" content=\"3 minutes\" \/>\n<script type=\"application\/ld+json\" class=\"yoast-schema-graph\">{\"@context\":\"https:\/\/schema.org\",\"@graph\":[{\"@type\":\"WebPage\",\"@id\":\"https:\/\/uzyvape.com\/privacy-policy\/\",\"url\":\"https:\/\/uzyvape.com\/privacy-policy\/\",\"name\":\"Privacy Policy - Uzy\",\"isPartOf\":{\"@id\":\"https:\/\/uzyvape.com\/#website\"},\"datePublished\":\"2025-05-15T11:48:46+00:00\",\"breadcrumb\":{\"@id\":\"https:\/\/uzyvape.com\/privacy-policy\/#breadcrumb\"},\"inLanguage\":\"fr-FR\",\"potentialAction\":[{\"@type\":\"ReadAction\",\"target\":[\"https:\/\/uzyvape.com\/privacy-policy\/\"]}]},{\"@type\":\"BreadcrumbList\",\"@id\":\"https:\/\/uzyvape.com\/privacy-policy\/#breadcrumb\",\"itemListElement\":[{\"@type\":\"ListItem\",\"position\":1,\"name\":\"Home\",\"item\":\"https:\/\/uzyvape.com\/\"},{\"@type\":\"ListItem\",\"position\":2,\"name\":\"Privacy Policy\"}]},{\"@type\":\"WebSite\",\"@id\":\"https:\/\/uzyvape.com\/#website\",\"url\":\"https:\/\/uzyvape.com\/\",\"name\":\"Uzy\",\"description\":\"Official website, selling Uzy Disposable Vape, source factory\",\"publisher\":{\"@id\":\"https:\/\/uzyvape.com\/#organization\"},\"potentialAction\":[{\"@type\":\"SearchAction\",\"target\":{\"@type\":\"EntryPoint\",\"urlTemplate\":\"https:\/\/uzyvape.com\/?s={search_term_string}\"},\"query-input\":{\"@type\":\"PropertyValueSpecification\",\"valueRequired\":true,\"valueName\":\"search_term_string\"}}],\"inLanguage\":\"fr-FR\"},{\"@type\":\"Organization\",\"@id\":\"https:\/\/uzyvape.com\/#organization\",\"name\":\"Uzy\",\"url\":\"https:\/\/uzyvape.com\/\",\"logo\":{\"@type\":\"ImageObject\",\"inLanguage\":\"fr-FR\",\"@id\":\"https:\/\/uzyvape.com\/#\/schema\/logo\/image\/\",\"url\":\"https:\/\/uzyvape.com\/wp-content\/uploads\/2022\/10\/UZY_LOGO.png\",\"contentUrl\":\"https:\/\/uzyvape.com\/wp-content\/uploads\/2022\/10\/UZY_LOGO.png\",\"width\":825,\"height\":302,\"caption\":\"Uzy\"},\"image\":{\"@id\":\"https:\/\/uzyvape.com\/#\/schema\/logo\/image\/\"}}]}<\/script>\n<!-- \/ Yoast SEO plugin. -->","yoast_head_json":{"title":"Privacy Policy - Uzy","robots":{"index":"index","follow":"follow","max-snippet":"max-snippet:-1","max-image-preview":"max-image-preview:large","max-video-preview":"max-video-preview:-1"},"canonical":"https:\/\/uzyvape.com\/fr\/privacy-policy\/","og_locale":"fr_FR","og_type":"article","og_title":"Privacy Policy - Uzy","og_description":"Privacy Policy Last Updated: May 15, 2025 At UZY (&#8220;we,&#8221; &#8220;us,&#8221; or &#8220;our&#8221;), we are committed to protecting your privacy. This Privacy Policy explains how we collect, use, disclose, and safeguard your personal information when you visit our website, uzyvape.com, or interact with us. By using our website, you agree to the practices described in [&hellip;]","og_url":"https:\/\/uzyvape.com\/fr\/privacy-policy\/","og_site_name":"Uzy","twitter_card":"summary_large_image","twitter_misc":{"Dur\u00e9e de lecture estim\u00e9e":"3 minutes"},"schema":{"@context":"https:\/\/schema.org","@graph":[{"@type":"WebPage","@id":"https:\/\/uzyvape.com\/privacy-policy\/","url":"https:\/\/uzyvape.com\/privacy-policy\/","name":"Privacy Policy - Uzy","isPartOf":{"@id":"https:\/\/uzyvape.com\/#website"},"datePublished":"2025-05-15T11:48:46+00:00","breadcrumb":{"@id":"https:\/\/uzyvape.com\/privacy-policy\/#breadcrumb"},"inLanguage":"fr-FR","potentialAction":[{"@type":"ReadAction","target":["https:\/\/uzyvape.com\/privacy-policy\/"]}]},{"@type":"BreadcrumbList","@id":"https:\/\/uzyvape.com\/privacy-policy\/#breadcrumb","itemListElement":[{"@type":"ListItem","position":1,"name":"Home","item":"https:\/\/uzyvape.com\/"},{"@type":"ListItem","position":2,"name":"Privacy Policy"}]},{"@type":"WebSite","@id":"https:\/\/uzyvape.com\/#website","url":"https:\/\/uzyvape.com\/","name":"Uzy","description":"Site officiel, vente de Uzy Disposable Vape, source usine","publisher":{"@id":"https:\/\/uzyvape.com\/#organization"},"potentialAction":[{"@type":"SearchAction","target":{"@type":"EntryPoint","urlTemplate":"https:\/\/uzyvape.com\/?s={search_term_string}"},"query-input":{"@type":"PropertyValueSpecification","valueRequired":true,"valueName":"search_term_string"}}],"inLanguage":"fr-FR"},{"@type":"Organization","@id":"https:\/\/uzyvape.com\/#organization","name":"Uzy","url":"https:\/\/uzyvape.com\/","logo":{"@type":"ImageObject","inLanguage":"fr-FR","@id":"https:\/\/uzyvape.com\/#\/schema\/logo\/image\/","url":"https:\/\/uzyvape.com\/wp-content\/uploads\/2022\/10\/UZY_LOGO.png","contentUrl":"https:\/\/uzyvape.com\/wp-content\/uploads\/2022\/10\/UZY_LOGO.png","width":825,"height":302,"caption":"Uzy"},"image":{"@id":"https:\/\/uzyvape.com\/#\/schema\/logo\/image\/"}}]}},"_links":{"self":[{"href":"https:\/\/uzyvape.com\/fr\/wp-json\/wp\/v2\/pages\/1262","targetHints":{"allow":["GET"]}}],"collection":[{"href":"https:\/\/uzyvape.com\/fr\/wp-json\/wp\/v2\/pages"}],"about":[{"href":"https:\/\/uzyvape.com\/fr\/wp-json\/wp\/v2\/types\/page"}],"author":[{"embeddable":true,"href":"https:\/\/uzyvape.com\/fr\/wp-json\/wp\/v2\/users\/1"}],"replies":[{"embeddable":true,"href":"https:\/\/uzyvape.com\/fr\/wp-json\/wp\/v2\/comments?post=1262"}],"version-history":[{"count":0,"href":"https:\/\/uzyvape.com\/fr\/wp-json\/wp\/v2\/pages\/1262\/revisions"}],"wp:attachment":[{"href":"https:\/\/uzyvape.com\/fr\/wp-json\/wp\/v2\/media?parent=1262"}],"curies":[{"name":"wp","href":"https:\/\/api.w.org\/{rel}","templated":true}]}}