{"id":916,"date":"2025-05-14T09:32:59","date_gmt":"2025-05-14T09:32:59","guid":{"rendered":"https:\/\/uzyvape.com\/?post_type=product&#038;p=916"},"modified":"2026-04-14T17:30:05","modified_gmt":"2026-04-14T17:30:05","slug":"uzy-crystal-pro-max-10000-10k-puffs-0-2-3-5-nicotine-16ml","status":"publish","type":"product","link":"https:\/\/uzyvape.com\/fi\/tuote\/uzy-crystal-pro-max-10000-10k-puffs-0-2-3-5-nicotine-16ml\/","title":{"rendered":"UZY Crystal Pro Max 10000 10K Puffs 0% 2% 3% 5% Nikotiini 16ml"},"content":{"rendered":"<h2>UZY Crystal Pro Max 10K Tuotteen ominaisuudet:<\/h2>\n<p>Sano hyv\u00e4stit <a href=\"https:\/\/uzyvape.com\/fi\/tuote\/uzy-tornado-20000-20k-puffs-0-2-3-5-nicotine-28ml\/\">kertak\u00e4ytt\u00f6iset vape-laitteet<\/a> se tuskin kest\u00e4\u00e4 p\u00e4iv\u00e4\u00e4 ja hei meille <strong>UZY Bang DIgital 10K<\/strong>, h\u00f6yrystysinnovaatioiden edell\u00e4k\u00e4vij\u00e4. Uskomattoman <strong><a href=\"https:\/\/uzyvape.com\/fi\/tuote-osasto\/10000-puffs\/\">10 000 puhallusta<\/a><\/strong>, t\u00e4m\u00e4 laite on suunniteltu pitk\u00e4ik\u00e4iseksi, ja se tarjoaa pitk\u00e4\u00e4 tyytyv\u00e4isyytt\u00e4 ilman jatkuvia vaihtoja. Sen <strong>16ml nestekapasiteetti<\/strong> varmistaa, ett\u00e4 sinulla on runsaasti e-nestett\u00e4 nautittavaksi, kun taas <strong>650mAh akku<\/strong>, yhdistettyn\u00e4 <strong>Type-C-tuloliit\u00e4nt\u00e4<\/strong>ansiosta voit ladata latauksen vaivattomasti ja pit\u00e4\u00e4 h\u00f6yryst\u00e4misen voimakkaana.<\/p>\n<p><strong>Verraton maku ja r\u00e4\u00e4t\u00e4l\u00f6inti<\/strong><\/p>\n<p>The <strong>UZY Bang DIgital 10K<\/strong> ei ole kyse vain pidemm\u00e4st\u00e4 kestosta, vaan paremmasta h\u00f6yryst\u00e4misest\u00e4. Varustettu <strong>Mesh Coil<\/strong> 1,0 ohmin vastuksella se tuottaa runsaasti, tasaista makua ja vaikuttavaa h\u00f6yry\u00e4 jokaisella puhalluksella. R\u00e4\u00e4t\u00e4l\u00f6i kokemuksesi <strong>suolan nikotiinivaihtoehdot<\/strong> of <strong>0%, 2%, 3% tai 5%.<\/strong>, t\u00e4ydellinen kaikille nikotiinittomille k\u00e4ytt\u00e4jille ja niille, jotka kaipaavat rohkeampaa hitti\u00e4. Lis\u00e4ksi elinvoimainen <strong>RGB-muotoilu<\/strong> lis\u00e4\u00e4 tyylik\u00e4st\u00e4 ilmett\u00e4, mik\u00e4 tekee t\u00e4st\u00e4 h\u00f6yrystimest\u00e4 visuaalisesti yht\u00e4 houkuttelevan kuin se on toimiva.<\/p>\n<p><strong>Ihanteellinen sek\u00e4 k\u00e4ytt\u00e4jille ett\u00e4 j\u00e4lleenmyyjille<\/strong><\/p>\n<p>Olitpa sitten laatua etsiv\u00e4 h\u00f6yrystin tai varastoja hankkiva j\u00e4lleenmyyj\u00e4, - <strong>UZY Bang DIgital 10K<\/strong> toimittaa. Bulk-ostajille se on saatavana seuraavissa pakkauksissa <strong>200 kappaletta<\/strong>, punnitus <strong>16.3kg per tapaus<\/strong>, jossa on kompakti <strong>kartonkikoko 40,5<\/strong><em><strong>38.8<\/strong><\/em><strong>26,8 cm<\/strong>. Yhdist\u00e4m\u00e4ll\u00e4 huippuluokan ominaisuudet ja k\u00e4yt\u00e4nn\u00f6llisen muotoilun, t\u00e4m\u00e4 kertak\u00e4ytt\u00f6inen h\u00f6yrylaite m\u00e4\u00e4rittelee mukavuuden ja suorituskyvyn uudelleen - p\u00e4ivit\u00e4 h\u00f6yrytyskokemuksesi jo t\u00e4n\u00e4\u00e4n!<\/p>\n<h2>Tuotteen parametrit:<\/h2>\n<p>Nestekapasiteetti: 16ml<br \/>\nAkun kapasiteetti: 650mAh<br \/>\n(Ladattava)<br \/>\nTuloliit\u00e4nt\u00e4: Type-C<br \/>\nKela: 1.0ohm<br \/>\nPuffit:10000<br \/>\nSuolainen nikotiini: 3% 5% 5%<br \/>\nRGB-suunnittelu<br \/>\n200kpl\/kotelo<br \/>\n16.3kg\/kotelo<br \/>\nLaatikon koko: 40.5*38.8*26.8<\/p>\n<h2>Tuotteen aromit:<\/h2>\n<p><strong>1.Persikka Mango Ananas Ananas<\/strong><br \/>\n<strong>2.Mansikka vesimeloni<\/strong><br \/>\n<strong>3.Red Energiaj\u00e4\u00e4<\/strong><br \/>\n<strong>4.Mansikka Mango<\/strong><br \/>\n<strong>5.Mustikka Vadelma<\/strong><br \/>\n<strong>6.Triple Marjaj\u00e4\u00e4<\/strong><br \/>\n<strong>7.Vesimelonij\u00e4\u00e4<\/strong><br \/>\n<strong>8.Tripla Viiniryp\u00e4lej\u00e4\u00e4<\/strong><br \/>\n<strong>9.Mustikkaj\u00e4\u00e4<\/strong><br \/>\n<strong>10.Persikkaj\u00e4\u00e4<\/strong><br \/>\n<strong>11.Skittle<\/strong><br \/>\n<strong>12.vesimeloni purukumi<\/strong><br \/>\n<strong>13.Mansikkaj\u00e4\u00e4<\/strong><br \/>\n<strong>14.Mansikka Kiivi<\/strong><br \/>\n<strong>15.Cola Ice<\/strong><br \/>\n<strong>16.Mr Blue<\/strong><br \/>\n<strong>17.Kiivi Passionhedelm\u00e4 Guava<\/strong><br \/>\n<strong>18.Kolminkertainen Mango<\/strong><br \/>\n<strong>19.Persikka Marja<\/strong><br \/>\n<strong>20.Cherry Ice<\/strong><\/p>","protected":false},"excerpt":{"rendered":"<p>Nauti jopa 10 000 puhalluksesta t\u00e4st\u00e4 kerta*k\u00e4ytt\u00f6isest\u00e4 h\u00f6yrystyslaitteesta, joka on valmiiksi t\u00e4ytetty. Siin\u00e4 on 16 ml e-nestett\u00e4 ja verkkojenkela jatkuvan maun takaamiseksi. Lataa USB-C:n kautta, jotta voit k\u00e4ytt\u00e4\u00e4 koko e-nestekapasiteetin.<\/p>","protected":false},"featured_media":917,"comment_status":"open","ping_status":"closed","template":"","meta":{"_sitemap_exclude":false,"_sitemap_priority":"","_sitemap_frequency":""},"product_brand":[26],"product_cat":[35],"product_tag":[],"class_list":{"0":"post-916","1":"product","2":"type-product","3":"status-publish","4":"has-post-thumbnail","6":"product_brand-uzy","7":"product_cat-10000-puffs","9":"first","10":"instock","11":"shipping-taxable","12":"purchasable","13":"product-type-variable"},"yoast_head":"<!-- This site is optimized with the Yoast SEO plugin v25.6 - https:\/\/yoast.com\/wordpress\/plugins\/seo\/ -->\n<title>UZY Crystal Pro Max 10000 | 10K Puffs Disposable Vape<\/title>\n<meta name=\"description\" content=\"Shop the UZY Crystal Pro Max 10000 disposable vape with 10K puffs, 16ml e-liquid capacity, multiple nicotine and flavor options available.\" \/>\n<meta name=\"robots\" content=\"index, follow, max-snippet:-1, max-image-preview:large, max-video-preview:-1\" \/>\n<link rel=\"canonical\" href=\"https:\/\/uzyvape.com\/fi\/tuote\/uzy-crystal-pro-max-10000-10k-puffs-0-2-3-5-nicotine-16ml\/\" \/>\n<meta property=\"og:locale\" content=\"fi_FI\" \/>\n<meta property=\"og:type\" content=\"article\" \/>\n<meta property=\"og:title\" content=\"UZY Crystal Pro Max 10000 | 10K Puffs Disposable Vape\" \/>\n<meta property=\"og:description\" content=\"Shop the UZY Crystal Pro Max 10000 disposable vape with 10K puffs, 16ml e-liquid capacity, multiple nicotine and flavor options available.\" \/>\n<meta property=\"og:url\" content=\"https:\/\/uzyvape.com\/fi\/tuote\/uzy-crystal-pro-max-10000-10k-puffs-0-2-3-5-nicotine-16ml\/\" \/>\n<meta property=\"og:site_name\" content=\"Uzy\" \/>\n<meta property=\"article:modified_time\" content=\"2026-04-14T17:30:05+00:00\" \/>\n<meta property=\"og:image\" content=\"https:\/\/uzyvape.com\/wp-content\/uploads\/2025\/05\/1-1-1024x832.png\" \/>\n\t<meta property=\"og:image:width\" content=\"1024\" \/>\n\t<meta property=\"og:image:height\" content=\"832\" \/>\n\t<meta property=\"og:image:type\" content=\"image\/png\" \/>\n<meta name=\"twitter:card\" content=\"summary_large_image\" \/>\n<meta name=\"twitter:label1\" content=\"Arvioitu lukuaika\" \/>\n\t<meta name=\"twitter:data1\" content=\"2 minuuttia\" \/>\n<script type=\"application\/ld+json\" class=\"yoast-schema-graph\">{\"@context\":\"https:\/\/schema.org\",\"@graph\":[{\"@type\":\"WebPage\",\"@id\":\"https:\/\/uzyvape.com\/product\/uzy-crystal-pro-max-10000-10k-puffs-0-2-3-5-nicotine-16ml\/\",\"url\":\"https:\/\/uzyvape.com\/product\/uzy-crystal-pro-max-10000-10k-puffs-0-2-3-5-nicotine-16ml\/\",\"name\":\"UZY Crystal Pro Max 10000 | 10K Puffs Disposable Vape\",\"isPartOf\":{\"@id\":\"https:\/\/uzyvape.com\/#website\"},\"primaryImageOfPage\":{\"@id\":\"https:\/\/uzyvape.com\/product\/uzy-crystal-pro-max-10000-10k-puffs-0-2-3-5-nicotine-16ml\/#primaryimage\"},\"image\":{\"@id\":\"https:\/\/uzyvape.com\/product\/uzy-crystal-pro-max-10000-10k-puffs-0-2-3-5-nicotine-16ml\/#primaryimage\"},\"thumbnailUrl\":\"https:\/\/uzyvape.com\/wp-content\/uploads\/2025\/05\/1-1.png\",\"datePublished\":\"2025-05-14T09:32:59+00:00\",\"dateModified\":\"2026-04-14T17:30:05+00:00\",\"description\":\"Shop the UZY Crystal Pro Max 10000 disposable vape with 10K puffs, 16ml e-liquid capacity, multiple nicotine and flavor options available.\",\"breadcrumb\":{\"@id\":\"https:\/\/uzyvape.com\/product\/uzy-crystal-pro-max-10000-10k-puffs-0-2-3-5-nicotine-16ml\/#breadcrumb\"},\"inLanguage\":\"fi\",\"potentialAction\":[{\"@type\":\"ReadAction\",\"target\":[\"https:\/\/uzyvape.com\/product\/uzy-crystal-pro-max-10000-10k-puffs-0-2-3-5-nicotine-16ml\/\"]}]},{\"@type\":\"ImageObject\",\"inLanguage\":\"fi\",\"@id\":\"https:\/\/uzyvape.com\/product\/uzy-crystal-pro-max-10000-10k-puffs-0-2-3-5-nicotine-16ml\/#primaryimage\",\"url\":\"https:\/\/uzyvape.com\/wp-content\/uploads\/2025\/05\/1-1.png\",\"contentUrl\":\"https:\/\/uzyvape.com\/wp-content\/uploads\/2025\/05\/1-1.png\",\"width\":2560,\"height\":2080},{\"@type\":\"BreadcrumbList\",\"@id\":\"https:\/\/uzyvape.com\/product\/uzy-crystal-pro-max-10000-10k-puffs-0-2-3-5-nicotine-16ml\/#breadcrumb\",\"itemListElement\":[{\"@type\":\"ListItem\",\"position\":1,\"name\":\"Home\",\"item\":\"https:\/\/uzyvape.com\/\"},{\"@type\":\"ListItem\",\"position\":2,\"name\":\"Shop\",\"item\":\"https:\/\/uzyvape.com\/shop\/\"},{\"@type\":\"ListItem\",\"position\":3,\"name\":\"UZY Crystal Pro Max 10000 10K Puffs 0% 2% 3% 5% Nicotine 16ml\"}]},{\"@type\":\"WebSite\",\"@id\":\"https:\/\/uzyvape.com\/#website\",\"url\":\"https:\/\/uzyvape.com\/\",\"name\":\"Uzy\",\"description\":\"Official website, selling Uzy Disposable Vape, source factory\",\"publisher\":{\"@id\":\"https:\/\/uzyvape.com\/#organization\"},\"potentialAction\":[{\"@type\":\"SearchAction\",\"target\":{\"@type\":\"EntryPoint\",\"urlTemplate\":\"https:\/\/uzyvape.com\/?s={search_term_string}\"},\"query-input\":{\"@type\":\"PropertyValueSpecification\",\"valueRequired\":true,\"valueName\":\"search_term_string\"}}],\"inLanguage\":\"fi\"},{\"@type\":\"Organization\",\"@id\":\"https:\/\/uzyvape.com\/#organization\",\"name\":\"Uzy\",\"url\":\"https:\/\/uzyvape.com\/\",\"logo\":{\"@type\":\"ImageObject\",\"inLanguage\":\"fi\",\"@id\":\"https:\/\/uzyvape.com\/#\/schema\/logo\/image\/\",\"url\":\"https:\/\/uzyvape.com\/wp-content\/uploads\/2022\/10\/UZY_LOGO.png\",\"contentUrl\":\"https:\/\/uzyvape.com\/wp-content\/uploads\/2022\/10\/UZY_LOGO.png\",\"width\":825,\"height\":302,\"caption\":\"Uzy\"},\"image\":{\"@id\":\"https:\/\/uzyvape.com\/#\/schema\/logo\/image\/\"}}]}<\/script>\n<!-- \/ Yoast SEO plugin. -->","yoast_head_json":{"title":"UZY Crystal Pro Max 10000 | 10K Puffs Disposable Vape","description":"Shop the UZY Crystal Pro Max 10000 disposable vape with 10K puffs, 16ml e-liquid capacity, multiple nicotine and flavor options available.","robots":{"index":"index","follow":"follow","max-snippet":"max-snippet:-1","max-image-preview":"max-image-preview:large","max-video-preview":"max-video-preview:-1"},"canonical":"https:\/\/uzyvape.com\/fi\/tuote\/uzy-crystal-pro-max-10000-10k-puffs-0-2-3-5-nicotine-16ml\/","og_locale":"fi_FI","og_type":"article","og_title":"UZY Crystal Pro Max 10000 | 10K Puffs Disposable Vape","og_description":"Shop the UZY Crystal Pro Max 10000 disposable vape with 10K puffs, 16ml e-liquid capacity, multiple nicotine and flavor options available.","og_url":"https:\/\/uzyvape.com\/fi\/tuote\/uzy-crystal-pro-max-10000-10k-puffs-0-2-3-5-nicotine-16ml\/","og_site_name":"Uzy","article_modified_time":"2026-04-14T17:30:05+00:00","og_image":[{"width":1024,"height":832,"url":"https:\/\/uzyvape.com\/wp-content\/uploads\/2025\/05\/1-1-1024x832.png","type":"image\/png"}],"twitter_card":"summary_large_image","twitter_misc":{"Arvioitu lukuaika":"2 minuuttia"},"schema":{"@context":"https:\/\/schema.org","@graph":[{"@type":"WebPage","@id":"https:\/\/uzyvape.com\/product\/uzy-crystal-pro-max-10000-10k-puffs-0-2-3-5-nicotine-16ml\/","url":"https:\/\/uzyvape.com\/product\/uzy-crystal-pro-max-10000-10k-puffs-0-2-3-5-nicotine-16ml\/","name":"UZY Crystal Pro Max 10000 | 10K Puffs Disposable Vape","isPartOf":{"@id":"https:\/\/uzyvape.com\/#website"},"primaryImageOfPage":{"@id":"https:\/\/uzyvape.com\/product\/uzy-crystal-pro-max-10000-10k-puffs-0-2-3-5-nicotine-16ml\/#primaryimage"},"image":{"@id":"https:\/\/uzyvape.com\/product\/uzy-crystal-pro-max-10000-10k-puffs-0-2-3-5-nicotine-16ml\/#primaryimage"},"thumbnailUrl":"https:\/\/uzyvape.com\/wp-content\/uploads\/2025\/05\/1-1.png","datePublished":"2025-05-14T09:32:59+00:00","dateModified":"2026-04-14T17:30:05+00:00","description":"Shop the UZY Crystal Pro Max 10000 disposable vape with 10K puffs, 16ml e-liquid capacity, multiple nicotine and flavor options available.","breadcrumb":{"@id":"https:\/\/uzyvape.com\/product\/uzy-crystal-pro-max-10000-10k-puffs-0-2-3-5-nicotine-16ml\/#breadcrumb"},"inLanguage":"fi","potentialAction":[{"@type":"ReadAction","target":["https:\/\/uzyvape.com\/product\/uzy-crystal-pro-max-10000-10k-puffs-0-2-3-5-nicotine-16ml\/"]}]},{"@type":"ImageObject","inLanguage":"fi","@id":"https:\/\/uzyvape.com\/product\/uzy-crystal-pro-max-10000-10k-puffs-0-2-3-5-nicotine-16ml\/#primaryimage","url":"https:\/\/uzyvape.com\/wp-content\/uploads\/2025\/05\/1-1.png","contentUrl":"https:\/\/uzyvape.com\/wp-content\/uploads\/2025\/05\/1-1.png","width":2560,"height":2080},{"@type":"BreadcrumbList","@id":"https:\/\/uzyvape.com\/product\/uzy-crystal-pro-max-10000-10k-puffs-0-2-3-5-nicotine-16ml\/#breadcrumb","itemListElement":[{"@type":"ListItem","position":1,"name":"Home","item":"https:\/\/uzyvape.com\/"},{"@type":"ListItem","position":2,"name":"Shop","item":"https:\/\/uzyvape.com\/shop\/"},{"@type":"ListItem","position":3,"name":"UZY Crystal Pro Max 10000 10K Puffs 0% 2% 3% 5% Nicotine 16ml"}]},{"@type":"WebSite","@id":"https:\/\/uzyvape.com\/#website","url":"https:\/\/uzyvape.com\/","name":"Uzy","description":"Virallinen verkkosivusto, joka myy Uzy Disposable Vape, l\u00e4hdetehdas","publisher":{"@id":"https:\/\/uzyvape.com\/#organization"},"potentialAction":[{"@type":"SearchAction","target":{"@type":"EntryPoint","urlTemplate":"https:\/\/uzyvape.com\/?s={search_term_string}"},"query-input":{"@type":"PropertyValueSpecification","valueRequired":true,"valueName":"search_term_string"}}],"inLanguage":"fi"},{"@type":"Organization","@id":"https:\/\/uzyvape.com\/#organization","name":"Uzy","url":"https:\/\/uzyvape.com\/","logo":{"@type":"ImageObject","inLanguage":"fi","@id":"https:\/\/uzyvape.com\/#\/schema\/logo\/image\/","url":"https:\/\/uzyvape.com\/wp-content\/uploads\/2022\/10\/UZY_LOGO.png","contentUrl":"https:\/\/uzyvape.com\/wp-content\/uploads\/2022\/10\/UZY_LOGO.png","width":825,"height":302,"caption":"Uzy"},"image":{"@id":"https:\/\/uzyvape.com\/#\/schema\/logo\/image\/"}}]}},"_links":{"self":[{"href":"https:\/\/uzyvape.com\/fi\/wp-json\/wp\/v2\/product\/916","targetHints":{"allow":["GET"]}}],"collection":[{"href":"https:\/\/uzyvape.com\/fi\/wp-json\/wp\/v2\/product"}],"about":[{"href":"https:\/\/uzyvape.com\/fi\/wp-json\/wp\/v2\/types\/product"}],"replies":[{"embeddable":true,"href":"https:\/\/uzyvape.com\/fi\/wp-json\/wp\/v2\/comments?post=916"}],"wp:featuredmedia":[{"embeddable":true,"href":"https:\/\/uzyvape.com\/fi\/wp-json\/wp\/v2\/media\/917"}],"wp:attachment":[{"href":"https:\/\/uzyvape.com\/fi\/wp-json\/wp\/v2\/media?parent=916"}],"wp:term":[{"taxonomy":"product_brand","embeddable":true,"href":"https:\/\/uzyvape.com\/fi\/wp-json\/wp\/v2\/product_brand?post=916"},{"taxonomy":"product_cat","embeddable":true,"href":"https:\/\/uzyvape.com\/fi\/wp-json\/wp\/v2\/product_cat?post=916"},{"taxonomy":"product_tag","embeddable":true,"href":"https:\/\/uzyvape.com\/fi\/wp-json\/wp\/v2\/product_tag?post=916"}],"curies":[{"name":"wp","href":"https:\/\/api.w.org\/{rel}","templated":true}]}}