{"id":882,"date":"2025-05-14T09:27:50","date_gmt":"2025-05-14T09:27:50","guid":{"rendered":"https:\/\/uzyvape.com\/?post_type=product&#038;p=882"},"modified":"2026-04-14T17:23:38","modified_gmt":"2026-04-14T17:23:38","slug":"uzy-bang-digital-15000-15k-puffs-0-2-3-5-nicotine-20ml","status":"publish","type":"product","link":"https:\/\/uzyvape.com\/fi\/tuote\/uzy-bang-digital-15000-15k-puffs-0-2-3-5-nicotine-20ml\/","title":{"rendered":"UZY Bang DIgital 15000 15K Puffs 0% 2% 3% 5% Nikotiini 20ml"},"content":{"rendered":"<h2>UZY Bang DIgital 15K Tuotteen ominaisuudet:<\/h2>\n<p>The <strong>UZY Bang Digital 15K<\/strong> on vallankumouksellinen <a href=\"https:\/\/uzyvape.com\/fi\/tuote\/uzy-tornado-20000-20k-puffs-disposable-vape\/\">kertak\u00e4ytt\u00f6inen vape<\/a> joka tarjoaa poikkeuksellisen <strong>15,000 <a href=\"https:\/\/uzyvape.com\/fi\/tuote-osasto\/10000-puffs\/\">Puffit<\/a><\/strong>, mik\u00e4 tekee siit\u00e4 yhden kest\u00e4vimmist\u00e4 saatavilla olevista vaihtoehdoista. Se tarjoaa <strong>r\u00e4\u00e4t\u00e4l\u00f6it\u00e4v\u00e4t nikotiinitasot<\/strong> osoitteesta <strong>0%-5%<\/strong>, jolloin voit mukauttaa h\u00f6yrytyskokemuksesi vaivattomasti. Varustettu tyylikk\u00e4\u00e4ll\u00e4 <strong>LED-n\u00e4ytt\u00f6<\/strong>t\u00e4m\u00e4 laite tarjoaa reaaliaikaisia p\u00e4ivityksi\u00e4 akun kestosta ja e-nesteen m\u00e4\u00e4r\u00e4st\u00e4, joten voit aina hallita tilannetta. Powered by vankka <strong>850mAh akku<\/strong> k\u00e4tev\u00e4sti <strong>Tyyppi-C-lataus<\/strong>UZY Bang Digital 15K pysyy toimintavalmiina. Sen vaikuttava <strong>20ml e-nesteen kapasiteetti<\/strong> tukee pitki\u00e4 h\u00f6yrystysistuntoja ilman usein toistuvia uudelleent\u00e4ytt\u00f6j\u00e4, kun taas integroitu verkkokierukka parantaa makujen luovuttamista ensiluokkaista kokemusta varten. Yhdist\u00e4m\u00e4ll\u00e4 huipputeknologian ja tyylikk\u00e4\u00e4n muotoilun t\u00e4m\u00e4 vape m\u00e4\u00e4rittelee uudelleen mukavuuden ja suorituskyvyn kertak\u00e4ytt\u00f6isten s\u00e4hk\u00f6savukkeiden markkinoilla.<\/p>\n<h2>Tuotteen parametrit:<\/h2>\n<p>Nestekapasiteetti: 20ml<br \/>\nAkun kapasiteetti: 850mAh<br \/>\n(Ladattava)<br \/>\nTuloliit\u00e4nt\u00e4: Type-C<br \/>\nPuffit:15000<br \/>\nSuolainen nikotiini: 3% 5% 5%<\/p>\n<h2>Tuotteen aromit:<\/h2>\n<p>1.Mansikka vesimeloni<br \/>\n2.Blueberry j\u00e4\u00e4ll\u00e4<br \/>\n3.Persikka Mango Ananas Ananas<br \/>\n4.Grape ice<br \/>\n5.Vesimelonij\u00e4\u00e4<br \/>\n6.Persikkaj\u00e4\u00e4<br \/>\n7.Mansikka Kiivi<br \/>\n8.Mustikka Vadelma<br \/>\n9.Kiwi Passion Fruit<br \/>\n10.MR Sininen<br \/>\n11.Tripla Mangoj\u00e4\u00e4<br \/>\n12.Red Energiaj\u00e4\u00e4<\/p>","protected":false},"excerpt":{"rendered":"<p>Hanki pitk\u00e4kestoinen h\u00f6yryttely kertak\u00e4ytt\u00f6laitteella, joka on suunniteltu pitk\u00e4aikaiseen k\u00e4ytt\u00f6\u00f6n. T\u00e4ss\u00e4 laitteessa on selke\u00e4 digitaalinen n\u00e4ytt\u00f6, joka n\u00e4ytt\u00e4\u00e4 akun ja e-nestetason. Valitse useista nikotiinivahvuuksista ja 12 eri mausta mieltymystesi mukaan.<\/p>","protected":false},"featured_media":883,"comment_status":"open","ping_status":"closed","template":"","meta":{"_sitemap_exclude":false,"_sitemap_priority":"","_sitemap_frequency":""},"product_brand":[],"product_cat":[36],"product_tag":[],"class_list":{"0":"post-882","1":"product","2":"type-product","3":"status-publish","4":"has-post-thumbnail","6":"product_cat-15000-puffs","8":"first","9":"instock","10":"shipping-taxable","11":"purchasable","12":"product-type-variable"},"yoast_head":"<!-- This site is optimized with the Yoast SEO plugin v25.6 - https:\/\/yoast.com\/wordpress\/plugins\/seo\/ -->\n<title>UZY Bang Digital 15000 | 15K Puffs Disposable Vape with LED Display<\/title>\n<meta name=\"description\" content=\"Shop the UZY Bang Digital 15000 disposable vape, with 15000 puffs, LED digital display, multiple nicotine strengths and 12 signature flavors available.\" \/>\n<meta name=\"robots\" content=\"index, follow, max-snippet:-1, max-image-preview:large, max-video-preview:-1\" \/>\n<link rel=\"canonical\" href=\"https:\/\/uzyvape.com\/fi\/tuote\/uzy-bang-digital-15000-15k-puffs-0-2-3-5-nicotine-20ml\/\" \/>\n<meta property=\"og:locale\" content=\"fi_FI\" \/>\n<meta property=\"og:type\" content=\"article\" \/>\n<meta property=\"og:title\" content=\"UZY Bang Digital 15000 | 15K Puffs Disposable Vape with LED Display\" \/>\n<meta property=\"og:description\" content=\"Shop the UZY Bang Digital 15000 disposable vape, with 15000 puffs, LED digital display, multiple nicotine strengths and 12 signature flavors available.\" \/>\n<meta property=\"og:url\" content=\"https:\/\/uzyvape.com\/fi\/tuote\/uzy-bang-digital-15000-15k-puffs-0-2-3-5-nicotine-20ml\/\" \/>\n<meta property=\"og:site_name\" content=\"Uzy\" \/>\n<meta property=\"article:modified_time\" content=\"2026-04-14T17:23:38+00:00\" \/>\n<meta property=\"og:image\" content=\"https:\/\/uzyvape.com\/wp-content\/uploads\/2025\/05\/18.png\" \/>\n\t<meta property=\"og:image:width\" content=\"1600\" \/>\n\t<meta property=\"og:image:height\" content=\"1600\" \/>\n\t<meta property=\"og:image:type\" content=\"image\/png\" \/>\n<meta name=\"twitter:card\" content=\"summary_large_image\" \/>\n<meta name=\"twitter:label1\" content=\"Arvioitu lukuaika\" \/>\n\t<meta name=\"twitter:data1\" content=\"1 minuutti\" \/>\n<script type=\"application\/ld+json\" class=\"yoast-schema-graph\">{\"@context\":\"https:\/\/schema.org\",\"@graph\":[{\"@type\":\"WebPage\",\"@id\":\"https:\/\/uzyvape.com\/product\/uzy-bang-digital-15000-15k-puffs-0-2-3-5-nicotine-20ml\/\",\"url\":\"https:\/\/uzyvape.com\/product\/uzy-bang-digital-15000-15k-puffs-0-2-3-5-nicotine-20ml\/\",\"name\":\"UZY Bang Digital 15000 | 15K Puffs Disposable Vape with LED Display\",\"isPartOf\":{\"@id\":\"https:\/\/uzyvape.com\/#website\"},\"primaryImageOfPage\":{\"@id\":\"https:\/\/uzyvape.com\/product\/uzy-bang-digital-15000-15k-puffs-0-2-3-5-nicotine-20ml\/#primaryimage\"},\"image\":{\"@id\":\"https:\/\/uzyvape.com\/product\/uzy-bang-digital-15000-15k-puffs-0-2-3-5-nicotine-20ml\/#primaryimage\"},\"thumbnailUrl\":\"https:\/\/uzyvape.com\/wp-content\/uploads\/2025\/05\/18.png\",\"datePublished\":\"2025-05-14T09:27:50+00:00\",\"dateModified\":\"2026-04-14T17:23:38+00:00\",\"description\":\"Shop the UZY Bang Digital 15000 disposable vape, with 15000 puffs, LED digital display, multiple nicotine strengths and 12 signature flavors available.\",\"breadcrumb\":{\"@id\":\"https:\/\/uzyvape.com\/product\/uzy-bang-digital-15000-15k-puffs-0-2-3-5-nicotine-20ml\/#breadcrumb\"},\"inLanguage\":\"fi\",\"potentialAction\":[{\"@type\":\"ReadAction\",\"target\":[\"https:\/\/uzyvape.com\/product\/uzy-bang-digital-15000-15k-puffs-0-2-3-5-nicotine-20ml\/\"]}]},{\"@type\":\"ImageObject\",\"inLanguage\":\"fi\",\"@id\":\"https:\/\/uzyvape.com\/product\/uzy-bang-digital-15000-15k-puffs-0-2-3-5-nicotine-20ml\/#primaryimage\",\"url\":\"https:\/\/uzyvape.com\/wp-content\/uploads\/2025\/05\/18.png\",\"contentUrl\":\"https:\/\/uzyvape.com\/wp-content\/uploads\/2025\/05\/18.png\",\"width\":1600,\"height\":1600},{\"@type\":\"BreadcrumbList\",\"@id\":\"https:\/\/uzyvape.com\/product\/uzy-bang-digital-15000-15k-puffs-0-2-3-5-nicotine-20ml\/#breadcrumb\",\"itemListElement\":[{\"@type\":\"ListItem\",\"position\":1,\"name\":\"Home\",\"item\":\"https:\/\/uzyvape.com\/\"},{\"@type\":\"ListItem\",\"position\":2,\"name\":\"Shop\",\"item\":\"https:\/\/uzyvape.com\/shop\/\"},{\"@type\":\"ListItem\",\"position\":3,\"name\":\"UZY Bang DIgital 15000 15K Puffs 0% 2% 3% 5% Nicotine 20ml\"}]},{\"@type\":\"WebSite\",\"@id\":\"https:\/\/uzyvape.com\/#website\",\"url\":\"https:\/\/uzyvape.com\/\",\"name\":\"Uzy\",\"description\":\"Official website, selling Uzy Disposable Vape, source factory\",\"publisher\":{\"@id\":\"https:\/\/uzyvape.com\/#organization\"},\"potentialAction\":[{\"@type\":\"SearchAction\",\"target\":{\"@type\":\"EntryPoint\",\"urlTemplate\":\"https:\/\/uzyvape.com\/?s={search_term_string}\"},\"query-input\":{\"@type\":\"PropertyValueSpecification\",\"valueRequired\":true,\"valueName\":\"search_term_string\"}}],\"inLanguage\":\"fi\"},{\"@type\":\"Organization\",\"@id\":\"https:\/\/uzyvape.com\/#organization\",\"name\":\"Uzy\",\"url\":\"https:\/\/uzyvape.com\/\",\"logo\":{\"@type\":\"ImageObject\",\"inLanguage\":\"fi\",\"@id\":\"https:\/\/uzyvape.com\/#\/schema\/logo\/image\/\",\"url\":\"https:\/\/uzyvape.com\/wp-content\/uploads\/2022\/10\/UZY_LOGO.png\",\"contentUrl\":\"https:\/\/uzyvape.com\/wp-content\/uploads\/2022\/10\/UZY_LOGO.png\",\"width\":825,\"height\":302,\"caption\":\"Uzy\"},\"image\":{\"@id\":\"https:\/\/uzyvape.com\/#\/schema\/logo\/image\/\"}}]}<\/script>\n<!-- \/ Yoast SEO plugin. -->","yoast_head_json":{"title":"UZY Bang Digital 15000 | 15K Puffs Disposable Vape with LED Display","description":"Shop the UZY Bang Digital 15000 disposable vape, with 15000 puffs, LED digital display, multiple nicotine strengths and 12 signature flavors available.","robots":{"index":"index","follow":"follow","max-snippet":"max-snippet:-1","max-image-preview":"max-image-preview:large","max-video-preview":"max-video-preview:-1"},"canonical":"https:\/\/uzyvape.com\/fi\/tuote\/uzy-bang-digital-15000-15k-puffs-0-2-3-5-nicotine-20ml\/","og_locale":"fi_FI","og_type":"article","og_title":"UZY Bang Digital 15000 | 15K Puffs Disposable Vape with LED Display","og_description":"Shop the UZY Bang Digital 15000 disposable vape, with 15000 puffs, LED digital display, multiple nicotine strengths and 12 signature flavors available.","og_url":"https:\/\/uzyvape.com\/fi\/tuote\/uzy-bang-digital-15000-15k-puffs-0-2-3-5-nicotine-20ml\/","og_site_name":"Uzy","article_modified_time":"2026-04-14T17:23:38+00:00","og_image":[{"width":1600,"height":1600,"url":"https:\/\/uzyvape.com\/wp-content\/uploads\/2025\/05\/18.png","type":"image\/png"}],"twitter_card":"summary_large_image","twitter_misc":{"Arvioitu lukuaika":"1 minuutti"},"schema":{"@context":"https:\/\/schema.org","@graph":[{"@type":"WebPage","@id":"https:\/\/uzyvape.com\/product\/uzy-bang-digital-15000-15k-puffs-0-2-3-5-nicotine-20ml\/","url":"https:\/\/uzyvape.com\/product\/uzy-bang-digital-15000-15k-puffs-0-2-3-5-nicotine-20ml\/","name":"UZY Bang Digital 15000 | 15K Puffs Disposable Vape with LED Display","isPartOf":{"@id":"https:\/\/uzyvape.com\/#website"},"primaryImageOfPage":{"@id":"https:\/\/uzyvape.com\/product\/uzy-bang-digital-15000-15k-puffs-0-2-3-5-nicotine-20ml\/#primaryimage"},"image":{"@id":"https:\/\/uzyvape.com\/product\/uzy-bang-digital-15000-15k-puffs-0-2-3-5-nicotine-20ml\/#primaryimage"},"thumbnailUrl":"https:\/\/uzyvape.com\/wp-content\/uploads\/2025\/05\/18.png","datePublished":"2025-05-14T09:27:50+00:00","dateModified":"2026-04-14T17:23:38+00:00","description":"Shop the UZY Bang Digital 15000 disposable vape, with 15000 puffs, LED digital display, multiple nicotine strengths and 12 signature flavors available.","breadcrumb":{"@id":"https:\/\/uzyvape.com\/product\/uzy-bang-digital-15000-15k-puffs-0-2-3-5-nicotine-20ml\/#breadcrumb"},"inLanguage":"fi","potentialAction":[{"@type":"ReadAction","target":["https:\/\/uzyvape.com\/product\/uzy-bang-digital-15000-15k-puffs-0-2-3-5-nicotine-20ml\/"]}]},{"@type":"ImageObject","inLanguage":"fi","@id":"https:\/\/uzyvape.com\/product\/uzy-bang-digital-15000-15k-puffs-0-2-3-5-nicotine-20ml\/#primaryimage","url":"https:\/\/uzyvape.com\/wp-content\/uploads\/2025\/05\/18.png","contentUrl":"https:\/\/uzyvape.com\/wp-content\/uploads\/2025\/05\/18.png","width":1600,"height":1600},{"@type":"BreadcrumbList","@id":"https:\/\/uzyvape.com\/product\/uzy-bang-digital-15000-15k-puffs-0-2-3-5-nicotine-20ml\/#breadcrumb","itemListElement":[{"@type":"ListItem","position":1,"name":"Home","item":"https:\/\/uzyvape.com\/"},{"@type":"ListItem","position":2,"name":"Shop","item":"https:\/\/uzyvape.com\/shop\/"},{"@type":"ListItem","position":3,"name":"UZY Bang DIgital 15000 15K Puffs 0% 2% 3% 5% Nicotine 20ml"}]},{"@type":"WebSite","@id":"https:\/\/uzyvape.com\/#website","url":"https:\/\/uzyvape.com\/","name":"Uzy","description":"Virallinen verkkosivusto, joka myy Uzy Disposable Vape, l\u00e4hdetehdas","publisher":{"@id":"https:\/\/uzyvape.com\/#organization"},"potentialAction":[{"@type":"SearchAction","target":{"@type":"EntryPoint","urlTemplate":"https:\/\/uzyvape.com\/?s={search_term_string}"},"query-input":{"@type":"PropertyValueSpecification","valueRequired":true,"valueName":"search_term_string"}}],"inLanguage":"fi"},{"@type":"Organization","@id":"https:\/\/uzyvape.com\/#organization","name":"Uzy","url":"https:\/\/uzyvape.com\/","logo":{"@type":"ImageObject","inLanguage":"fi","@id":"https:\/\/uzyvape.com\/#\/schema\/logo\/image\/","url":"https:\/\/uzyvape.com\/wp-content\/uploads\/2022\/10\/UZY_LOGO.png","contentUrl":"https:\/\/uzyvape.com\/wp-content\/uploads\/2022\/10\/UZY_LOGO.png","width":825,"height":302,"caption":"Uzy"},"image":{"@id":"https:\/\/uzyvape.com\/#\/schema\/logo\/image\/"}}]}},"_links":{"self":[{"href":"https:\/\/uzyvape.com\/fi\/wp-json\/wp\/v2\/product\/882","targetHints":{"allow":["GET"]}}],"collection":[{"href":"https:\/\/uzyvape.com\/fi\/wp-json\/wp\/v2\/product"}],"about":[{"href":"https:\/\/uzyvape.com\/fi\/wp-json\/wp\/v2\/types\/product"}],"replies":[{"embeddable":true,"href":"https:\/\/uzyvape.com\/fi\/wp-json\/wp\/v2\/comments?post=882"}],"wp:featuredmedia":[{"embeddable":true,"href":"https:\/\/uzyvape.com\/fi\/wp-json\/wp\/v2\/media\/883"}],"wp:attachment":[{"href":"https:\/\/uzyvape.com\/fi\/wp-json\/wp\/v2\/media?parent=882"}],"wp:term":[{"taxonomy":"product_brand","embeddable":true,"href":"https:\/\/uzyvape.com\/fi\/wp-json\/wp\/v2\/product_brand?post=882"},{"taxonomy":"product_cat","embeddable":true,"href":"https:\/\/uzyvape.com\/fi\/wp-json\/wp\/v2\/product_cat?post=882"},{"taxonomy":"product_tag","embeddable":true,"href":"https:\/\/uzyvape.com\/fi\/wp-json\/wp\/v2\/product_tag?post=882"}],"curies":[{"name":"wp","href":"https:\/\/api.w.org\/{rel}","templated":true}]}}