{"id":1085,"date":"2025-05-14T11:22:28","date_gmt":"2025-05-14T11:22:28","guid":{"rendered":"https:\/\/uzyvape.com\/?post_type=product&#038;p=1085"},"modified":"2026-04-14T17:44:35","modified_gmt":"2026-04-14T17:44:35","slug":"uzy-triple-flavor-60000-60k-puffs-triple-flavor-0-5-nicotine-54ml","status":"publish","type":"product","link":"https:\/\/uzyvape.com\/fi\/tuote\/uzy-triple-flavor-60000-60k-puffs-triple-flavor-0-5-nicotine-54ml\/","title":{"rendered":"UZY TRIPLE FLAVOR 60000 60K Puffs Triple Flavor 0-5% nikotiini 54ml"},"content":{"rendered":"<h2>UZY TRIPLE FLAVOR 60K Tuotteen ominaisuudet:<\/h2>\n<p>Tutustu <strong>UZY Kolmen maun <a href=\"https:\/\/uzyvape.com\/fi\/tuote\/uzy-crystal-star-60000-disposable-vape\/\">60000 puhallusta<\/a><\/strong>, suuren kapasiteetin <a href=\"https:\/\/uzyvape.com\/fi\/tuote-osasto\/10000-puffs\/\">kertak\u00e4ytt\u00f6inen vape<\/a> suunniteltu pitk\u00e4aikaiseen k\u00e4ytt\u00f6\u00f6n ja poikkeukselliseen makujen valikoimaan. Vaikuttavalla <strong>60000 puhallusta<\/strong>, t\u00e4ss\u00e4 laitteessa on <strong>todellinen 54ml e-nesteen kapasiteetti<\/strong> (jaettu kolmeen 18 ml:n kammioon) ja yksi <strong>kolminkertainen makuj\u00e4rjestelm\u00e4<\/strong>, jolloin k\u00e4ytt\u00e4j\u00e4t voivat vaihtaa kolmen eri maun v\u00e4lill\u00e4 dynaamista h\u00f6yrytyskokemusta varten. The <strong>kaksoisverkkokela<\/strong> takaa tasaisen, tasaisen h\u00f6yryn ja t\u00e4ytel\u00e4isen maun jokaisella puhalluksella. Saatavana <strong>nikotiinivahvuudet 0%, 2%, 3% tai 5%.<\/strong>, se palvelee erilaisia mieltymyksi\u00e4, kun taas <strong>850mAh ladattava akku<\/strong> kanssa <strong>Tyyppi-C-lataus<\/strong> takaa pitk\u00e4aikaisen suorituskyvyn. Osoitteessa <strong>\u00e4lyk\u00e4s LED-n\u00e4ytt\u00f6<\/strong> osoittaa selv\u00e4sti <strong>akun ja e-nesteen taso<\/strong>ja <strong>tehons\u00e4\u00e4t\u00f6<\/strong> ominaisuuden (Pro- ja Max-versiot) avulla k\u00e4ytt\u00e4j\u00e4t voivat mukauttaa h\u00f6yryn voimakkuutta.<\/p>\n<p>Punnitus vain <strong>120g<\/strong>, UZY Triple Flavor 60000 Puffs on kevyt ja kannettava, joten se sopii t\u00e4ydellisesti h\u00f6yryst\u00e4miseen tien p\u00e4\u00e4ll\u00e4. Sen <strong>10 ainutlaatuista makuyhdistelm\u00e4\u00e4<\/strong>, kuten <strong>Mustikka-vadelma, mansikka-kiivi ja sitruunalimetti<\/strong> tai <strong>Vesimelonij\u00e4\u00e4, kolminkertainen melonij\u00e4\u00e4 ja mansikkabanaani.<\/strong>, tarjoavat virkist\u00e4vi\u00e4 ja rohkeita profiileja, jotka sopivat jokaiseen makuun. Pakattu tehokkaasti <strong>200 kappaletta per laatikko<\/strong> ja <strong>10 kappaletta per laatikko<\/strong>, jonka kokonaispaino on <strong>24kg<\/strong>, t\u00e4m\u00e4 laite on ihanteellinen irtotavarahankintoihin. ... <strong>C-tyypin latausportti<\/strong> takaa nopeat lataukset, jolloin seisokkiaika on minimaalinen, kun taas <strong>kaksoisverkkokela<\/strong> parantaa makupuhtautta ja h\u00f6yryn laatua tyydytt\u00e4v\u00e4\u00e4 kokemusta varten alusta loppuun.<\/p>\n<h2>Tuotteen parametrit:<\/h2>\n<p>\u2611 Puffit: 60000 Puffia<br \/>\n\u2611 Kolminkertaiset maut<br \/>\n\u2611 Kaksinkertainen verkkokela<br \/>\n\u2611E-neste: 18ml+18ml+18ml).<br \/>\n\u2611Nicotine:0%\/2%\/3%\/5%<br \/>\n\u2611 Akku: 850mah<br \/>\n\u2611 Ladattava: C-tyypin latausportti<br \/>\n\u2611LED-n\u00e4ytt\u00f6 (Smart Screen)<br \/>\n\u2611 Ilmoita selv\u00e4sti akun ja E-nesteen taso<br \/>\n\u2611 Tehon s\u00e4\u00e4t\u00f6: Pro- ja Max-versiot<br \/>\n\u2611 Tuotteen paino: 120g\/kpl<br \/>\n\u2611 M\u00c4\u00c4R\u00c4: 200 kpl \/ctn, 10 kpl \/ laatikko<br \/>\n\u2611G.W.: 24.00kg<\/p>\n<h2>Tuotteen aromit:<\/h2>\n<p>1.Blueberry Raspberry \/Strawberry Kiwi \/Lemon Lime<br \/>\n2.Kiwi Passion Fruit Guava \/ Mustikka Ice \/ Persikka Mango<br \/>\n3.Strawberry vesimeloni \/Cola Ice \/Cherry Cola<br \/>\n4.Persikkaj\u00e4\u00e4 \/Mansikka Vadelma Kirsikkaj\u00e4\u00e4 \/Kahden omenan j\u00e4\u00e4 \/Kahden omenan j\u00e4\u00e4<br \/>\n5.Grape ice \/ Rakkaus 666(Passion Fruit Melon) \/ Strawberry Red Bull (mansikka)<br \/>\n6.Herra Sininen \/ Gummy Bear \/ Red Bull Ice<br \/>\n7.Persikka mango ananas \/ Blue Razz Ice \/ Vadelma vesimeloni<br \/>\n8.Vesimelonij\u00e4\u00e4 \/ Kolminkertainen melonij\u00e4\u00e4 \/ Mansikka-banaani<br \/>\n9.Kes\u00e4 Persikkaj\u00e4\u00e4 \/ Mansikkaj\u00e4\u00e4 \/ Blue Razz Ice<br \/>\n10.Kirsikkaj\u00e4\u00e4 \/ Sekalaiset marjat \/ Musta lohik\u00e4\u00e4rmej\u00e4\u00e4<\/p>","protected":false},"excerpt":{"rendered":"<p>Hanki jopa 60 000 imua t\u00e4st\u00e4 3-in-1 kertak\u00e4ytt\u00f6isest\u00e4 vape-laitteesta, jossa on kolme erillist\u00e4 makukammioita. Vaihda makujen v\u00e4lill\u00e4 milloin tahansa vaihtamatta laitetta. Siin\u00e4 on ladattava 850 mAh akku ja \u00e4lyk\u00e4s LED-n\u00e4ytt\u00f6 akun ja nestetasojen seuraamiseen.<\/p>","protected":false},"featured_media":1086,"comment_status":"open","ping_status":"closed","template":"","meta":{"_sitemap_exclude":false,"_sitemap_priority":"","_sitemap_frequency":""},"product_brand":[26],"product_cat":[31],"product_tag":[],"class_list":{"0":"post-1085","1":"product","2":"type-product","3":"status-publish","4":"has-post-thumbnail","6":"product_brand-uzy","7":"product_cat-60000-puffs","9":"first","10":"instock","11":"shipping-taxable","12":"purchasable","13":"product-type-variable"},"yoast_head":"<!-- This site is optimized with the Yoast SEO plugin v25.6 - https:\/\/yoast.com\/wordpress\/plugins\/seo\/ -->\n<title>UZY Triple Flavor 60000 Puffs | 3-in-1 60K Disposable Vape<\/title>\n<meta name=\"description\" content=\"UZY Triple Flavor 60000 puffs disposable vape comes with 3-in-1 flavour switching, 850mAh rechargeable battery, and smart LED display. Shop 60K puffs today.\" \/>\n<meta name=\"robots\" content=\"index, follow, max-snippet:-1, max-image-preview:large, max-video-preview:-1\" \/>\n<link rel=\"canonical\" href=\"https:\/\/uzyvape.com\/fi\/tuote\/uzy-triple-flavor-60000-60k-puffs-triple-flavor-0-5-nicotine-54ml\/\" \/>\n<meta property=\"og:locale\" content=\"fi_FI\" \/>\n<meta property=\"og:type\" content=\"article\" \/>\n<meta property=\"og:title\" content=\"UZY Triple Flavor 60000 Puffs | 3-in-1 60K Disposable Vape\" \/>\n<meta property=\"og:description\" content=\"UZY Triple Flavor 60000 puffs disposable vape comes with 3-in-1 flavour switching, 850mAh rechargeable battery, and smart LED display. Shop 60K puffs today.\" \/>\n<meta property=\"og:url\" content=\"https:\/\/uzyvape.com\/fi\/tuote\/uzy-triple-flavor-60000-60k-puffs-triple-flavor-0-5-nicotine-54ml\/\" \/>\n<meta property=\"og:site_name\" content=\"Uzy\" \/>\n<meta property=\"article:modified_time\" content=\"2026-04-14T17:44:35+00:00\" \/>\n<meta property=\"og:image\" content=\"https:\/\/uzyvape.com\/wp-content\/uploads\/2025\/05\/9-5-1024x1024.jpg\" \/>\n\t<meta property=\"og:image:width\" content=\"1024\" \/>\n\t<meta property=\"og:image:height\" content=\"1024\" \/>\n\t<meta property=\"og:image:type\" content=\"image\/jpeg\" \/>\n<meta name=\"twitter:card\" content=\"summary_large_image\" \/>\n<meta name=\"twitter:label1\" content=\"Arvioitu lukuaika\" \/>\n\t<meta name=\"twitter:data1\" content=\"2 minuuttia\" \/>\n<script type=\"application\/ld+json\" class=\"yoast-schema-graph\">{\"@context\":\"https:\/\/schema.org\",\"@graph\":[{\"@type\":\"WebPage\",\"@id\":\"https:\/\/uzyvape.com\/product\/uzy-triple-flavor-60000-60k-puffs-triple-flavor-0-5-nicotine-54ml\/\",\"url\":\"https:\/\/uzyvape.com\/product\/uzy-triple-flavor-60000-60k-puffs-triple-flavor-0-5-nicotine-54ml\/\",\"name\":\"UZY Triple Flavor 60000 Puffs | 3-in-1 60K Disposable Vape\",\"isPartOf\":{\"@id\":\"https:\/\/uzyvape.com\/#website\"},\"primaryImageOfPage\":{\"@id\":\"https:\/\/uzyvape.com\/product\/uzy-triple-flavor-60000-60k-puffs-triple-flavor-0-5-nicotine-54ml\/#primaryimage\"},\"image\":{\"@id\":\"https:\/\/uzyvape.com\/product\/uzy-triple-flavor-60000-60k-puffs-triple-flavor-0-5-nicotine-54ml\/#primaryimage\"},\"thumbnailUrl\":\"https:\/\/uzyvape.com\/wp-content\/uploads\/2025\/05\/9-5.jpg\",\"datePublished\":\"2025-05-14T11:22:28+00:00\",\"dateModified\":\"2026-04-14T17:44:35+00:00\",\"description\":\"UZY Triple Flavor 60000 puffs disposable vape comes with 3-in-1 flavour switching, 850mAh rechargeable battery, and smart LED display. Shop 60K puffs today.\",\"breadcrumb\":{\"@id\":\"https:\/\/uzyvape.com\/product\/uzy-triple-flavor-60000-60k-puffs-triple-flavor-0-5-nicotine-54ml\/#breadcrumb\"},\"inLanguage\":\"fi\",\"potentialAction\":[{\"@type\":\"ReadAction\",\"target\":[\"https:\/\/uzyvape.com\/product\/uzy-triple-flavor-60000-60k-puffs-triple-flavor-0-5-nicotine-54ml\/\"]}]},{\"@type\":\"ImageObject\",\"inLanguage\":\"fi\",\"@id\":\"https:\/\/uzyvape.com\/product\/uzy-triple-flavor-60000-60k-puffs-triple-flavor-0-5-nicotine-54ml\/#primaryimage\",\"url\":\"https:\/\/uzyvape.com\/wp-content\/uploads\/2025\/05\/9-5.jpg\",\"contentUrl\":\"https:\/\/uzyvape.com\/wp-content\/uploads\/2025\/05\/9-5.jpg\",\"width\":2560,\"height\":2560},{\"@type\":\"BreadcrumbList\",\"@id\":\"https:\/\/uzyvape.com\/product\/uzy-triple-flavor-60000-60k-puffs-triple-flavor-0-5-nicotine-54ml\/#breadcrumb\",\"itemListElement\":[{\"@type\":\"ListItem\",\"position\":1,\"name\":\"Home\",\"item\":\"https:\/\/uzyvape.com\/\"},{\"@type\":\"ListItem\",\"position\":2,\"name\":\"Shop\",\"item\":\"https:\/\/uzyvape.com\/shop\/\"},{\"@type\":\"ListItem\",\"position\":3,\"name\":\"UZY TRIPLE FLAVOR 60000 60K Puffs Triple Flavor 0-5% Nicotine 54ml\"}]},{\"@type\":\"WebSite\",\"@id\":\"https:\/\/uzyvape.com\/#website\",\"url\":\"https:\/\/uzyvape.com\/\",\"name\":\"Uzy\",\"description\":\"Official website, selling Uzy Disposable Vape, source factory\",\"publisher\":{\"@id\":\"https:\/\/uzyvape.com\/#organization\"},\"potentialAction\":[{\"@type\":\"SearchAction\",\"target\":{\"@type\":\"EntryPoint\",\"urlTemplate\":\"https:\/\/uzyvape.com\/?s={search_term_string}\"},\"query-input\":{\"@type\":\"PropertyValueSpecification\",\"valueRequired\":true,\"valueName\":\"search_term_string\"}}],\"inLanguage\":\"fi\"},{\"@type\":\"Organization\",\"@id\":\"https:\/\/uzyvape.com\/#organization\",\"name\":\"Uzy\",\"url\":\"https:\/\/uzyvape.com\/\",\"logo\":{\"@type\":\"ImageObject\",\"inLanguage\":\"fi\",\"@id\":\"https:\/\/uzyvape.com\/#\/schema\/logo\/image\/\",\"url\":\"https:\/\/uzyvape.com\/wp-content\/uploads\/2022\/10\/UZY_LOGO.png\",\"contentUrl\":\"https:\/\/uzyvape.com\/wp-content\/uploads\/2022\/10\/UZY_LOGO.png\",\"width\":825,\"height\":302,\"caption\":\"Uzy\"},\"image\":{\"@id\":\"https:\/\/uzyvape.com\/#\/schema\/logo\/image\/\"}}]}<\/script>\n<!-- \/ Yoast SEO plugin. -->","yoast_head_json":{"title":"UZY Triple Flavor 60000 Puffs | 3-in-1 60K Disposable Vape","description":"UZY Triple Flavor 60000 puffs disposable vape comes with 3-in-1 flavour switching, 850mAh rechargeable battery, and smart LED display. Shop 60K puffs today.","robots":{"index":"index","follow":"follow","max-snippet":"max-snippet:-1","max-image-preview":"max-image-preview:large","max-video-preview":"max-video-preview:-1"},"canonical":"https:\/\/uzyvape.com\/fi\/tuote\/uzy-triple-flavor-60000-60k-puffs-triple-flavor-0-5-nicotine-54ml\/","og_locale":"fi_FI","og_type":"article","og_title":"UZY Triple Flavor 60000 Puffs | 3-in-1 60K Disposable Vape","og_description":"UZY Triple Flavor 60000 puffs disposable vape comes with 3-in-1 flavour switching, 850mAh rechargeable battery, and smart LED display. Shop 60K puffs today.","og_url":"https:\/\/uzyvape.com\/fi\/tuote\/uzy-triple-flavor-60000-60k-puffs-triple-flavor-0-5-nicotine-54ml\/","og_site_name":"Uzy","article_modified_time":"2026-04-14T17:44:35+00:00","og_image":[{"width":1024,"height":1024,"url":"https:\/\/uzyvape.com\/wp-content\/uploads\/2025\/05\/9-5-1024x1024.jpg","type":"image\/jpeg"}],"twitter_card":"summary_large_image","twitter_misc":{"Arvioitu lukuaika":"2 minuuttia"},"schema":{"@context":"https:\/\/schema.org","@graph":[{"@type":"WebPage","@id":"https:\/\/uzyvape.com\/product\/uzy-triple-flavor-60000-60k-puffs-triple-flavor-0-5-nicotine-54ml\/","url":"https:\/\/uzyvape.com\/product\/uzy-triple-flavor-60000-60k-puffs-triple-flavor-0-5-nicotine-54ml\/","name":"UZY Triple Flavor 60000 Puffs | 3-in-1 60K Disposable Vape","isPartOf":{"@id":"https:\/\/uzyvape.com\/#website"},"primaryImageOfPage":{"@id":"https:\/\/uzyvape.com\/product\/uzy-triple-flavor-60000-60k-puffs-triple-flavor-0-5-nicotine-54ml\/#primaryimage"},"image":{"@id":"https:\/\/uzyvape.com\/product\/uzy-triple-flavor-60000-60k-puffs-triple-flavor-0-5-nicotine-54ml\/#primaryimage"},"thumbnailUrl":"https:\/\/uzyvape.com\/wp-content\/uploads\/2025\/05\/9-5.jpg","datePublished":"2025-05-14T11:22:28+00:00","dateModified":"2026-04-14T17:44:35+00:00","description":"UZY Triple Flavor 60000 puffs disposable vape comes with 3-in-1 flavour switching, 850mAh rechargeable battery, and smart LED display. Shop 60K puffs today.","breadcrumb":{"@id":"https:\/\/uzyvape.com\/product\/uzy-triple-flavor-60000-60k-puffs-triple-flavor-0-5-nicotine-54ml\/#breadcrumb"},"inLanguage":"fi","potentialAction":[{"@type":"ReadAction","target":["https:\/\/uzyvape.com\/product\/uzy-triple-flavor-60000-60k-puffs-triple-flavor-0-5-nicotine-54ml\/"]}]},{"@type":"ImageObject","inLanguage":"fi","@id":"https:\/\/uzyvape.com\/product\/uzy-triple-flavor-60000-60k-puffs-triple-flavor-0-5-nicotine-54ml\/#primaryimage","url":"https:\/\/uzyvape.com\/wp-content\/uploads\/2025\/05\/9-5.jpg","contentUrl":"https:\/\/uzyvape.com\/wp-content\/uploads\/2025\/05\/9-5.jpg","width":2560,"height":2560},{"@type":"BreadcrumbList","@id":"https:\/\/uzyvape.com\/product\/uzy-triple-flavor-60000-60k-puffs-triple-flavor-0-5-nicotine-54ml\/#breadcrumb","itemListElement":[{"@type":"ListItem","position":1,"name":"Home","item":"https:\/\/uzyvape.com\/"},{"@type":"ListItem","position":2,"name":"Shop","item":"https:\/\/uzyvape.com\/shop\/"},{"@type":"ListItem","position":3,"name":"UZY TRIPLE FLAVOR 60000 60K Puffs Triple Flavor 0-5% Nicotine 54ml"}]},{"@type":"WebSite","@id":"https:\/\/uzyvape.com\/#website","url":"https:\/\/uzyvape.com\/","name":"Uzy","description":"Virallinen verkkosivusto, joka myy Uzy Disposable Vape, l\u00e4hdetehdas","publisher":{"@id":"https:\/\/uzyvape.com\/#organization"},"potentialAction":[{"@type":"SearchAction","target":{"@type":"EntryPoint","urlTemplate":"https:\/\/uzyvape.com\/?s={search_term_string}"},"query-input":{"@type":"PropertyValueSpecification","valueRequired":true,"valueName":"search_term_string"}}],"inLanguage":"fi"},{"@type":"Organization","@id":"https:\/\/uzyvape.com\/#organization","name":"Uzy","url":"https:\/\/uzyvape.com\/","logo":{"@type":"ImageObject","inLanguage":"fi","@id":"https:\/\/uzyvape.com\/#\/schema\/logo\/image\/","url":"https:\/\/uzyvape.com\/wp-content\/uploads\/2022\/10\/UZY_LOGO.png","contentUrl":"https:\/\/uzyvape.com\/wp-content\/uploads\/2022\/10\/UZY_LOGO.png","width":825,"height":302,"caption":"Uzy"},"image":{"@id":"https:\/\/uzyvape.com\/#\/schema\/logo\/image\/"}}]}},"_links":{"self":[{"href":"https:\/\/uzyvape.com\/fi\/wp-json\/wp\/v2\/product\/1085","targetHints":{"allow":["GET"]}}],"collection":[{"href":"https:\/\/uzyvape.com\/fi\/wp-json\/wp\/v2\/product"}],"about":[{"href":"https:\/\/uzyvape.com\/fi\/wp-json\/wp\/v2\/types\/product"}],"replies":[{"embeddable":true,"href":"https:\/\/uzyvape.com\/fi\/wp-json\/wp\/v2\/comments?post=1085"}],"wp:featuredmedia":[{"embeddable":true,"href":"https:\/\/uzyvape.com\/fi\/wp-json\/wp\/v2\/media\/1086"}],"wp:attachment":[{"href":"https:\/\/uzyvape.com\/fi\/wp-json\/wp\/v2\/media?parent=1085"}],"wp:term":[{"taxonomy":"product_brand","embeddable":true,"href":"https:\/\/uzyvape.com\/fi\/wp-json\/wp\/v2\/product_brand?post=1085"},{"taxonomy":"product_cat","embeddable":true,"href":"https:\/\/uzyvape.com\/fi\/wp-json\/wp\/v2\/product_cat?post=1085"},{"taxonomy":"product_tag","embeddable":true,"href":"https:\/\/uzyvape.com\/fi\/wp-json\/wp\/v2\/product_tag?post=1085"}],"curies":[{"name":"wp","href":"https:\/\/api.w.org\/{rel}","templated":true}]}}