{"id":1011,"date":"2025-05-14T10:05:30","date_gmt":"2025-05-14T10:05:30","guid":{"rendered":"https:\/\/uzyvape.com\/?post_type=product&#038;p=1011"},"modified":"2026-04-14T17:04:47","modified_gmt":"2026-04-14T17:04:47","slug":"uzy-tornado-20000-20k-puffs-0-2-3-5-nicotine-28ml","status":"publish","type":"product","link":"https:\/\/uzyvape.com\/fi\/tuote\/uzy-tornado-20000-20k-puffs-0-2-3-5-nicotine-28ml\/","title":{"rendered":"UZY Tornado 20000 20K Puhallusta Kertak\u00e4ytt\u00f6inen Vape"},"content":{"rendered":"<h2>UZY Tornado 20000 Tuotekatsaus<\/h2>\n<p>UZY Tornado 20000 on kertak\u00e4ytt\u00f6inen vape, joka on suunniteltu pitk\u00e4kestoiseen k\u00e4ytt\u00f6\u00f6n. Siin\u00e4 on 28 ml valmiiksi t\u00e4ytetty\u00e4 s\u00e4hk\u00f6nestett\u00e4, se tarjoaa jopa 20 000 imua laitetta kohden, ja se poistaa tarpeen t\u00e4ytt\u00f6\u00f6n tai kelan vaihtoon. Integroitu 850 mAh ladattava akku antaa virtaa laitteelle koko imum\u00e4\u00e4r\u00e4n ajan, ja Type-C-portti mahdollistaa nopean latauksen tarvittaessa.<\/p>\n<p>0,6 ohmin verkkokela luo tasaisen h\u00f6yryn ja kirkkaan maun joka henkosella. Sis\u00e4\u00e4nrakennettu LED-n\u00e4ytt\u00f6 n\u00e4ytt\u00e4\u00e4 j\u00e4ljell\u00e4 olevan akun ja puhallusten m\u00e4\u00e4r\u00e4n, joten tied\u00e4t aina, milloin suunnitella seuraavaa tilausta. T\u00e4m\u00e4 laite sis\u00e4lt\u00e4\u00e4 nelj\u00e4 nikotiinivahvuutta mieltymystesi mukaan ja 12 erilaista makuvaihtoehtoa.<\/p>\n<h2>Saatavilla olevat maut<\/h2>\n<ul>\n<li>Mustikka Vadelma<\/li>\n<li>Mansikka vesimeloni<\/li>\n<li>Mustikka j\u00e4\u00e4ll\u00e4<\/li>\n<li>Persikka Mango Ananas<\/li>\n<li>Viiniryp\u00e4lej\u00e4 j\u00e4ill\u00e4<\/li>\n<li>Vesimelonij\u00e4\u00e4<\/li>\n<li>Persikka-j\u00e4\u00e4tel\u00f6<\/li>\n<li>Mansikka Kiivi<\/li>\n<li>Kiivi Passionhedelm\u00e4<\/li>\n<li>MR Blue<\/li>\n<li>Kolmoismango-j\u00e4\u00e4<\/li>\n<li>Punainen energia j\u00e4\u00e4<\/li>\n<\/ul>\n<h2>Kattavat tiedot<\/h2>\n<table>\n<tbody>\n<tr>\n<td>Puhallusten m\u00e4\u00e4r\u00e4<\/td>\n<td>20000<\/td>\n<\/tr>\n<tr>\n<td>E-nestekapasiteetti<\/td>\n<td>28 ml<\/td>\n<\/tr>\n<tr>\n<td>Nikotiinivaihtoehdot<\/td>\n<td>0%, 2%, 3%, 5%<\/td>\n<\/tr>\n<tr>\n<td>Akkukapasiteetti<\/td>\n<td>850 mAh<\/td>\n<\/tr>\n<tr>\n<td>Lataustyyppi<\/td>\n<td>Type-C<\/td>\n<\/tr>\n<tr>\n<td>K\u00e4\u00e4mityyppi<\/td>\n<td>0.6ohm Mesh Coil<\/td>\n<\/tr>\n<tr>\n<td>Maun m\u00e4\u00e4r\u00e4<\/td>\n<td>12<\/td>\n<\/tr>\n<tr>\n<td>N\u00e4yt\u00e4<\/td>\n<td>LED<\/td>\n<\/tr>\n<\/tbody>\n<\/table>\n<h2>Akku ja lataus<\/h2>\n<p>850 mAh ladattava akku tukee t\u00e4ytt\u00e4 20 000 imukertaa. Liit\u00e4 laite mihin tahansa tavalliseen Type-C-latausporttiin t\u00e4ydent\u00e4m\u00e4\u00e4n virtaa, kun akun varaus v\u00e4henee ennen kuin olet lopettanut s\u00e4hk\u00f6savukkeesi nesteen k\u00e4yt\u00f6n. Laitteen k\u00e4ytt\u00f6\u00f6notto ei vaadi lis\u00e4asetuksia; laitteesi on k\u00e4ytt\u00f6valmis heti pakkauksesta otettaessa.<\/p>\n<h2>Usein kysytyt kysymykset<\/h2>\n<p><strong>Onko t\u00e4m\u00e4 laite k\u00e4ytt\u00f6valmis saapuessaan?<\/strong><br \/>Kyll\u00e4. Kaikki UZY Tornado 20000 -laitteet toimitetaan t\u00e4ytettyin\u00e4 ja ladattuina v\u00e4lit\u00f6nt\u00e4 k\u00e4ytt\u00f6\u00e4 varten.<\/p>\n<p><strong>Mink\u00e4 nikotiinivahvuuden minun pit\u00e4isi valita?<\/strong><br \/>Valitse 0% nikotiinia, jos et halua nikotiinia. Valitse 2% tai 3% s\u00e4\u00e4nn\u00f6lliseen k\u00e4ytt\u00f6\u00f6n. Valitse 5%, jos haluat suuremman nikotiiniannoksen.<\/p>","protected":false},"excerpt":{"rendered":"<p>UZY Tornado 20000 on ladattava kertak\u00e4ytt\u00f6inen h\u00f6yrytin, joka on suunniteltu pitk\u00e4aikaiseen k\u00e4ytt\u00f6\u00f6n. Siin\u00e4 on 28 ml esit\u00e4ytetty\u00e4 e-nestett\u00e4 ja se tarjoaa jopa 20000 suuhdelia, ilman t\u00e4ytt\u00f6j\u00e4 tai kelan vaihtoja. 0,6 ohmin verkkokela tuottaa yhten\u00e4ist\u00e4, tasaista h\u00f6yry\u00e4 jokaisella imaisulla.<\/p>","protected":false},"featured_media":1012,"comment_status":"open","ping_status":"closed","template":"","meta":{"_sitemap_exclude":false,"_sitemap_priority":"","_sitemap_frequency":""},"product_brand":[26],"product_cat":[34],"product_tag":[],"class_list":{"0":"post-1011","1":"product","2":"type-product","3":"status-publish","4":"has-post-thumbnail","6":"product_brand-uzy","7":"product_cat-20000-puffs","9":"first","10":"instock","11":"shipping-taxable","12":"purchasable","13":"product-type-variable"},"yoast_head":"<!-- This site is optimized with the Yoast SEO plugin v25.6 - https:\/\/yoast.com\/wordpress\/plugins\/seo\/ -->\n<title>UZY Tornado 20000 20K Puffs | 0% 2% 3% 5% Nicotine Disposable Vape<\/title>\n<meta name=\"description\" content=\"UZY Tornado 20000 disposable vape delivers 20000 puffs, comes in 12 flavors, with nicotine options 0%, 2%, 3%, and 5%. Shop original devices today.\" \/>\n<meta name=\"robots\" content=\"index, follow, max-snippet:-1, max-image-preview:large, max-video-preview:-1\" \/>\n<link rel=\"canonical\" href=\"https:\/\/uzyvape.com\/fi\/tuote\/uzy-tornado-20000-20k-puffs-0-2-3-5-nicotine-28ml\/\" \/>\n<meta property=\"og:locale\" content=\"fi_FI\" \/>\n<meta property=\"og:type\" content=\"article\" \/>\n<meta property=\"og:title\" content=\"UZY Tornado 20000 20K Puffs | 0% 2% 3% 5% Nicotine Disposable Vape\" \/>\n<meta property=\"og:description\" content=\"UZY Tornado 20000 disposable vape delivers 20000 puffs, comes in 12 flavors, with nicotine options 0%, 2%, 3%, and 5%. Shop original devices today.\" \/>\n<meta property=\"og:url\" content=\"https:\/\/uzyvape.com\/fi\/tuote\/uzy-tornado-20000-20k-puffs-0-2-3-5-nicotine-28ml\/\" \/>\n<meta property=\"og:site_name\" content=\"Uzy\" \/>\n<meta property=\"article:modified_time\" content=\"2026-04-14T17:04:47+00:00\" \/>\n<meta property=\"og:image\" content=\"https:\/\/uzyvape.com\/wp-content\/uploads\/2025\/05\/2-1.jpg\" \/>\n\t<meta property=\"og:image:width\" content=\"1280\" \/>\n\t<meta property=\"og:image:height\" content=\"1280\" \/>\n\t<meta property=\"og:image:type\" content=\"image\/jpeg\" \/>\n<meta name=\"twitter:card\" content=\"summary_large_image\" \/>\n<meta name=\"twitter:label1\" content=\"Arvioitu lukuaika\" \/>\n\t<meta name=\"twitter:data1\" content=\"2 minuuttia\" \/>\n<script type=\"application\/ld+json\" class=\"yoast-schema-graph\">{\"@context\":\"https:\/\/schema.org\",\"@graph\":[{\"@type\":\"WebPage\",\"@id\":\"https:\/\/uzyvape.com\/product\/uzy-tornado-20000-20k-puffs-0-2-3-5-nicotine-28ml\/\",\"url\":\"https:\/\/uzyvape.com\/product\/uzy-tornado-20000-20k-puffs-0-2-3-5-nicotine-28ml\/\",\"name\":\"UZY Tornado 20000 20K Puffs | 0% 2% 3% 5% Nicotine Disposable Vape\",\"isPartOf\":{\"@id\":\"https:\/\/uzyvape.com\/#website\"},\"primaryImageOfPage\":{\"@id\":\"https:\/\/uzyvape.com\/product\/uzy-tornado-20000-20k-puffs-0-2-3-5-nicotine-28ml\/#primaryimage\"},\"image\":{\"@id\":\"https:\/\/uzyvape.com\/product\/uzy-tornado-20000-20k-puffs-0-2-3-5-nicotine-28ml\/#primaryimage\"},\"thumbnailUrl\":\"https:\/\/uzyvape.com\/wp-content\/uploads\/2025\/05\/2-1.jpg\",\"datePublished\":\"2025-05-14T10:05:30+00:00\",\"dateModified\":\"2026-04-14T17:04:47+00:00\",\"description\":\"UZY Tornado 20000 disposable vape delivers 20000 puffs, comes in 12 flavors, with nicotine options 0%, 2%, 3%, and 5%. Shop original devices today.\",\"breadcrumb\":{\"@id\":\"https:\/\/uzyvape.com\/product\/uzy-tornado-20000-20k-puffs-0-2-3-5-nicotine-28ml\/#breadcrumb\"},\"inLanguage\":\"fi\",\"potentialAction\":[{\"@type\":\"ReadAction\",\"target\":[\"https:\/\/uzyvape.com\/product\/uzy-tornado-20000-20k-puffs-0-2-3-5-nicotine-28ml\/\"]}]},{\"@type\":\"ImageObject\",\"inLanguage\":\"fi\",\"@id\":\"https:\/\/uzyvape.com\/product\/uzy-tornado-20000-20k-puffs-0-2-3-5-nicotine-28ml\/#primaryimage\",\"url\":\"https:\/\/uzyvape.com\/wp-content\/uploads\/2025\/05\/2-1.jpg\",\"contentUrl\":\"https:\/\/uzyvape.com\/wp-content\/uploads\/2025\/05\/2-1.jpg\",\"width\":1280,\"height\":1280},{\"@type\":\"BreadcrumbList\",\"@id\":\"https:\/\/uzyvape.com\/product\/uzy-tornado-20000-20k-puffs-0-2-3-5-nicotine-28ml\/#breadcrumb\",\"itemListElement\":[{\"@type\":\"ListItem\",\"position\":1,\"name\":\"Home\",\"item\":\"https:\/\/uzyvape.com\/\"},{\"@type\":\"ListItem\",\"position\":2,\"name\":\"Shop\",\"item\":\"https:\/\/uzyvape.com\/shop\/\"},{\"@type\":\"ListItem\",\"position\":3,\"name\":\"UZY Tornado 20000 20K Puffs Disposable Vape\"}]},{\"@type\":\"WebSite\",\"@id\":\"https:\/\/uzyvape.com\/#website\",\"url\":\"https:\/\/uzyvape.com\/\",\"name\":\"Uzy\",\"description\":\"Official website, selling Uzy Disposable Vape, source factory\",\"publisher\":{\"@id\":\"https:\/\/uzyvape.com\/#organization\"},\"potentialAction\":[{\"@type\":\"SearchAction\",\"target\":{\"@type\":\"EntryPoint\",\"urlTemplate\":\"https:\/\/uzyvape.com\/?s={search_term_string}\"},\"query-input\":{\"@type\":\"PropertyValueSpecification\",\"valueRequired\":true,\"valueName\":\"search_term_string\"}}],\"inLanguage\":\"fi\"},{\"@type\":\"Organization\",\"@id\":\"https:\/\/uzyvape.com\/#organization\",\"name\":\"Uzy\",\"url\":\"https:\/\/uzyvape.com\/\",\"logo\":{\"@type\":\"ImageObject\",\"inLanguage\":\"fi\",\"@id\":\"https:\/\/uzyvape.com\/#\/schema\/logo\/image\/\",\"url\":\"https:\/\/uzyvape.com\/wp-content\/uploads\/2022\/10\/UZY_LOGO.png\",\"contentUrl\":\"https:\/\/uzyvape.com\/wp-content\/uploads\/2022\/10\/UZY_LOGO.png\",\"width\":825,\"height\":302,\"caption\":\"Uzy\"},\"image\":{\"@id\":\"https:\/\/uzyvape.com\/#\/schema\/logo\/image\/\"}}]}<\/script>\n<!-- \/ Yoast SEO plugin. -->","yoast_head_json":{"title":"UZY Tornado 20000 20K Puffs | 0% 2% 3% 5% Nicotine Disposable Vape","description":"UZY Tornado 20000 disposable vape delivers 20000 puffs, comes in 12 flavors, with nicotine options 0%, 2%, 3%, and 5%. Shop original devices today.","robots":{"index":"index","follow":"follow","max-snippet":"max-snippet:-1","max-image-preview":"max-image-preview:large","max-video-preview":"max-video-preview:-1"},"canonical":"https:\/\/uzyvape.com\/fi\/tuote\/uzy-tornado-20000-20k-puffs-0-2-3-5-nicotine-28ml\/","og_locale":"fi_FI","og_type":"article","og_title":"UZY Tornado 20000 20K Puffs | 0% 2% 3% 5% Nicotine Disposable Vape","og_description":"UZY Tornado 20000 disposable vape delivers 20000 puffs, comes in 12 flavors, with nicotine options 0%, 2%, 3%, and 5%. Shop original devices today.","og_url":"https:\/\/uzyvape.com\/fi\/tuote\/uzy-tornado-20000-20k-puffs-0-2-3-5-nicotine-28ml\/","og_site_name":"Uzy","article_modified_time":"2026-04-14T17:04:47+00:00","og_image":[{"width":1280,"height":1280,"url":"https:\/\/uzyvape.com\/wp-content\/uploads\/2025\/05\/2-1.jpg","type":"image\/jpeg"}],"twitter_card":"summary_large_image","twitter_misc":{"Arvioitu lukuaika":"2 minuuttia"},"schema":{"@context":"https:\/\/schema.org","@graph":[{"@type":"WebPage","@id":"https:\/\/uzyvape.com\/product\/uzy-tornado-20000-20k-puffs-0-2-3-5-nicotine-28ml\/","url":"https:\/\/uzyvape.com\/product\/uzy-tornado-20000-20k-puffs-0-2-3-5-nicotine-28ml\/","name":"UZY Tornado 20000 20K Puffs | 0% 2% 3% 5% Nicotine Disposable Vape","isPartOf":{"@id":"https:\/\/uzyvape.com\/#website"},"primaryImageOfPage":{"@id":"https:\/\/uzyvape.com\/product\/uzy-tornado-20000-20k-puffs-0-2-3-5-nicotine-28ml\/#primaryimage"},"image":{"@id":"https:\/\/uzyvape.com\/product\/uzy-tornado-20000-20k-puffs-0-2-3-5-nicotine-28ml\/#primaryimage"},"thumbnailUrl":"https:\/\/uzyvape.com\/wp-content\/uploads\/2025\/05\/2-1.jpg","datePublished":"2025-05-14T10:05:30+00:00","dateModified":"2026-04-14T17:04:47+00:00","description":"UZY Tornado 20000 disposable vape delivers 20000 puffs, comes in 12 flavors, with nicotine options 0%, 2%, 3%, and 5%. Shop original devices today.","breadcrumb":{"@id":"https:\/\/uzyvape.com\/product\/uzy-tornado-20000-20k-puffs-0-2-3-5-nicotine-28ml\/#breadcrumb"},"inLanguage":"fi","potentialAction":[{"@type":"ReadAction","target":["https:\/\/uzyvape.com\/product\/uzy-tornado-20000-20k-puffs-0-2-3-5-nicotine-28ml\/"]}]},{"@type":"ImageObject","inLanguage":"fi","@id":"https:\/\/uzyvape.com\/product\/uzy-tornado-20000-20k-puffs-0-2-3-5-nicotine-28ml\/#primaryimage","url":"https:\/\/uzyvape.com\/wp-content\/uploads\/2025\/05\/2-1.jpg","contentUrl":"https:\/\/uzyvape.com\/wp-content\/uploads\/2025\/05\/2-1.jpg","width":1280,"height":1280},{"@type":"BreadcrumbList","@id":"https:\/\/uzyvape.com\/product\/uzy-tornado-20000-20k-puffs-0-2-3-5-nicotine-28ml\/#breadcrumb","itemListElement":[{"@type":"ListItem","position":1,"name":"Home","item":"https:\/\/uzyvape.com\/"},{"@type":"ListItem","position":2,"name":"Shop","item":"https:\/\/uzyvape.com\/shop\/"},{"@type":"ListItem","position":3,"name":"UZY Tornado 20000 20K Puffs Disposable Vape"}]},{"@type":"WebSite","@id":"https:\/\/uzyvape.com\/#website","url":"https:\/\/uzyvape.com\/","name":"Uzy","description":"Virallinen verkkosivusto, joka myy Uzy Disposable Vape, l\u00e4hdetehdas","publisher":{"@id":"https:\/\/uzyvape.com\/#organization"},"potentialAction":[{"@type":"SearchAction","target":{"@type":"EntryPoint","urlTemplate":"https:\/\/uzyvape.com\/?s={search_term_string}"},"query-input":{"@type":"PropertyValueSpecification","valueRequired":true,"valueName":"search_term_string"}}],"inLanguage":"fi"},{"@type":"Organization","@id":"https:\/\/uzyvape.com\/#organization","name":"Uzy","url":"https:\/\/uzyvape.com\/","logo":{"@type":"ImageObject","inLanguage":"fi","@id":"https:\/\/uzyvape.com\/#\/schema\/logo\/image\/","url":"https:\/\/uzyvape.com\/wp-content\/uploads\/2022\/10\/UZY_LOGO.png","contentUrl":"https:\/\/uzyvape.com\/wp-content\/uploads\/2022\/10\/UZY_LOGO.png","width":825,"height":302,"caption":"Uzy"},"image":{"@id":"https:\/\/uzyvape.com\/#\/schema\/logo\/image\/"}}]}},"_links":{"self":[{"href":"https:\/\/uzyvape.com\/fi\/wp-json\/wp\/v2\/product\/1011","targetHints":{"allow":["GET"]}}],"collection":[{"href":"https:\/\/uzyvape.com\/fi\/wp-json\/wp\/v2\/product"}],"about":[{"href":"https:\/\/uzyvape.com\/fi\/wp-json\/wp\/v2\/types\/product"}],"replies":[{"embeddable":true,"href":"https:\/\/uzyvape.com\/fi\/wp-json\/wp\/v2\/comments?post=1011"}],"wp:featuredmedia":[{"embeddable":true,"href":"https:\/\/uzyvape.com\/fi\/wp-json\/wp\/v2\/media\/1012"}],"wp:attachment":[{"href":"https:\/\/uzyvape.com\/fi\/wp-json\/wp\/v2\/media?parent=1011"}],"wp:term":[{"taxonomy":"product_brand","embeddable":true,"href":"https:\/\/uzyvape.com\/fi\/wp-json\/wp\/v2\/product_brand?post=1011"},{"taxonomy":"product_cat","embeddable":true,"href":"https:\/\/uzyvape.com\/fi\/wp-json\/wp\/v2\/product_cat?post=1011"},{"taxonomy":"product_tag","embeddable":true,"href":"https:\/\/uzyvape.com\/fi\/wp-json\/wp\/v2\/product_tag?post=1011"}],"curies":[{"name":"wp","href":"https:\/\/api.w.org\/{rel}","templated":true}]}}