{"id":1268,"date":"2025-05-15T11:53:55","date_gmt":"2025-05-15T11:53:55","guid":{"rendered":"https:\/\/uzyvape.com\/?page_id=1268"},"modified":"2025-05-15T11:53:55","modified_gmt":"2025-05-15T11:53:55","slug":"customs-issues","status":"publish","type":"page","link":"https:\/\/uzyvape.com\/fi\/customs-issues\/","title":{"rendered":"Tullikysymykset"},"content":{"rendered":"<p>UZY on sitoutunut varmistamaan saumattoman ostokokemuksen asiakkaillemme maailmanlaajuisesti. UZY-kertak\u00e4ytt\u00f6isten h\u00f6yryjen virallisena verkkosivustona toimitamme tuotteitamme maailmanlaajuisesti huolellisesti ja tehokkaasti. Kansainv\u00e4liset l\u00e4hetykset saattavat kuitenkin toisinaan kohdata tulliin liittyvi\u00e4 viiv\u00e4styksi\u00e4 tai tarkastuksia, joihin emme voi vaikuttaa.<\/p>\n<p>Siin\u00e4 harvinaisessa tapauksessa, ett\u00e4 tulli pid\u00e4tt\u00e4\u00e4 tai takavarikoi tilauksesi, voit olla varma, ett\u00e4 olemme suojelleet sinua. Tarjoudumme viipym\u00e4tt\u00e4 l\u00e4hett\u00e4m\u00e4\u00e4n tilauksesi uudelleen tai antamaan t\u00e4yden hyvityksen, riippuen siit\u00e4, mit\u00e4 haluat. Vaikka t\u00e4llaiset tapaukset ovat harvinaisia, asetamme tyytyv\u00e4isyytesi ja mielenrauhasi etusijalle.<\/p>\n<p>Jos sinulla on kysytt\u00e4v\u00e4\u00e4 tai huolenaiheita tilauksestasi, ota rohkeasti yhteytt\u00e4 meihin osoitteessa\u00a0<a href=\"mailto:info@uzyvape.com\">info@uzyvape.com<\/a>. Tiimimme on t\u00e4\u00e4ll\u00e4 auttamassa sinua kaikissa vaiheissa!<\/p>","protected":false},"excerpt":{"rendered":"<p>At UZY, we are committed to ensuring a seamless shopping experience for our customers worldwide. As the official website for UZY disposable vapes, we ship our products globally with care and efficiency. However, international shipments may occasionally face customs-related delays or inspections, which are beyond our control. In the rare event that your order is [&hellip;]<\/p>","protected":false},"author":1,"featured_media":0,"parent":0,"menu_order":0,"comment_status":"closed","ping_status":"closed","template":"","meta":{"_sitemap_exclude":false,"_sitemap_priority":"","_sitemap_frequency":"","footnotes":""},"class_list":["post-1268","page","type-page","status-publish","hentry"],"yoast_head":"<!-- This site is optimized with the Yoast SEO plugin v25.6 - https:\/\/yoast.com\/wordpress\/plugins\/seo\/ -->\n<title>Customs Issues - Uzy<\/title>\n<meta name=\"robots\" content=\"index, follow, max-snippet:-1, max-image-preview:large, max-video-preview:-1\" \/>\n<link rel=\"canonical\" href=\"https:\/\/uzyvape.com\/fi\/customs-issues\/\" \/>\n<meta property=\"og:locale\" content=\"fi_FI\" \/>\n<meta property=\"og:type\" content=\"article\" \/>\n<meta property=\"og:title\" content=\"Customs Issues - Uzy\" \/>\n<meta property=\"og:description\" content=\"At UZY, we are committed to ensuring a seamless shopping experience for our customers worldwide. As the official website for UZY disposable vapes, we ship our products globally with care and efficiency. However, international shipments may occasionally face customs-related delays or inspections, which are beyond our control. In the rare event that your order is [&hellip;]\" \/>\n<meta property=\"og:url\" content=\"https:\/\/uzyvape.com\/fi\/customs-issues\/\" \/>\n<meta property=\"og:site_name\" content=\"Uzy\" \/>\n<meta name=\"twitter:card\" content=\"summary_large_image\" \/>\n<meta name=\"twitter:label1\" content=\"Arvioitu lukuaika\" \/>\n\t<meta name=\"twitter:data1\" content=\"1 minuutti\" \/>\n<script type=\"application\/ld+json\" class=\"yoast-schema-graph\">{\"@context\":\"https:\/\/schema.org\",\"@graph\":[{\"@type\":\"WebPage\",\"@id\":\"https:\/\/uzyvape.com\/customs-issues\/\",\"url\":\"https:\/\/uzyvape.com\/customs-issues\/\",\"name\":\"Customs Issues - Uzy\",\"isPartOf\":{\"@id\":\"https:\/\/uzyvape.com\/#website\"},\"datePublished\":\"2025-05-15T11:53:55+00:00\",\"breadcrumb\":{\"@id\":\"https:\/\/uzyvape.com\/customs-issues\/#breadcrumb\"},\"inLanguage\":\"fi\",\"potentialAction\":[{\"@type\":\"ReadAction\",\"target\":[\"https:\/\/uzyvape.com\/customs-issues\/\"]}]},{\"@type\":\"BreadcrumbList\",\"@id\":\"https:\/\/uzyvape.com\/customs-issues\/#breadcrumb\",\"itemListElement\":[{\"@type\":\"ListItem\",\"position\":1,\"name\":\"Home\",\"item\":\"https:\/\/uzyvape.com\/\"},{\"@type\":\"ListItem\",\"position\":2,\"name\":\"Customs Issues\"}]},{\"@type\":\"WebSite\",\"@id\":\"https:\/\/uzyvape.com\/#website\",\"url\":\"https:\/\/uzyvape.com\/\",\"name\":\"Uzy\",\"description\":\"Official website, selling Uzy Disposable Vape, source factory\",\"publisher\":{\"@id\":\"https:\/\/uzyvape.com\/#organization\"},\"potentialAction\":[{\"@type\":\"SearchAction\",\"target\":{\"@type\":\"EntryPoint\",\"urlTemplate\":\"https:\/\/uzyvape.com\/?s={search_term_string}\"},\"query-input\":{\"@type\":\"PropertyValueSpecification\",\"valueRequired\":true,\"valueName\":\"search_term_string\"}}],\"inLanguage\":\"fi\"},{\"@type\":\"Organization\",\"@id\":\"https:\/\/uzyvape.com\/#organization\",\"name\":\"Uzy\",\"url\":\"https:\/\/uzyvape.com\/\",\"logo\":{\"@type\":\"ImageObject\",\"inLanguage\":\"fi\",\"@id\":\"https:\/\/uzyvape.com\/#\/schema\/logo\/image\/\",\"url\":\"https:\/\/uzyvape.com\/wp-content\/uploads\/2022\/10\/UZY_LOGO.png\",\"contentUrl\":\"https:\/\/uzyvape.com\/wp-content\/uploads\/2022\/10\/UZY_LOGO.png\",\"width\":825,\"height\":302,\"caption\":\"Uzy\"},\"image\":{\"@id\":\"https:\/\/uzyvape.com\/#\/schema\/logo\/image\/\"}}]}<\/script>\n<!-- \/ Yoast SEO plugin. -->","yoast_head_json":{"title":"Customs Issues - Uzy","robots":{"index":"index","follow":"follow","max-snippet":"max-snippet:-1","max-image-preview":"max-image-preview:large","max-video-preview":"max-video-preview:-1"},"canonical":"https:\/\/uzyvape.com\/fi\/customs-issues\/","og_locale":"fi_FI","og_type":"article","og_title":"Customs Issues - Uzy","og_description":"At UZY, we are committed to ensuring a seamless shopping experience for our customers worldwide. As the official website for UZY disposable vapes, we ship our products globally with care and efficiency. However, international shipments may occasionally face customs-related delays or inspections, which are beyond our control. In the rare event that your order is [&hellip;]","og_url":"https:\/\/uzyvape.com\/fi\/customs-issues\/","og_site_name":"Uzy","twitter_card":"summary_large_image","twitter_misc":{"Arvioitu lukuaika":"1 minuutti"},"schema":{"@context":"https:\/\/schema.org","@graph":[{"@type":"WebPage","@id":"https:\/\/uzyvape.com\/customs-issues\/","url":"https:\/\/uzyvape.com\/customs-issues\/","name":"Customs Issues - Uzy","isPartOf":{"@id":"https:\/\/uzyvape.com\/#website"},"datePublished":"2025-05-15T11:53:55+00:00","breadcrumb":{"@id":"https:\/\/uzyvape.com\/customs-issues\/#breadcrumb"},"inLanguage":"fi","potentialAction":[{"@type":"ReadAction","target":["https:\/\/uzyvape.com\/customs-issues\/"]}]},{"@type":"BreadcrumbList","@id":"https:\/\/uzyvape.com\/customs-issues\/#breadcrumb","itemListElement":[{"@type":"ListItem","position":1,"name":"Home","item":"https:\/\/uzyvape.com\/"},{"@type":"ListItem","position":2,"name":"Customs Issues"}]},{"@type":"WebSite","@id":"https:\/\/uzyvape.com\/#website","url":"https:\/\/uzyvape.com\/","name":"Uzy","description":"Virallinen verkkosivusto, joka myy Uzy Disposable Vape, l\u00e4hdetehdas","publisher":{"@id":"https:\/\/uzyvape.com\/#organization"},"potentialAction":[{"@type":"SearchAction","target":{"@type":"EntryPoint","urlTemplate":"https:\/\/uzyvape.com\/?s={search_term_string}"},"query-input":{"@type":"PropertyValueSpecification","valueRequired":true,"valueName":"search_term_string"}}],"inLanguage":"fi"},{"@type":"Organization","@id":"https:\/\/uzyvape.com\/#organization","name":"Uzy","url":"https:\/\/uzyvape.com\/","logo":{"@type":"ImageObject","inLanguage":"fi","@id":"https:\/\/uzyvape.com\/#\/schema\/logo\/image\/","url":"https:\/\/uzyvape.com\/wp-content\/uploads\/2022\/10\/UZY_LOGO.png","contentUrl":"https:\/\/uzyvape.com\/wp-content\/uploads\/2022\/10\/UZY_LOGO.png","width":825,"height":302,"caption":"Uzy"},"image":{"@id":"https:\/\/uzyvape.com\/#\/schema\/logo\/image\/"}}]}},"_links":{"self":[{"href":"https:\/\/uzyvape.com\/fi\/wp-json\/wp\/v2\/pages\/1268","targetHints":{"allow":["GET"]}}],"collection":[{"href":"https:\/\/uzyvape.com\/fi\/wp-json\/wp\/v2\/pages"}],"about":[{"href":"https:\/\/uzyvape.com\/fi\/wp-json\/wp\/v2\/types\/page"}],"author":[{"embeddable":true,"href":"https:\/\/uzyvape.com\/fi\/wp-json\/wp\/v2\/users\/1"}],"replies":[{"embeddable":true,"href":"https:\/\/uzyvape.com\/fi\/wp-json\/wp\/v2\/comments?post=1268"}],"version-history":[{"count":0,"href":"https:\/\/uzyvape.com\/fi\/wp-json\/wp\/v2\/pages\/1268\/revisions"}],"wp:attachment":[{"href":"https:\/\/uzyvape.com\/fi\/wp-json\/wp\/v2\/media?parent=1268"}],"curies":[{"name":"wp","href":"https:\/\/api.w.org\/{rel}","templated":true}]}}