{"id":882,"date":"2025-05-14T09:27:50","date_gmt":"2025-05-14T09:27:50","guid":{"rendered":"https:\/\/uzyvape.com\/?post_type=product&#038;p=882"},"modified":"2026-04-14T17:23:38","modified_gmt":"2026-04-14T17:23:38","slug":"uzy-bang-digital-15000-15k-puffs-0-2-3-5-nicotine-20ml","status":"publish","type":"product","link":"https:\/\/uzyvape.com\/es\/producto\/uzy-bang-digital-15000-15k-puffs-0-2-3-5-nicotine-20ml\/","title":{"rendered":"UZY Bang DIgital 15000 15K Puffs 0% 2% 3% 5% Nicotina 20ml"},"content":{"rendered":"<h2>UZY Bang DIgital 15K Caracter\u00edsticas del producto:<\/h2>\n<p>En <strong>UZY Bang Digital 15K<\/strong> es un revolucionario <a href=\"https:\/\/uzyvape.com\/es\/producto\/uzy-tornado-20000-20k-puffs-disposable-vape\/\">vapeador desechable<\/a> que ofrece un extraordinario <strong>15,000 <a href=\"https:\/\/uzyvape.com\/es\/categoria-producto\/10000-puffs\/\">Bocaditos<\/a><\/strong>y es una de las opciones m\u00e1s duraderas que existen. Ofrece <strong>niveles de nicotina personalizables<\/strong> de <strong>0% a 5%<\/strong>que le permite personalizar su experiencia de vapeo sin esfuerzo. Equipado con un elegante <strong>Pantalla LED<\/strong>Este dispositivo proporciona actualizaciones en tiempo real sobre la duraci\u00f3n de la bater\u00eda y los niveles de e-l\u00edquido, asegurando que siempre tengas el control. Alimentado por un robusto <strong>Bater\u00eda de 850 mAh<\/strong> con c\u00f3modo <strong>Carga Tipo-C<\/strong>UZY Bang Digital 15K est\u00e1 listo para la acci\u00f3n. Su impresionante <strong>20 ml de capacidad de e-l\u00edquido<\/strong> permite sesiones de vapeo prolongadas sin recargas frecuentes, mientras que la bobina de malla integrada mejora la entrega de sabor para una experiencia de primera calidad. Combinando tecnolog\u00eda punta y dise\u00f1o elegante, este vape redefine la comodidad y el rendimiento en el mercado de los cigarrillos electr\u00f3nicos desechables.<\/p>\n<h2>Par\u00e1metros del producto:<\/h2>\n<p>Capacidad del l\u00edquido:20ml<br \/>\nCapacidad de la bater\u00eda: 850 mAh<br \/>\n(Recargable)<br \/>\nPuerto de entrada: Tipo-C<br \/>\nBocanadas:15000<br \/>\nNicotina salina: 0% 2% 3% 5%<\/p>\n<h2>Sabores de productos:<\/h2>\n<p>1.Sand\u00eda con fresa<br \/>\n2.Ar\u00e1ndano sobre hielo<br \/>\n3.Melocot\u00f3n Mango Pi\u00f1a<br \/>\n4.Hielo de uva<br \/>\n5.Hielo de sand\u00eda<br \/>\n6.Hielo de melocot\u00f3n<br \/>\n7.Kiwi fresa<br \/>\n8.Ar\u00e1ndano Frambuesa<br \/>\n9.Kiwi fruta de la pasi\u00f3n<br \/>\n10.MR Azul<br \/>\n11.Triple Hielo de mango<br \/>\n12.Hielo energ\u00e9tico rojo<\/p>","protected":false},"excerpt":{"rendered":"<p>Disfruta de una experiencia de vapeo duradera con un dispositivo desechable dise\u00f1ado para un uso prolongado. Este dispositivo cuenta con una pantalla digital clara que muestra los niveles de bater\u00eda y l\u00edquido electr\u00f3nico. Elige entre m\u00faltiples concentraciones de nicotina y 12 sabores distintos para que coincida con tus preferencias.<\/p>","protected":false},"featured_media":883,"comment_status":"open","ping_status":"closed","template":"","meta":{"_sitemap_exclude":false,"_sitemap_priority":"","_sitemap_frequency":""},"product_brand":[],"product_cat":[36],"product_tag":[],"class_list":{"0":"post-882","1":"product","2":"type-product","3":"status-publish","4":"has-post-thumbnail","6":"product_cat-15000-puffs","8":"first","9":"instock","10":"shipping-taxable","11":"purchasable","12":"product-type-variable"},"yoast_head":"<!-- This site is optimized with the Yoast SEO plugin v25.6 - https:\/\/yoast.com\/wordpress\/plugins\/seo\/ -->\n<title>UZY Bang Digital 15000 | 15K Puffs Disposable Vape with LED Display<\/title>\n<meta name=\"description\" content=\"Shop the UZY Bang Digital 15000 disposable vape, with 15000 puffs, LED digital display, multiple nicotine strengths and 12 signature flavors available.\" \/>\n<meta name=\"robots\" content=\"index, follow, max-snippet:-1, max-image-preview:large, max-video-preview:-1\" \/>\n<link rel=\"canonical\" href=\"https:\/\/uzyvape.com\/es\/producto\/uzy-bang-digital-15000-15k-puffs-0-2-3-5-nicotine-20ml\/\" \/>\n<meta property=\"og:locale\" content=\"es_ES\" \/>\n<meta property=\"og:type\" content=\"article\" \/>\n<meta property=\"og:title\" content=\"UZY Bang Digital 15000 | 15K Puffs Disposable Vape with LED Display\" \/>\n<meta property=\"og:description\" content=\"Shop the UZY Bang Digital 15000 disposable vape, with 15000 puffs, LED digital display, multiple nicotine strengths and 12 signature flavors available.\" \/>\n<meta property=\"og:url\" content=\"https:\/\/uzyvape.com\/es\/producto\/uzy-bang-digital-15000-15k-puffs-0-2-3-5-nicotine-20ml\/\" \/>\n<meta property=\"og:site_name\" content=\"Uzy\" \/>\n<meta property=\"article:modified_time\" content=\"2026-04-14T17:23:38+00:00\" \/>\n<meta property=\"og:image\" content=\"https:\/\/uzyvape.com\/wp-content\/uploads\/2025\/05\/18.png\" \/>\n\t<meta property=\"og:image:width\" content=\"1600\" \/>\n\t<meta property=\"og:image:height\" content=\"1600\" \/>\n\t<meta property=\"og:image:type\" content=\"image\/png\" \/>\n<meta name=\"twitter:card\" content=\"summary_large_image\" \/>\n<meta name=\"twitter:label1\" content=\"Tiempo de lectura\" \/>\n\t<meta name=\"twitter:data1\" content=\"1 minuto\" \/>\n<script type=\"application\/ld+json\" class=\"yoast-schema-graph\">{\"@context\":\"https:\/\/schema.org\",\"@graph\":[{\"@type\":\"WebPage\",\"@id\":\"https:\/\/uzyvape.com\/product\/uzy-bang-digital-15000-15k-puffs-0-2-3-5-nicotine-20ml\/\",\"url\":\"https:\/\/uzyvape.com\/product\/uzy-bang-digital-15000-15k-puffs-0-2-3-5-nicotine-20ml\/\",\"name\":\"UZY Bang Digital 15000 | 15K Puffs Disposable Vape with LED Display\",\"isPartOf\":{\"@id\":\"https:\/\/uzyvape.com\/#website\"},\"primaryImageOfPage\":{\"@id\":\"https:\/\/uzyvape.com\/product\/uzy-bang-digital-15000-15k-puffs-0-2-3-5-nicotine-20ml\/#primaryimage\"},\"image\":{\"@id\":\"https:\/\/uzyvape.com\/product\/uzy-bang-digital-15000-15k-puffs-0-2-3-5-nicotine-20ml\/#primaryimage\"},\"thumbnailUrl\":\"https:\/\/uzyvape.com\/wp-content\/uploads\/2025\/05\/18.png\",\"datePublished\":\"2025-05-14T09:27:50+00:00\",\"dateModified\":\"2026-04-14T17:23:38+00:00\",\"description\":\"Shop the UZY Bang Digital 15000 disposable vape, with 15000 puffs, LED digital display, multiple nicotine strengths and 12 signature flavors available.\",\"breadcrumb\":{\"@id\":\"https:\/\/uzyvape.com\/product\/uzy-bang-digital-15000-15k-puffs-0-2-3-5-nicotine-20ml\/#breadcrumb\"},\"inLanguage\":\"es\",\"potentialAction\":[{\"@type\":\"ReadAction\",\"target\":[\"https:\/\/uzyvape.com\/product\/uzy-bang-digital-15000-15k-puffs-0-2-3-5-nicotine-20ml\/\"]}]},{\"@type\":\"ImageObject\",\"inLanguage\":\"es\",\"@id\":\"https:\/\/uzyvape.com\/product\/uzy-bang-digital-15000-15k-puffs-0-2-3-5-nicotine-20ml\/#primaryimage\",\"url\":\"https:\/\/uzyvape.com\/wp-content\/uploads\/2025\/05\/18.png\",\"contentUrl\":\"https:\/\/uzyvape.com\/wp-content\/uploads\/2025\/05\/18.png\",\"width\":1600,\"height\":1600},{\"@type\":\"BreadcrumbList\",\"@id\":\"https:\/\/uzyvape.com\/product\/uzy-bang-digital-15000-15k-puffs-0-2-3-5-nicotine-20ml\/#breadcrumb\",\"itemListElement\":[{\"@type\":\"ListItem\",\"position\":1,\"name\":\"Home\",\"item\":\"https:\/\/uzyvape.com\/\"},{\"@type\":\"ListItem\",\"position\":2,\"name\":\"Shop\",\"item\":\"https:\/\/uzyvape.com\/shop\/\"},{\"@type\":\"ListItem\",\"position\":3,\"name\":\"UZY Bang DIgital 15000 15K Puffs 0% 2% 3% 5% Nicotine 20ml\"}]},{\"@type\":\"WebSite\",\"@id\":\"https:\/\/uzyvape.com\/#website\",\"url\":\"https:\/\/uzyvape.com\/\",\"name\":\"Uzy\",\"description\":\"Official website, selling Uzy Disposable Vape, source factory\",\"publisher\":{\"@id\":\"https:\/\/uzyvape.com\/#organization\"},\"potentialAction\":[{\"@type\":\"SearchAction\",\"target\":{\"@type\":\"EntryPoint\",\"urlTemplate\":\"https:\/\/uzyvape.com\/?s={search_term_string}\"},\"query-input\":{\"@type\":\"PropertyValueSpecification\",\"valueRequired\":true,\"valueName\":\"search_term_string\"}}],\"inLanguage\":\"es\"},{\"@type\":\"Organization\",\"@id\":\"https:\/\/uzyvape.com\/#organization\",\"name\":\"Uzy\",\"url\":\"https:\/\/uzyvape.com\/\",\"logo\":{\"@type\":\"ImageObject\",\"inLanguage\":\"es\",\"@id\":\"https:\/\/uzyvape.com\/#\/schema\/logo\/image\/\",\"url\":\"https:\/\/uzyvape.com\/wp-content\/uploads\/2022\/10\/UZY_LOGO.png\",\"contentUrl\":\"https:\/\/uzyvape.com\/wp-content\/uploads\/2022\/10\/UZY_LOGO.png\",\"width\":825,\"height\":302,\"caption\":\"Uzy\"},\"image\":{\"@id\":\"https:\/\/uzyvape.com\/#\/schema\/logo\/image\/\"}}]}<\/script>\n<!-- \/ Yoast SEO plugin. -->","yoast_head_json":{"title":"UZY Bang Digital 15000 | 15K Puffs Disposable Vape with LED Display","description":"Shop the UZY Bang Digital 15000 disposable vape, with 15000 puffs, LED digital display, multiple nicotine strengths and 12 signature flavors available.","robots":{"index":"index","follow":"follow","max-snippet":"max-snippet:-1","max-image-preview":"max-image-preview:large","max-video-preview":"max-video-preview:-1"},"canonical":"https:\/\/uzyvape.com\/es\/producto\/uzy-bang-digital-15000-15k-puffs-0-2-3-5-nicotine-20ml\/","og_locale":"es_ES","og_type":"article","og_title":"UZY Bang Digital 15000 | 15K Puffs Disposable Vape with LED Display","og_description":"Shop the UZY Bang Digital 15000 disposable vape, with 15000 puffs, LED digital display, multiple nicotine strengths and 12 signature flavors available.","og_url":"https:\/\/uzyvape.com\/es\/producto\/uzy-bang-digital-15000-15k-puffs-0-2-3-5-nicotine-20ml\/","og_site_name":"Uzy","article_modified_time":"2026-04-14T17:23:38+00:00","og_image":[{"width":1600,"height":1600,"url":"https:\/\/uzyvape.com\/wp-content\/uploads\/2025\/05\/18.png","type":"image\/png"}],"twitter_card":"summary_large_image","twitter_misc":{"Tiempo de lectura":"1 minuto"},"schema":{"@context":"https:\/\/schema.org","@graph":[{"@type":"WebPage","@id":"https:\/\/uzyvape.com\/product\/uzy-bang-digital-15000-15k-puffs-0-2-3-5-nicotine-20ml\/","url":"https:\/\/uzyvape.com\/product\/uzy-bang-digital-15000-15k-puffs-0-2-3-5-nicotine-20ml\/","name":"UZY Bang Digital 15000 | 15K Puffs Disposable Vape with LED Display","isPartOf":{"@id":"https:\/\/uzyvape.com\/#website"},"primaryImageOfPage":{"@id":"https:\/\/uzyvape.com\/product\/uzy-bang-digital-15000-15k-puffs-0-2-3-5-nicotine-20ml\/#primaryimage"},"image":{"@id":"https:\/\/uzyvape.com\/product\/uzy-bang-digital-15000-15k-puffs-0-2-3-5-nicotine-20ml\/#primaryimage"},"thumbnailUrl":"https:\/\/uzyvape.com\/wp-content\/uploads\/2025\/05\/18.png","datePublished":"2025-05-14T09:27:50+00:00","dateModified":"2026-04-14T17:23:38+00:00","description":"Shop the UZY Bang Digital 15000 disposable vape, with 15000 puffs, LED digital display, multiple nicotine strengths and 12 signature flavors available.","breadcrumb":{"@id":"https:\/\/uzyvape.com\/product\/uzy-bang-digital-15000-15k-puffs-0-2-3-5-nicotine-20ml\/#breadcrumb"},"inLanguage":"es","potentialAction":[{"@type":"ReadAction","target":["https:\/\/uzyvape.com\/product\/uzy-bang-digital-15000-15k-puffs-0-2-3-5-nicotine-20ml\/"]}]},{"@type":"ImageObject","inLanguage":"es","@id":"https:\/\/uzyvape.com\/product\/uzy-bang-digital-15000-15k-puffs-0-2-3-5-nicotine-20ml\/#primaryimage","url":"https:\/\/uzyvape.com\/wp-content\/uploads\/2025\/05\/18.png","contentUrl":"https:\/\/uzyvape.com\/wp-content\/uploads\/2025\/05\/18.png","width":1600,"height":1600},{"@type":"BreadcrumbList","@id":"https:\/\/uzyvape.com\/product\/uzy-bang-digital-15000-15k-puffs-0-2-3-5-nicotine-20ml\/#breadcrumb","itemListElement":[{"@type":"ListItem","position":1,"name":"Home","item":"https:\/\/uzyvape.com\/"},{"@type":"ListItem","position":2,"name":"Shop","item":"https:\/\/uzyvape.com\/shop\/"},{"@type":"ListItem","position":3,"name":"UZY Bang DIgital 15000 15K Puffs 0% 2% 3% 5% Nicotine 20ml"}]},{"@type":"WebSite","@id":"https:\/\/uzyvape.com\/#website","url":"https:\/\/uzyvape.com\/","name":"Uzy","description":"Sitio web oficial, la venta de Uzy Vape desechable, f\u00e1brica de origen","publisher":{"@id":"https:\/\/uzyvape.com\/#organization"},"potentialAction":[{"@type":"SearchAction","target":{"@type":"EntryPoint","urlTemplate":"https:\/\/uzyvape.com\/?s={search_term_string}"},"query-input":{"@type":"PropertyValueSpecification","valueRequired":true,"valueName":"search_term_string"}}],"inLanguage":"es"},{"@type":"Organization","@id":"https:\/\/uzyvape.com\/#organization","name":"Uzy","url":"https:\/\/uzyvape.com\/","logo":{"@type":"ImageObject","inLanguage":"es","@id":"https:\/\/uzyvape.com\/#\/schema\/logo\/image\/","url":"https:\/\/uzyvape.com\/wp-content\/uploads\/2022\/10\/UZY_LOGO.png","contentUrl":"https:\/\/uzyvape.com\/wp-content\/uploads\/2022\/10\/UZY_LOGO.png","width":825,"height":302,"caption":"Uzy"},"image":{"@id":"https:\/\/uzyvape.com\/#\/schema\/logo\/image\/"}}]}},"_links":{"self":[{"href":"https:\/\/uzyvape.com\/es\/wp-json\/wp\/v2\/product\/882","targetHints":{"allow":["GET"]}}],"collection":[{"href":"https:\/\/uzyvape.com\/es\/wp-json\/wp\/v2\/product"}],"about":[{"href":"https:\/\/uzyvape.com\/es\/wp-json\/wp\/v2\/types\/product"}],"replies":[{"embeddable":true,"href":"https:\/\/uzyvape.com\/es\/wp-json\/wp\/v2\/comments?post=882"}],"wp:featuredmedia":[{"embeddable":true,"href":"https:\/\/uzyvape.com\/es\/wp-json\/wp\/v2\/media\/883"}],"wp:attachment":[{"href":"https:\/\/uzyvape.com\/es\/wp-json\/wp\/v2\/media?parent=882"}],"wp:term":[{"taxonomy":"product_brand","embeddable":true,"href":"https:\/\/uzyvape.com\/es\/wp-json\/wp\/v2\/product_brand?post=882"},{"taxonomy":"product_cat","embeddable":true,"href":"https:\/\/uzyvape.com\/es\/wp-json\/wp\/v2\/product_cat?post=882"},{"taxonomy":"product_tag","embeddable":true,"href":"https:\/\/uzyvape.com\/es\/wp-json\/wp\/v2\/product_tag?post=882"}],"curies":[{"name":"wp","href":"https:\/\/api.w.org\/{rel}","templated":true}]}}