{"id":2251,"date":"2026-04-14T09:18:28","date_gmt":"2026-04-14T09:18:28","guid":{"rendered":"https:\/\/uzyvape.com\/?post_type=product&#038;p=2251"},"modified":"2026-04-14T09:30:12","modified_gmt":"2026-04-14T09:30:12","slug":"uzy-crystal-star-60000-disposable-vape","status":"publish","type":"product","link":"https:\/\/uzyvape.com\/es\/producto\/uzy-crystal-star-60000-disposable-vape\/","title":{"rendered":"UZY Crystal Star 60000 60K Bocanadas Vaporizador Desechable"},"content":{"rendered":"<p>UZY Crystal Star 60000 ofrece una experiencia de vapeo prolongada sin cambios frecuentes. Contiene 40 ml de l\u00edquido electr\u00f3nico precargado para igualar su capacidad de 60000 caladas. No necesita recargas.<\/p>\n<h2>60000 caladas para uso prolongado<\/h2>\n<p>Este vape desechable ofrece un total de 60000 caladas por dispositivo. Eso equivale a 4-6 semanas de vapeo diario para la mayor\u00eda de los usuarios. Menos reemplazos reducen los residuos.<\/p>\n<p>Si prefiere un menor n\u00famero de caladas para usar sobre la marcha, explore nuestra <a href=\"https:\/\/uzyvape.com\/es\/categoria-producto\/50000-puffs\/\">Colecci\u00f3n de 50000 caladas<\/a> para encontrar una opci\u00f3n que coincida.<\/p>\n<p>12 opciones de sabor para cada preferencia de gusto.<\/p>\n<h2>Desglose completo de especificaciones<\/h2>\n<ul>\n<li>N\u00famero de caladas: 60000<\/li>\n<li>Capacidad de e-l\u00edquido: 40 ml prellenado<\/li>\n<li>Tipo de resistencia: resistencia de malla de 0.9\u03a9<\/li>\n<li>Opciones de intensidad de nicotina: 0%, 2%, 3%, 5%<\/li>\n<li>Capacidad de la bater\u00eda: 650 mAh recargable<\/li>\n<li>Interfaz de carga: Tipo-C<\/li>\n<li>Pantalla: Pantalla LED inteligente que monitorea los niveles de bater\u00eda y e-l\u00edquido<\/li>\n<li>Recuento de sabores: 12 opciones \u00fanicas<\/li>\n<li>Dise\u00f1o exterior: acabado de corte de cristal<\/li>\n<\/ul>\n<h2>Bobina de malla de 0.9\u03a9 para vapor consistente<\/h2>\n<p>La resistencia de malla de 0,9\u03a9 calienta el e-l\u00edquido de manera uniforme en toda su superficie. Produce vapor suave con un sabor claro desde la primera calada hasta la \u00faltima. Sin caladas quemadas.<\/p>\n<h2>Pantalla LED inteligente para un seguimiento claro<\/h2>\n<p>La pantalla incorporada muestra el estado de la bater\u00eda en tiempo real y el volumen restante de e-l\u00edquido. Nunca te tomar\u00e1 por sorpresa un dispositivo apagado inesperadamente. Verifica los niveles de un vistazo.<\/p>\n<p>Similar <a href=\"https:\/\/uzyvape.com\/es\/producto\/uzy-bang-digital-15000-15k-puffs-0-2-3-5-nicotine-20ml\/\">vapes de pantalla digital<\/a> ofrezca este mismo seguimiento conveniente para recuentos de bocanadas m\u00e1s peque\u00f1os.<\/p>\n<h2>Cartelera de Sabores Completos<\/h2>\n<ul>\n<li>Ar\u00e1ndano Frambuesa<\/li>\n<li>Kiwi Fruta de la pasi\u00f3n Guayaba<\/li>\n<li>Cola de cereza con hielo<\/li>\n<li>Sand\u00eda con fresa<\/li>\n<li>Bayas mixtas<\/li>\n<li>Melocot\u00f3n Helado<\/li>\n<li>Lim\u00f3n Lima<\/li>\n<li>Uva Helada<\/li>\n<li>Sand\u00eda Helada<\/li>\n<li>Amor 66<\/li>\n<li>Dos manzanas<\/li>\n<li>Ar\u00e1ndano Helado<\/li>\n<\/ul>\n<p>Cada sabor est\u00e1 dise\u00f1ado para mantener su intensidad a lo largo de las 60,000 caladas. Prueba nuevas opciones para encontrar tu preferida. Cambia de sabores cada vez que te apetezca un cambio.<\/p>\n<h2>Dise\u00f1o Exterior Crystal Cut<\/h2>\n<p>El acabado de cristal facetado le da al dispositivo un aspecto premium distintivo. Cabe f\u00e1cilmente en los bolsillos de chaquetas y en las bolsas de las mochilas. Se adapta c\u00f3modamente a tu mano durante el uso.<\/p>\n<h2>Bater\u00eda recargable tipo C<\/h2>\n<p>La bater\u00eda de 650 mAh admite varios d\u00edas de uso entre cargas. La carga Tipo-C se conecta con la mayor\u00eda de los cables de carga modernos. Recarga tu bater\u00eda en minutos.<\/p>","protected":false},"excerpt":{"rendered":"<p>Obt\u00e9n hasta 60000 caladas consistentes de este vapeador desechable precargado. Cuenta con una bobina de malla de 0,9 \u03a9, una pantalla LED inteligente y 12 opciones de sabor distintas. La carga tipo C lo mantiene funcionando durante semanas de uso diario.<\/p>","protected":false},"featured_media":2238,"comment_status":"open","ping_status":"closed","template":"","meta":{"_sitemap_exclude":false,"_sitemap_priority":"","_sitemap_frequency":""},"product_brand":[],"product_cat":[15,31],"product_tag":[49,50,44,43,39,42,48,41],"class_list":{"0":"post-2251","1":"product","2":"type-product","3":"status-publish","4":"has-post-thumbnail","6":"product_cat-uncategorized","7":"product_cat-60000-puffs","8":"product_tag-60k-puffs-disposable-vape","9":"product_tag-crystal-design-disposable-vape","10":"product_tag-long-lasting-disposable-vape","11":"product_tag-mesh-coil-disposable-vape","12":"product_tag-multi-flavor-disposable-vape","13":"product_tag-rechargeable-disposable-vape","14":"product_tag-smart-led-display-vape","15":"product_tag-uzy-disposable-vape","17":"first","18":"instock","19":"sale","20":"shipping-taxable","21":"purchasable","22":"product-type-variable"},"yoast_head":"<!-- This site is optimized with the Yoast SEO plugin v25.6 - https:\/\/yoast.com\/wordpress\/plugins\/seo\/ -->\n<title>UZY Crystal Star 60000 | 60K Puff Smart Display Disposable Vape<\/title>\n<meta name=\"description\" content=\"UZY Crystal Star 60000 disposable vape delivers 60000 puffs, 12 flavors, 0.9\u03a9 mesh coil, and smart LED display. Get extended, consistent vaping every day.\" \/>\n<meta name=\"robots\" content=\"index, follow, max-snippet:-1, max-image-preview:large, max-video-preview:-1\" \/>\n<link rel=\"canonical\" href=\"https:\/\/uzyvape.com\/es\/producto\/uzy-crystal-star-60000-disposable-vape\/\" \/>\n<meta property=\"og:locale\" content=\"es_ES\" \/>\n<meta property=\"og:type\" content=\"article\" \/>\n<meta property=\"og:title\" content=\"UZY Crystal Star 60000 | 60K Puff Smart Display Disposable Vape\" \/>\n<meta property=\"og:description\" content=\"UZY Crystal Star 60000 disposable vape delivers 60000 puffs, 12 flavors, 0.9\u03a9 mesh coil, and smart LED display. Get extended, consistent vaping every day.\" \/>\n<meta property=\"og:url\" content=\"https:\/\/uzyvape.com\/es\/producto\/uzy-crystal-star-60000-disposable-vape\/\" \/>\n<meta property=\"og:site_name\" content=\"Uzy\" \/>\n<meta property=\"article:modified_time\" content=\"2026-04-14T09:30:12+00:00\" \/>\n<meta property=\"og:image\" content=\"https:\/\/uzyvape.com\/wp-content\/uploads\/2026\/04\/uzy-crystal-star-60000-disposable-vape-16-1024x1024.png\" \/>\n\t<meta property=\"og:image:width\" content=\"1024\" \/>\n\t<meta property=\"og:image:height\" content=\"1024\" \/>\n\t<meta property=\"og:image:type\" content=\"image\/png\" \/>\n<meta name=\"twitter:card\" content=\"summary_large_image\" \/>\n<meta name=\"twitter:label1\" content=\"Tiempo de lectura\" \/>\n\t<meta name=\"twitter:data1\" content=\"2 minutos\" \/>\n<script type=\"application\/ld+json\" class=\"yoast-schema-graph\">{\"@context\":\"https:\/\/schema.org\",\"@graph\":[{\"@type\":\"WebPage\",\"@id\":\"https:\/\/uzyvape.com\/product\/uzy-crystal-star-60000-disposable-vape\/\",\"url\":\"https:\/\/uzyvape.com\/product\/uzy-crystal-star-60000-disposable-vape\/\",\"name\":\"UZY Crystal Star 60000 | 60K Puff Smart Display Disposable Vape\",\"isPartOf\":{\"@id\":\"https:\/\/uzyvape.com\/#website\"},\"primaryImageOfPage\":{\"@id\":\"https:\/\/uzyvape.com\/product\/uzy-crystal-star-60000-disposable-vape\/#primaryimage\"},\"image\":{\"@id\":\"https:\/\/uzyvape.com\/product\/uzy-crystal-star-60000-disposable-vape\/#primaryimage\"},\"thumbnailUrl\":\"https:\/\/uzyvape.com\/wp-content\/uploads\/2026\/04\/uzy-crystal-star-60000-disposable-vape-16.png\",\"datePublished\":\"2026-04-14T09:18:28+00:00\",\"dateModified\":\"2026-04-14T09:30:12+00:00\",\"description\":\"UZY Crystal Star 60000 disposable vape delivers 60000 puffs, 12 flavors, 0.9\u03a9 mesh coil, and smart LED display. Get extended, consistent vaping every day.\",\"breadcrumb\":{\"@id\":\"https:\/\/uzyvape.com\/product\/uzy-crystal-star-60000-disposable-vape\/#breadcrumb\"},\"inLanguage\":\"es\",\"potentialAction\":[{\"@type\":\"ReadAction\",\"target\":[\"https:\/\/uzyvape.com\/product\/uzy-crystal-star-60000-disposable-vape\/\"]}]},{\"@type\":\"ImageObject\",\"inLanguage\":\"es\",\"@id\":\"https:\/\/uzyvape.com\/product\/uzy-crystal-star-60000-disposable-vape\/#primaryimage\",\"url\":\"https:\/\/uzyvape.com\/wp-content\/uploads\/2026\/04\/uzy-crystal-star-60000-disposable-vape-16.png\",\"contentUrl\":\"https:\/\/uzyvape.com\/wp-content\/uploads\/2026\/04\/uzy-crystal-star-60000-disposable-vape-16.png\",\"width\":2334,\"height\":2334,\"caption\":\"UZY Crystal Star 60000 60K Puff Disposable Vape\"},{\"@type\":\"BreadcrumbList\",\"@id\":\"https:\/\/uzyvape.com\/product\/uzy-crystal-star-60000-disposable-vape\/#breadcrumb\",\"itemListElement\":[{\"@type\":\"ListItem\",\"position\":1,\"name\":\"Home\",\"item\":\"https:\/\/uzyvape.com\/\"},{\"@type\":\"ListItem\",\"position\":2,\"name\":\"Shop\",\"item\":\"https:\/\/uzyvape.com\/shop\/\"},{\"@type\":\"ListItem\",\"position\":3,\"name\":\"UZY Crystal Star 60000 60K Puff Disposable Vape\"}]},{\"@type\":\"WebSite\",\"@id\":\"https:\/\/uzyvape.com\/#website\",\"url\":\"https:\/\/uzyvape.com\/\",\"name\":\"Uzy\",\"description\":\"Official website, selling Uzy Disposable Vape, source factory\",\"publisher\":{\"@id\":\"https:\/\/uzyvape.com\/#organization\"},\"potentialAction\":[{\"@type\":\"SearchAction\",\"target\":{\"@type\":\"EntryPoint\",\"urlTemplate\":\"https:\/\/uzyvape.com\/?s={search_term_string}\"},\"query-input\":{\"@type\":\"PropertyValueSpecification\",\"valueRequired\":true,\"valueName\":\"search_term_string\"}}],\"inLanguage\":\"es\"},{\"@type\":\"Organization\",\"@id\":\"https:\/\/uzyvape.com\/#organization\",\"name\":\"Uzy\",\"url\":\"https:\/\/uzyvape.com\/\",\"logo\":{\"@type\":\"ImageObject\",\"inLanguage\":\"es\",\"@id\":\"https:\/\/uzyvape.com\/#\/schema\/logo\/image\/\",\"url\":\"https:\/\/uzyvape.com\/wp-content\/uploads\/2022\/10\/UZY_LOGO.png\",\"contentUrl\":\"https:\/\/uzyvape.com\/wp-content\/uploads\/2022\/10\/UZY_LOGO.png\",\"width\":825,\"height\":302,\"caption\":\"Uzy\"},\"image\":{\"@id\":\"https:\/\/uzyvape.com\/#\/schema\/logo\/image\/\"}}]}<\/script>\n<!-- \/ Yoast SEO plugin. -->","yoast_head_json":{"title":"UZY Crystal Star 60000 | 60K Puff Smart Display Disposable Vape","description":"UZY Crystal Star 60000 disposable vape delivers 60000 puffs, 12 flavors, 0.9\u03a9 mesh coil, and smart LED display. Get extended, consistent vaping every day.","robots":{"index":"index","follow":"follow","max-snippet":"max-snippet:-1","max-image-preview":"max-image-preview:large","max-video-preview":"max-video-preview:-1"},"canonical":"https:\/\/uzyvape.com\/es\/producto\/uzy-crystal-star-60000-disposable-vape\/","og_locale":"es_ES","og_type":"article","og_title":"UZY Crystal Star 60000 | 60K Puff Smart Display Disposable Vape","og_description":"UZY Crystal Star 60000 disposable vape delivers 60000 puffs, 12 flavors, 0.9\u03a9 mesh coil, and smart LED display. Get extended, consistent vaping every day.","og_url":"https:\/\/uzyvape.com\/es\/producto\/uzy-crystal-star-60000-disposable-vape\/","og_site_name":"Uzy","article_modified_time":"2026-04-14T09:30:12+00:00","og_image":[{"width":1024,"height":1024,"url":"https:\/\/uzyvape.com\/wp-content\/uploads\/2026\/04\/uzy-crystal-star-60000-disposable-vape-16-1024x1024.png","type":"image\/png"}],"twitter_card":"summary_large_image","twitter_misc":{"Tiempo de lectura":"2 minutos"},"schema":{"@context":"https:\/\/schema.org","@graph":[{"@type":"WebPage","@id":"https:\/\/uzyvape.com\/product\/uzy-crystal-star-60000-disposable-vape\/","url":"https:\/\/uzyvape.com\/product\/uzy-crystal-star-60000-disposable-vape\/","name":"UZY Crystal Star 60000 | 60K Puff Smart Display Disposable Vape","isPartOf":{"@id":"https:\/\/uzyvape.com\/#website"},"primaryImageOfPage":{"@id":"https:\/\/uzyvape.com\/product\/uzy-crystal-star-60000-disposable-vape\/#primaryimage"},"image":{"@id":"https:\/\/uzyvape.com\/product\/uzy-crystal-star-60000-disposable-vape\/#primaryimage"},"thumbnailUrl":"https:\/\/uzyvape.com\/wp-content\/uploads\/2026\/04\/uzy-crystal-star-60000-disposable-vape-16.png","datePublished":"2026-04-14T09:18:28+00:00","dateModified":"2026-04-14T09:30:12+00:00","description":"UZY Crystal Star 60000 disposable vape delivers 60000 puffs, 12 flavors, 0.9\u03a9 mesh coil, and smart LED display. Get extended, consistent vaping every day.","breadcrumb":{"@id":"https:\/\/uzyvape.com\/product\/uzy-crystal-star-60000-disposable-vape\/#breadcrumb"},"inLanguage":"es","potentialAction":[{"@type":"ReadAction","target":["https:\/\/uzyvape.com\/product\/uzy-crystal-star-60000-disposable-vape\/"]}]},{"@type":"ImageObject","inLanguage":"es","@id":"https:\/\/uzyvape.com\/product\/uzy-crystal-star-60000-disposable-vape\/#primaryimage","url":"https:\/\/uzyvape.com\/wp-content\/uploads\/2026\/04\/uzy-crystal-star-60000-disposable-vape-16.png","contentUrl":"https:\/\/uzyvape.com\/wp-content\/uploads\/2026\/04\/uzy-crystal-star-60000-disposable-vape-16.png","width":2334,"height":2334,"caption":"UZY Crystal Star 60000 60K Puff Disposable Vape"},{"@type":"BreadcrumbList","@id":"https:\/\/uzyvape.com\/product\/uzy-crystal-star-60000-disposable-vape\/#breadcrumb","itemListElement":[{"@type":"ListItem","position":1,"name":"Home","item":"https:\/\/uzyvape.com\/"},{"@type":"ListItem","position":2,"name":"Shop","item":"https:\/\/uzyvape.com\/shop\/"},{"@type":"ListItem","position":3,"name":"UZY Crystal Star 60000 60K Puff Disposable Vape"}]},{"@type":"WebSite","@id":"https:\/\/uzyvape.com\/#website","url":"https:\/\/uzyvape.com\/","name":"Uzy","description":"Sitio web oficial, la venta de Uzy Vape desechable, f\u00e1brica de origen","publisher":{"@id":"https:\/\/uzyvape.com\/#organization"},"potentialAction":[{"@type":"SearchAction","target":{"@type":"EntryPoint","urlTemplate":"https:\/\/uzyvape.com\/?s={search_term_string}"},"query-input":{"@type":"PropertyValueSpecification","valueRequired":true,"valueName":"search_term_string"}}],"inLanguage":"es"},{"@type":"Organization","@id":"https:\/\/uzyvape.com\/#organization","name":"Uzy","url":"https:\/\/uzyvape.com\/","logo":{"@type":"ImageObject","inLanguage":"es","@id":"https:\/\/uzyvape.com\/#\/schema\/logo\/image\/","url":"https:\/\/uzyvape.com\/wp-content\/uploads\/2022\/10\/UZY_LOGO.png","contentUrl":"https:\/\/uzyvape.com\/wp-content\/uploads\/2022\/10\/UZY_LOGO.png","width":825,"height":302,"caption":"Uzy"},"image":{"@id":"https:\/\/uzyvape.com\/#\/schema\/logo\/image\/"}}]}},"_links":{"self":[{"href":"https:\/\/uzyvape.com\/es\/wp-json\/wp\/v2\/product\/2251","targetHints":{"allow":["GET"]}}],"collection":[{"href":"https:\/\/uzyvape.com\/es\/wp-json\/wp\/v2\/product"}],"about":[{"href":"https:\/\/uzyvape.com\/es\/wp-json\/wp\/v2\/types\/product"}],"replies":[{"embeddable":true,"href":"https:\/\/uzyvape.com\/es\/wp-json\/wp\/v2\/comments?post=2251"}],"wp:featuredmedia":[{"embeddable":true,"href":"https:\/\/uzyvape.com\/es\/wp-json\/wp\/v2\/media\/2238"}],"wp:attachment":[{"href":"https:\/\/uzyvape.com\/es\/wp-json\/wp\/v2\/media?parent=2251"}],"wp:term":[{"taxonomy":"product_brand","embeddable":true,"href":"https:\/\/uzyvape.com\/es\/wp-json\/wp\/v2\/product_brand?post=2251"},{"taxonomy":"product_cat","embeddable":true,"href":"https:\/\/uzyvape.com\/es\/wp-json\/wp\/v2\/product_cat?post=2251"},{"taxonomy":"product_tag","embeddable":true,"href":"https:\/\/uzyvape.com\/es\/wp-json\/wp\/v2\/product_tag?post=2251"}],"curies":[{"name":"wp","href":"https:\/\/api.w.org\/{rel}","templated":true}]}}