{"id":1066,"date":"2025-05-14T10:56:32","date_gmt":"2025-05-14T10:56:32","guid":{"rendered":"https:\/\/uzyvape.com\/?post_type=product&#038;p=1066"},"modified":"2026-04-14T16:46:53","modified_gmt":"2026-04-14T16:46:53","slug":"uzy-crystal-twin-50000-50k-puffs-double-flavor-0-5-nicotine-40ml","status":"publish","type":"product","link":"https:\/\/uzyvape.com\/es\/producto\/uzy-crystal-twin-50000-50k-puffs-double-flavor-0-5-nicotine-40ml\/","title":{"rendered":"Vapeador Desechable de Doble Sabor UZY Crystal Twin 50K 50000 Puffs"},"content":{"rendered":"<h2>Resumen del producto<\/h2>\n<p>El UZY Crystal Twin 50000 es un vape desechable de alta capacidad dise\u00f1ado para un uso prolongado y opciones de sabor vers\u00e1tiles. Ofreciendo 50000 caladas por dispositivo, este modelo cuenta con un sistema de doble sabor que te permite cambiar entre dos sabores distintos cuando quieras. Cada dispositivo contiene 40 ml de l\u00edquido electr\u00f3nico precargado, dividido equitativamente en dos c\u00e1maras de 20 ml, para que obtengas todo el sabor de cada opci\u00f3n durante toda la vida \u00fatil del dispositivo. Las bobinas de malla dual de 0.9 ohmios producen un vapor consistente con cada calada, y el dise\u00f1o inspirado en cristales cabe f\u00e1cilmente en un bolsillo o bolso.<\/p>\n<h2>Combinaciones de sabores<\/h2>\n<ul>\n<li>Hielo de ar\u00e1ndanos y melocot\u00f3n de verano<\/li>\n<li>Kiwi Maracuy\u00e1 Guayaba y Ar\u00e1ndano Frambuesa<\/li>\n<li>Helado de fresa, kiwi y uva<\/li>\n<li>Kiwi Maracuy\u00e1 Guayaba y Dos Manzanas<\/li>\n<li>Fresa Sand\u00eda y Lim\u00f3n Lima<\/li>\n<li>Hielo de ar\u00e1ndano, frambuesa y cereza<\/li>\n<li>Fresa Frambuesa Cereza &amp; Mr Blue<\/li>\n<li>Melocot\u00f3n Mango Pi\u00f1a y Red Bull<\/li>\n<li>Hielo de sand\u00eda y bayas mixtas<\/li>\n<li>Fresa, Pl\u00e1tano y Amor 66<\/li>\n<\/ul>\n<h2>Especificaciones completas<\/h2>\n<table>\n<tbody>\n<tr>\n<td>Conteo de Inhalaciones<\/td>\n<td>50000<\/td>\n<\/tr>\n<tr>\n<td>Capacidad Total de E-l\u00edquido<\/td>\n<td>40ml (20ml por sabor)<\/td>\n<\/tr>\n<tr>\n<td>Opciones de Fuerza de Nicotina<\/td>\n<td>0%, 2%, 3%, 5%<\/td>\n<\/tr>\n<tr>\n<td>Capacidad de la bater\u00eda<\/td>\n<td>Recargable de 850 mAh<\/td>\n<\/tr>\n<tr>\n<td>Tipo de carga<\/td>\n<td>Tipo-C<\/td>\n<\/tr>\n<tr>\n<td>Tipo de bobina<\/td>\n<td>Resistencias duales de malla de 0.9ohm<\/td>\n<\/tr>\n<tr>\n<td>Caracter\u00edsticas principales<\/td>\n<td>Doble cambio de sabor, pantalla LED inteligente, dise\u00f1o inspirado en cristal<\/td>\n<\/tr>\n<tr>\n<td>Peso del dispositivo<\/td>\n<td>105g<\/td>\n<\/tr>\n<\/tbody>\n<\/table>\n<h2>Bater\u00eda y carga<\/h2>\n<p>Este dispositivo funciona con una bater\u00eda recargable de 850 mAh que mantiene la carga durante varios d\u00edas de uso normal. El puerto de carga tipo C te permite recargar la bater\u00eda r\u00e1pidamente cuando lo necesites, para que nunca te quedes sin tus sabores favoritos. La pantalla LED inteligente incorporada muestra actualizaciones en tiempo real del nivel de bater\u00eda restante y del l\u00edquido de vapeo, para que siempre sepas cu\u00e1ndo cargar o planificar tu pr\u00f3ximo dispositivo.<\/p>\n<h2>Preguntas frecuentes<\/h2>\n<p><strong>\u00bfPuedo cambiar de sabores en cualquier momento?<\/strong><br \/>S\u00ed, el sistema de conmutaci\u00f3n integrado te permite cambiar entre los dos sabores prellenados cuando quieras.<\/p>\n<p><strong>\u00bfEste dispositivo es recargable?<\/strong><br \/>No, este es un dispositivo desechable precargado, dise\u00f1ado para usarse una vez agotado todo el l\u00edquido electr\u00f3nico.<\/p>\n<p><strong>\u00bfQu\u00e9 opciones de nicotina est\u00e1n disponibles?<\/strong><br \/>Este dispositivo viene en concentraciones de nicotina de 0%, 2%, 3%y 5% para que coincida con su preferencia.<\/p>","protected":false},"excerpt":{"rendered":"<p>UZY Crystal Twin 50000 ofrece 50000 caladas con un sistema integrado de cambio de doble sabor. Contiene 40ml de l\u00edquido electr\u00f3nico total divididos entre dos dep\u00f3sitos de 20ml, emparejados con bobinas de malla dual de 0.9ohm para un vapor suave y consistente. Una bater\u00eda recargable de 850mAh y una pantalla LED inteligente te mantienen informado de los niveles de bater\u00eda y l\u00edquido electr\u00f3nico durante el uso.<\/p>","protected":false},"featured_media":1067,"comment_status":"open","ping_status":"closed","template":"","meta":{"_sitemap_exclude":false,"_sitemap_priority":"","_sitemap_frequency":""},"product_brand":[26],"product_cat":[32],"product_tag":[],"class_list":{"0":"post-1066","1":"product","2":"type-product","3":"status-publish","4":"has-post-thumbnail","6":"product_brand-uzy","7":"product_cat-50000-puffs","9":"first","10":"instock","11":"shipping-taxable","12":"purchasable","13":"product-type-variable"},"yoast_head":"<!-- This site is optimized with the Yoast SEO plugin v25.6 - https:\/\/yoast.com\/wordpress\/plugins\/seo\/ -->\n<title>UZY Crystal Twin 50K 50000 Puffs | Dual Flavor Rechargeable Disposable Vape<\/title>\n<meta name=\"description\" content=\"UZY Crystal Twin 50K disposable vape delivers 50000 puffs with dual flavor switching, 850mAh rechargeable battery, and LED display. Browse all nicotine and flavor options.\" \/>\n<meta name=\"robots\" content=\"index, follow, max-snippet:-1, max-image-preview:large, max-video-preview:-1\" \/>\n<link rel=\"canonical\" href=\"https:\/\/uzyvape.com\/es\/producto\/uzy-crystal-twin-50000-50k-puffs-double-flavor-0-5-nicotine-40ml\/\" \/>\n<meta property=\"og:locale\" content=\"es_ES\" \/>\n<meta property=\"og:type\" content=\"article\" \/>\n<meta property=\"og:title\" content=\"UZY Crystal Twin 50K 50000 Puffs | Dual Flavor Rechargeable Disposable Vape\" \/>\n<meta property=\"og:description\" content=\"UZY Crystal Twin 50K disposable vape delivers 50000 puffs with dual flavor switching, 850mAh rechargeable battery, and LED display. Browse all nicotine and flavor options.\" \/>\n<meta property=\"og:url\" content=\"https:\/\/uzyvape.com\/es\/producto\/uzy-crystal-twin-50000-50k-puffs-double-flavor-0-5-nicotine-40ml\/\" \/>\n<meta property=\"og:site_name\" content=\"Uzy\" \/>\n<meta property=\"article:modified_time\" content=\"2026-04-14T16:46:53+00:00\" \/>\n<meta property=\"og:image\" content=\"https:\/\/uzyvape.com\/wp-content\/uploads\/2025\/05\/uzy50k-1024x1024.jpg\" \/>\n\t<meta property=\"og:image:width\" content=\"1024\" \/>\n\t<meta property=\"og:image:height\" content=\"1024\" \/>\n\t<meta property=\"og:image:type\" content=\"image\/jpeg\" \/>\n<meta name=\"twitter:card\" content=\"summary_large_image\" \/>\n<meta name=\"twitter:label1\" content=\"Tiempo de lectura\" \/>\n\t<meta name=\"twitter:data1\" content=\"3 minutos\" \/>\n<script type=\"application\/ld+json\" class=\"yoast-schema-graph\">{\"@context\":\"https:\/\/schema.org\",\"@graph\":[{\"@type\":\"WebPage\",\"@id\":\"https:\/\/uzyvape.com\/product\/uzy-crystal-twin-50000-50k-puffs-double-flavor-0-5-nicotine-40ml\/\",\"url\":\"https:\/\/uzyvape.com\/product\/uzy-crystal-twin-50000-50k-puffs-double-flavor-0-5-nicotine-40ml\/\",\"name\":\"UZY Crystal Twin 50K 50000 Puffs | Dual Flavor Rechargeable Disposable Vape\",\"isPartOf\":{\"@id\":\"https:\/\/uzyvape.com\/#website\"},\"primaryImageOfPage\":{\"@id\":\"https:\/\/uzyvape.com\/product\/uzy-crystal-twin-50000-50k-puffs-double-flavor-0-5-nicotine-40ml\/#primaryimage\"},\"image\":{\"@id\":\"https:\/\/uzyvape.com\/product\/uzy-crystal-twin-50000-50k-puffs-double-flavor-0-5-nicotine-40ml\/#primaryimage\"},\"thumbnailUrl\":\"https:\/\/uzyvape.com\/wp-content\/uploads\/2025\/05\/uzy50k.jpg\",\"datePublished\":\"2025-05-14T10:56:32+00:00\",\"dateModified\":\"2026-04-14T16:46:53+00:00\",\"description\":\"UZY Crystal Twin 50K disposable vape delivers 50000 puffs with dual flavor switching, 850mAh rechargeable battery, and LED display. Browse all nicotine and flavor options.\",\"breadcrumb\":{\"@id\":\"https:\/\/uzyvape.com\/product\/uzy-crystal-twin-50000-50k-puffs-double-flavor-0-5-nicotine-40ml\/#breadcrumb\"},\"inLanguage\":\"es\",\"potentialAction\":[{\"@type\":\"ReadAction\",\"target\":[\"https:\/\/uzyvape.com\/product\/uzy-crystal-twin-50000-50k-puffs-double-flavor-0-5-nicotine-40ml\/\"]}]},{\"@type\":\"ImageObject\",\"inLanguage\":\"es\",\"@id\":\"https:\/\/uzyvape.com\/product\/uzy-crystal-twin-50000-50k-puffs-double-flavor-0-5-nicotine-40ml\/#primaryimage\",\"url\":\"https:\/\/uzyvape.com\/wp-content\/uploads\/2025\/05\/uzy50k.jpg\",\"contentUrl\":\"https:\/\/uzyvape.com\/wp-content\/uploads\/2025\/05\/uzy50k.jpg\",\"width\":2200,\"height\":2200},{\"@type\":\"BreadcrumbList\",\"@id\":\"https:\/\/uzyvape.com\/product\/uzy-crystal-twin-50000-50k-puffs-double-flavor-0-5-nicotine-40ml\/#breadcrumb\",\"itemListElement\":[{\"@type\":\"ListItem\",\"position\":1,\"name\":\"Home\",\"item\":\"https:\/\/uzyvape.com\/\"},{\"@type\":\"ListItem\",\"position\":2,\"name\":\"Shop\",\"item\":\"https:\/\/uzyvape.com\/shop\/\"},{\"@type\":\"ListItem\",\"position\":3,\"name\":\"UZY Crystal Twin 50K 50000 Puffs Double Flavor Disposable Vape\"}]},{\"@type\":\"WebSite\",\"@id\":\"https:\/\/uzyvape.com\/#website\",\"url\":\"https:\/\/uzyvape.com\/\",\"name\":\"Uzy\",\"description\":\"Official website, selling Uzy Disposable Vape, source factory\",\"publisher\":{\"@id\":\"https:\/\/uzyvape.com\/#organization\"},\"potentialAction\":[{\"@type\":\"SearchAction\",\"target\":{\"@type\":\"EntryPoint\",\"urlTemplate\":\"https:\/\/uzyvape.com\/?s={search_term_string}\"},\"query-input\":{\"@type\":\"PropertyValueSpecification\",\"valueRequired\":true,\"valueName\":\"search_term_string\"}}],\"inLanguage\":\"es\"},{\"@type\":\"Organization\",\"@id\":\"https:\/\/uzyvape.com\/#organization\",\"name\":\"Uzy\",\"url\":\"https:\/\/uzyvape.com\/\",\"logo\":{\"@type\":\"ImageObject\",\"inLanguage\":\"es\",\"@id\":\"https:\/\/uzyvape.com\/#\/schema\/logo\/image\/\",\"url\":\"https:\/\/uzyvape.com\/wp-content\/uploads\/2022\/10\/UZY_LOGO.png\",\"contentUrl\":\"https:\/\/uzyvape.com\/wp-content\/uploads\/2022\/10\/UZY_LOGO.png\",\"width\":825,\"height\":302,\"caption\":\"Uzy\"},\"image\":{\"@id\":\"https:\/\/uzyvape.com\/#\/schema\/logo\/image\/\"}}]}<\/script>\n<!-- \/ Yoast SEO plugin. -->","yoast_head_json":{"title":"UZY Crystal Twin 50K 50000 Puffs | Dual Flavor Rechargeable Disposable Vape","description":"UZY Crystal Twin 50K disposable vape delivers 50000 puffs with dual flavor switching, 850mAh rechargeable battery, and LED display. Browse all nicotine and flavor options.","robots":{"index":"index","follow":"follow","max-snippet":"max-snippet:-1","max-image-preview":"max-image-preview:large","max-video-preview":"max-video-preview:-1"},"canonical":"https:\/\/uzyvape.com\/es\/producto\/uzy-crystal-twin-50000-50k-puffs-double-flavor-0-5-nicotine-40ml\/","og_locale":"es_ES","og_type":"article","og_title":"UZY Crystal Twin 50K 50000 Puffs | Dual Flavor Rechargeable Disposable Vape","og_description":"UZY Crystal Twin 50K disposable vape delivers 50000 puffs with dual flavor switching, 850mAh rechargeable battery, and LED display. Browse all nicotine and flavor options.","og_url":"https:\/\/uzyvape.com\/es\/producto\/uzy-crystal-twin-50000-50k-puffs-double-flavor-0-5-nicotine-40ml\/","og_site_name":"Uzy","article_modified_time":"2026-04-14T16:46:53+00:00","og_image":[{"width":1024,"height":1024,"url":"https:\/\/uzyvape.com\/wp-content\/uploads\/2025\/05\/uzy50k-1024x1024.jpg","type":"image\/jpeg"}],"twitter_card":"summary_large_image","twitter_misc":{"Tiempo de lectura":"3 minutos"},"schema":{"@context":"https:\/\/schema.org","@graph":[{"@type":"WebPage","@id":"https:\/\/uzyvape.com\/product\/uzy-crystal-twin-50000-50k-puffs-double-flavor-0-5-nicotine-40ml\/","url":"https:\/\/uzyvape.com\/product\/uzy-crystal-twin-50000-50k-puffs-double-flavor-0-5-nicotine-40ml\/","name":"UZY Crystal Twin 50K 50000 Puffs | Dual Flavor Rechargeable Disposable Vape","isPartOf":{"@id":"https:\/\/uzyvape.com\/#website"},"primaryImageOfPage":{"@id":"https:\/\/uzyvape.com\/product\/uzy-crystal-twin-50000-50k-puffs-double-flavor-0-5-nicotine-40ml\/#primaryimage"},"image":{"@id":"https:\/\/uzyvape.com\/product\/uzy-crystal-twin-50000-50k-puffs-double-flavor-0-5-nicotine-40ml\/#primaryimage"},"thumbnailUrl":"https:\/\/uzyvape.com\/wp-content\/uploads\/2025\/05\/uzy50k.jpg","datePublished":"2025-05-14T10:56:32+00:00","dateModified":"2026-04-14T16:46:53+00:00","description":"UZY Crystal Twin 50K disposable vape delivers 50000 puffs with dual flavor switching, 850mAh rechargeable battery, and LED display. Browse all nicotine and flavor options.","breadcrumb":{"@id":"https:\/\/uzyvape.com\/product\/uzy-crystal-twin-50000-50k-puffs-double-flavor-0-5-nicotine-40ml\/#breadcrumb"},"inLanguage":"es","potentialAction":[{"@type":"ReadAction","target":["https:\/\/uzyvape.com\/product\/uzy-crystal-twin-50000-50k-puffs-double-flavor-0-5-nicotine-40ml\/"]}]},{"@type":"ImageObject","inLanguage":"es","@id":"https:\/\/uzyvape.com\/product\/uzy-crystal-twin-50000-50k-puffs-double-flavor-0-5-nicotine-40ml\/#primaryimage","url":"https:\/\/uzyvape.com\/wp-content\/uploads\/2025\/05\/uzy50k.jpg","contentUrl":"https:\/\/uzyvape.com\/wp-content\/uploads\/2025\/05\/uzy50k.jpg","width":2200,"height":2200},{"@type":"BreadcrumbList","@id":"https:\/\/uzyvape.com\/product\/uzy-crystal-twin-50000-50k-puffs-double-flavor-0-5-nicotine-40ml\/#breadcrumb","itemListElement":[{"@type":"ListItem","position":1,"name":"Home","item":"https:\/\/uzyvape.com\/"},{"@type":"ListItem","position":2,"name":"Shop","item":"https:\/\/uzyvape.com\/shop\/"},{"@type":"ListItem","position":3,"name":"UZY Crystal Twin 50K 50000 Puffs Double Flavor Disposable Vape"}]},{"@type":"WebSite","@id":"https:\/\/uzyvape.com\/#website","url":"https:\/\/uzyvape.com\/","name":"Uzy","description":"Sitio web oficial, la venta de Uzy Vape desechable, f\u00e1brica de origen","publisher":{"@id":"https:\/\/uzyvape.com\/#organization"},"potentialAction":[{"@type":"SearchAction","target":{"@type":"EntryPoint","urlTemplate":"https:\/\/uzyvape.com\/?s={search_term_string}"},"query-input":{"@type":"PropertyValueSpecification","valueRequired":true,"valueName":"search_term_string"}}],"inLanguage":"es"},{"@type":"Organization","@id":"https:\/\/uzyvape.com\/#organization","name":"Uzy","url":"https:\/\/uzyvape.com\/","logo":{"@type":"ImageObject","inLanguage":"es","@id":"https:\/\/uzyvape.com\/#\/schema\/logo\/image\/","url":"https:\/\/uzyvape.com\/wp-content\/uploads\/2022\/10\/UZY_LOGO.png","contentUrl":"https:\/\/uzyvape.com\/wp-content\/uploads\/2022\/10\/UZY_LOGO.png","width":825,"height":302,"caption":"Uzy"},"image":{"@id":"https:\/\/uzyvape.com\/#\/schema\/logo\/image\/"}}]}},"_links":{"self":[{"href":"https:\/\/uzyvape.com\/es\/wp-json\/wp\/v2\/product\/1066","targetHints":{"allow":["GET"]}}],"collection":[{"href":"https:\/\/uzyvape.com\/es\/wp-json\/wp\/v2\/product"}],"about":[{"href":"https:\/\/uzyvape.com\/es\/wp-json\/wp\/v2\/types\/product"}],"replies":[{"embeddable":true,"href":"https:\/\/uzyvape.com\/es\/wp-json\/wp\/v2\/comments?post=1066"}],"wp:featuredmedia":[{"embeddable":true,"href":"https:\/\/uzyvape.com\/es\/wp-json\/wp\/v2\/media\/1067"}],"wp:attachment":[{"href":"https:\/\/uzyvape.com\/es\/wp-json\/wp\/v2\/media?parent=1066"}],"wp:term":[{"taxonomy":"product_brand","embeddable":true,"href":"https:\/\/uzyvape.com\/es\/wp-json\/wp\/v2\/product_brand?post=1066"},{"taxonomy":"product_cat","embeddable":true,"href":"https:\/\/uzyvape.com\/es\/wp-json\/wp\/v2\/product_cat?post=1066"},{"taxonomy":"product_tag","embeddable":true,"href":"https:\/\/uzyvape.com\/es\/wp-json\/wp\/v2\/product_tag?post=1066"}],"curies":[{"name":"wp","href":"https:\/\/api.w.org\/{rel}","templated":true}]}}