{"id":1268,"date":"2025-05-15T11:53:55","date_gmt":"2025-05-15T11:53:55","guid":{"rendered":"https:\/\/uzyvape.com\/?page_id=1268"},"modified":"2025-05-15T11:53:55","modified_gmt":"2025-05-15T11:53:55","slug":"customs-issues","status":"publish","type":"page","link":"https:\/\/uzyvape.com\/es\/customs-issues\/","title":{"rendered":"Cuestiones aduaneras"},"content":{"rendered":"<p>En UZY, nos comprometemos a garantizar una experiencia de compra perfecta para nuestros clientes de todo el mundo. Como sitio web oficial de los vaporizadores desechables UZY, enviamos nuestros productos a todo el mundo con cuidado y eficacia. Sin embargo, los env\u00edos internacionales pueden sufrir ocasionalmente retrasos o inspecciones relacionados con las aduanas, que est\u00e1n fuera de nuestro control.<\/p>\n<p>En el raro caso de que su pedido sea retenido o confiscado por la aduana, tenga la seguridad de que le cubrimos las espaldas. Le ofreceremos r\u00e1pidamente un nuevo env\u00edo o un reembolso completo, seg\u00fan prefiera. Aunque este tipo de incidentes son poco frecuentes, damos prioridad a su satisfacci\u00f3n y tranquilidad.<\/p>\n<p>Si tiene alguna pregunta o duda sobre su pedido, no dude en ponerse en contacto con nosotros en\u00a0<a href=\"mailto:info@uzyvape.com\">info@uzyvape.com<\/a>. Nuestro equipo est\u00e1 a su disposici\u00f3n para ayudarle en todo momento.<\/p>","protected":false},"excerpt":{"rendered":"<p>At UZY, we are committed to ensuring a seamless shopping experience for our customers worldwide. As the official website for UZY disposable vapes, we ship our products globally with care and efficiency. However, international shipments may occasionally face customs-related delays or inspections, which are beyond our control. In the rare event that your order is [&hellip;]<\/p>","protected":false},"author":1,"featured_media":0,"parent":0,"menu_order":0,"comment_status":"closed","ping_status":"closed","template":"","meta":{"_sitemap_exclude":false,"_sitemap_priority":"","_sitemap_frequency":"","footnotes":""},"class_list":["post-1268","page","type-page","status-publish","hentry"],"yoast_head":"<!-- This site is optimized with the Yoast SEO plugin v25.6 - https:\/\/yoast.com\/wordpress\/plugins\/seo\/ -->\n<title>Customs Issues - Uzy<\/title>\n<meta name=\"robots\" content=\"index, follow, max-snippet:-1, max-image-preview:large, max-video-preview:-1\" \/>\n<link rel=\"canonical\" href=\"https:\/\/uzyvape.com\/es\/customs-issues\/\" \/>\n<meta property=\"og:locale\" content=\"es_ES\" \/>\n<meta property=\"og:type\" content=\"article\" \/>\n<meta property=\"og:title\" content=\"Customs Issues - Uzy\" \/>\n<meta property=\"og:description\" content=\"At UZY, we are committed to ensuring a seamless shopping experience for our customers worldwide. As the official website for UZY disposable vapes, we ship our products globally with care and efficiency. However, international shipments may occasionally face customs-related delays or inspections, which are beyond our control. In the rare event that your order is [&hellip;]\" \/>\n<meta property=\"og:url\" content=\"https:\/\/uzyvape.com\/es\/customs-issues\/\" \/>\n<meta property=\"og:site_name\" content=\"Uzy\" \/>\n<meta name=\"twitter:card\" content=\"summary_large_image\" \/>\n<meta name=\"twitter:label1\" content=\"Tiempo de lectura\" \/>\n\t<meta name=\"twitter:data1\" content=\"1 minuto\" \/>\n<script type=\"application\/ld+json\" class=\"yoast-schema-graph\">{\"@context\":\"https:\/\/schema.org\",\"@graph\":[{\"@type\":\"WebPage\",\"@id\":\"https:\/\/uzyvape.com\/customs-issues\/\",\"url\":\"https:\/\/uzyvape.com\/customs-issues\/\",\"name\":\"Customs Issues - Uzy\",\"isPartOf\":{\"@id\":\"https:\/\/uzyvape.com\/#website\"},\"datePublished\":\"2025-05-15T11:53:55+00:00\",\"breadcrumb\":{\"@id\":\"https:\/\/uzyvape.com\/customs-issues\/#breadcrumb\"},\"inLanguage\":\"es\",\"potentialAction\":[{\"@type\":\"ReadAction\",\"target\":[\"https:\/\/uzyvape.com\/customs-issues\/\"]}]},{\"@type\":\"BreadcrumbList\",\"@id\":\"https:\/\/uzyvape.com\/customs-issues\/#breadcrumb\",\"itemListElement\":[{\"@type\":\"ListItem\",\"position\":1,\"name\":\"Home\",\"item\":\"https:\/\/uzyvape.com\/\"},{\"@type\":\"ListItem\",\"position\":2,\"name\":\"Customs Issues\"}]},{\"@type\":\"WebSite\",\"@id\":\"https:\/\/uzyvape.com\/#website\",\"url\":\"https:\/\/uzyvape.com\/\",\"name\":\"Uzy\",\"description\":\"Official website, selling Uzy Disposable Vape, source factory\",\"publisher\":{\"@id\":\"https:\/\/uzyvape.com\/#organization\"},\"potentialAction\":[{\"@type\":\"SearchAction\",\"target\":{\"@type\":\"EntryPoint\",\"urlTemplate\":\"https:\/\/uzyvape.com\/?s={search_term_string}\"},\"query-input\":{\"@type\":\"PropertyValueSpecification\",\"valueRequired\":true,\"valueName\":\"search_term_string\"}}],\"inLanguage\":\"es\"},{\"@type\":\"Organization\",\"@id\":\"https:\/\/uzyvape.com\/#organization\",\"name\":\"Uzy\",\"url\":\"https:\/\/uzyvape.com\/\",\"logo\":{\"@type\":\"ImageObject\",\"inLanguage\":\"es\",\"@id\":\"https:\/\/uzyvape.com\/#\/schema\/logo\/image\/\",\"url\":\"https:\/\/uzyvape.com\/wp-content\/uploads\/2022\/10\/UZY_LOGO.png\",\"contentUrl\":\"https:\/\/uzyvape.com\/wp-content\/uploads\/2022\/10\/UZY_LOGO.png\",\"width\":825,\"height\":302,\"caption\":\"Uzy\"},\"image\":{\"@id\":\"https:\/\/uzyvape.com\/#\/schema\/logo\/image\/\"}}]}<\/script>\n<!-- \/ Yoast SEO plugin. -->","yoast_head_json":{"title":"Customs Issues - Uzy","robots":{"index":"index","follow":"follow","max-snippet":"max-snippet:-1","max-image-preview":"max-image-preview:large","max-video-preview":"max-video-preview:-1"},"canonical":"https:\/\/uzyvape.com\/es\/customs-issues\/","og_locale":"es_ES","og_type":"article","og_title":"Customs Issues - Uzy","og_description":"At UZY, we are committed to ensuring a seamless shopping experience for our customers worldwide. As the official website for UZY disposable vapes, we ship our products globally with care and efficiency. However, international shipments may occasionally face customs-related delays or inspections, which are beyond our control. In the rare event that your order is [&hellip;]","og_url":"https:\/\/uzyvape.com\/es\/customs-issues\/","og_site_name":"Uzy","twitter_card":"summary_large_image","twitter_misc":{"Tiempo de lectura":"1 minuto"},"schema":{"@context":"https:\/\/schema.org","@graph":[{"@type":"WebPage","@id":"https:\/\/uzyvape.com\/customs-issues\/","url":"https:\/\/uzyvape.com\/customs-issues\/","name":"Customs Issues - Uzy","isPartOf":{"@id":"https:\/\/uzyvape.com\/#website"},"datePublished":"2025-05-15T11:53:55+00:00","breadcrumb":{"@id":"https:\/\/uzyvape.com\/customs-issues\/#breadcrumb"},"inLanguage":"es","potentialAction":[{"@type":"ReadAction","target":["https:\/\/uzyvape.com\/customs-issues\/"]}]},{"@type":"BreadcrumbList","@id":"https:\/\/uzyvape.com\/customs-issues\/#breadcrumb","itemListElement":[{"@type":"ListItem","position":1,"name":"Home","item":"https:\/\/uzyvape.com\/"},{"@type":"ListItem","position":2,"name":"Customs Issues"}]},{"@type":"WebSite","@id":"https:\/\/uzyvape.com\/#website","url":"https:\/\/uzyvape.com\/","name":"Uzy","description":"Sitio web oficial, la venta de Uzy Vape desechable, f\u00e1brica de origen","publisher":{"@id":"https:\/\/uzyvape.com\/#organization"},"potentialAction":[{"@type":"SearchAction","target":{"@type":"EntryPoint","urlTemplate":"https:\/\/uzyvape.com\/?s={search_term_string}"},"query-input":{"@type":"PropertyValueSpecification","valueRequired":true,"valueName":"search_term_string"}}],"inLanguage":"es"},{"@type":"Organization","@id":"https:\/\/uzyvape.com\/#organization","name":"Uzy","url":"https:\/\/uzyvape.com\/","logo":{"@type":"ImageObject","inLanguage":"es","@id":"https:\/\/uzyvape.com\/#\/schema\/logo\/image\/","url":"https:\/\/uzyvape.com\/wp-content\/uploads\/2022\/10\/UZY_LOGO.png","contentUrl":"https:\/\/uzyvape.com\/wp-content\/uploads\/2022\/10\/UZY_LOGO.png","width":825,"height":302,"caption":"Uzy"},"image":{"@id":"https:\/\/uzyvape.com\/#\/schema\/logo\/image\/"}}]}},"_links":{"self":[{"href":"https:\/\/uzyvape.com\/es\/wp-json\/wp\/v2\/pages\/1268","targetHints":{"allow":["GET"]}}],"collection":[{"href":"https:\/\/uzyvape.com\/es\/wp-json\/wp\/v2\/pages"}],"about":[{"href":"https:\/\/uzyvape.com\/es\/wp-json\/wp\/v2\/types\/page"}],"author":[{"embeddable":true,"href":"https:\/\/uzyvape.com\/es\/wp-json\/wp\/v2\/users\/1"}],"replies":[{"embeddable":true,"href":"https:\/\/uzyvape.com\/es\/wp-json\/wp\/v2\/comments?post=1268"}],"version-history":[{"count":0,"href":"https:\/\/uzyvape.com\/es\/wp-json\/wp\/v2\/pages\/1268\/revisions"}],"wp:attachment":[{"href":"https:\/\/uzyvape.com\/es\/wp-json\/wp\/v2\/media?parent=1268"}],"curies":[{"name":"wp","href":"https:\/\/api.w.org\/{rel}","templated":true}]}}