{"id":1266,"date":"2025-05-15T11:52:32","date_gmt":"2025-05-15T11:52:32","guid":{"rendered":"https:\/\/uzyvape.com\/?page_id=1266"},"modified":"2025-05-15T11:52:32","modified_gmt":"2025-05-15T11:52:32","slug":"about-us","status":"publish","type":"page","link":"https:\/\/uzyvape.com\/es\/about-us\/","title":{"rendered":"Qui\u00e9nes somos"},"content":{"rendered":"<p>Bienvenido a UZY, el hogar oficial de los vapeadores desechables premium. En UZY, nos dedicamos a ofrecer productos de vapeo innovadores y de alta calidad que elevan tu experiencia.<\/p>\n<p>Fundada como Hong Kong UZY Vape Technology Co., Limited, nuestra empresa tiene su sede en Hong Kong, China. Con un equipo apasionado de m\u00e1s de 200 profesionales, combinamos experiencia, creatividad y tecnolog\u00eda punta para redefinir la industria del vapeo. Nuestras modernas instalaciones de investigaci\u00f3n y fabricaci\u00f3n garantizan que todos los productos UZY cumplan los m\u00e1s altos est\u00e1ndares de calidad, seguridad y rendimiento.<\/p>\n<p>Como marca de confianza, estamos comprometidos a ofrecer un servicio al cliente excepcional y productos que resuenen con nuestra comunidad global. Tanto si eres nuevo en el vapeo como si eres un entusiasta experimentado, UZY est\u00e1 aqu\u00ed para ofrecerte una experiencia perfecta y satisfactoria.<\/p>\n<p>\u00bfTiene alguna pregunta o desea ponerse en contacto con nosotros? P\u00f3ngase en contacto con nosotros en\u00a0<a href=\"mailto:info@uzyvape.com\">info@uzyvape.com<\/a>. \u00danete a nosotros en nuestro viaje para dar forma al futuro del vapeo.<\/p>","protected":false},"excerpt":{"rendered":"<p>Welcome to UZY, the official home of premium disposable vapes. At UZY, we are dedicated to delivering innovative, high-quality vaping products that elevate your experience. Founded as Hong Kong UZY Vape Technology Co., Limited, our company is headquartered in Hong Kong, China. With a passionate team of over 200 professionals, we combine expertise, creativity, and [&hellip;]<\/p>","protected":false},"author":1,"featured_media":0,"parent":0,"menu_order":0,"comment_status":"closed","ping_status":"closed","template":"","meta":{"_sitemap_exclude":false,"_sitemap_priority":"","_sitemap_frequency":"","footnotes":""},"class_list":["post-1266","page","type-page","status-publish","hentry"],"yoast_head":"<!-- This site is optimized with the Yoast SEO plugin v25.6 - https:\/\/yoast.com\/wordpress\/plugins\/seo\/ -->\n<title>About Us - Uzy<\/title>\n<meta name=\"robots\" content=\"index, follow, max-snippet:-1, max-image-preview:large, max-video-preview:-1\" \/>\n<link rel=\"canonical\" href=\"https:\/\/uzyvape.com\/es\/about-us\/\" \/>\n<meta property=\"og:locale\" content=\"es_ES\" \/>\n<meta property=\"og:type\" content=\"article\" \/>\n<meta property=\"og:title\" content=\"About Us - Uzy\" \/>\n<meta property=\"og:description\" content=\"Welcome to UZY, the official home of premium disposable vapes. At UZY, we are dedicated to delivering innovative, high-quality vaping products that elevate your experience. Founded as Hong Kong UZY Vape Technology Co., Limited, our company is headquartered in Hong Kong, China. With a passionate team of over 200 professionals, we combine expertise, creativity, and [&hellip;]\" \/>\n<meta property=\"og:url\" content=\"https:\/\/uzyvape.com\/es\/about-us\/\" \/>\n<meta property=\"og:site_name\" content=\"Uzy\" \/>\n<meta name=\"twitter:card\" content=\"summary_large_image\" \/>\n<meta name=\"twitter:label1\" content=\"Tiempo de lectura\" \/>\n\t<meta name=\"twitter:data1\" content=\"1 minuto\" \/>\n<script type=\"application\/ld+json\" class=\"yoast-schema-graph\">{\"@context\":\"https:\/\/schema.org\",\"@graph\":[{\"@type\":\"WebPage\",\"@id\":\"https:\/\/uzyvape.com\/about-us\/\",\"url\":\"https:\/\/uzyvape.com\/about-us\/\",\"name\":\"About Us - Uzy\",\"isPartOf\":{\"@id\":\"https:\/\/uzyvape.com\/#website\"},\"datePublished\":\"2025-05-15T11:52:32+00:00\",\"breadcrumb\":{\"@id\":\"https:\/\/uzyvape.com\/about-us\/#breadcrumb\"},\"inLanguage\":\"es\",\"potentialAction\":[{\"@type\":\"ReadAction\",\"target\":[\"https:\/\/uzyvape.com\/about-us\/\"]}]},{\"@type\":\"BreadcrumbList\",\"@id\":\"https:\/\/uzyvape.com\/about-us\/#breadcrumb\",\"itemListElement\":[{\"@type\":\"ListItem\",\"position\":1,\"name\":\"Home\",\"item\":\"https:\/\/uzyvape.com\/\"},{\"@type\":\"ListItem\",\"position\":2,\"name\":\"About Us\"}]},{\"@type\":\"WebSite\",\"@id\":\"https:\/\/uzyvape.com\/#website\",\"url\":\"https:\/\/uzyvape.com\/\",\"name\":\"Uzy\",\"description\":\"Official website, selling Uzy Disposable Vape, source factory\",\"publisher\":{\"@id\":\"https:\/\/uzyvape.com\/#organization\"},\"potentialAction\":[{\"@type\":\"SearchAction\",\"target\":{\"@type\":\"EntryPoint\",\"urlTemplate\":\"https:\/\/uzyvape.com\/?s={search_term_string}\"},\"query-input\":{\"@type\":\"PropertyValueSpecification\",\"valueRequired\":true,\"valueName\":\"search_term_string\"}}],\"inLanguage\":\"es\"},{\"@type\":\"Organization\",\"@id\":\"https:\/\/uzyvape.com\/#organization\",\"name\":\"Uzy\",\"url\":\"https:\/\/uzyvape.com\/\",\"logo\":{\"@type\":\"ImageObject\",\"inLanguage\":\"es\",\"@id\":\"https:\/\/uzyvape.com\/#\/schema\/logo\/image\/\",\"url\":\"https:\/\/uzyvape.com\/wp-content\/uploads\/2022\/10\/UZY_LOGO.png\",\"contentUrl\":\"https:\/\/uzyvape.com\/wp-content\/uploads\/2022\/10\/UZY_LOGO.png\",\"width\":825,\"height\":302,\"caption\":\"Uzy\"},\"image\":{\"@id\":\"https:\/\/uzyvape.com\/#\/schema\/logo\/image\/\"}}]}<\/script>\n<!-- \/ Yoast SEO plugin. -->","yoast_head_json":{"title":"About Us - Uzy","robots":{"index":"index","follow":"follow","max-snippet":"max-snippet:-1","max-image-preview":"max-image-preview:large","max-video-preview":"max-video-preview:-1"},"canonical":"https:\/\/uzyvape.com\/es\/about-us\/","og_locale":"es_ES","og_type":"article","og_title":"About Us - Uzy","og_description":"Welcome to UZY, the official home of premium disposable vapes. At UZY, we are dedicated to delivering innovative, high-quality vaping products that elevate your experience. Founded as Hong Kong UZY Vape Technology Co., Limited, our company is headquartered in Hong Kong, China. With a passionate team of over 200 professionals, we combine expertise, creativity, and [&hellip;]","og_url":"https:\/\/uzyvape.com\/es\/about-us\/","og_site_name":"Uzy","twitter_card":"summary_large_image","twitter_misc":{"Tiempo de lectura":"1 minuto"},"schema":{"@context":"https:\/\/schema.org","@graph":[{"@type":"WebPage","@id":"https:\/\/uzyvape.com\/about-us\/","url":"https:\/\/uzyvape.com\/about-us\/","name":"About Us - Uzy","isPartOf":{"@id":"https:\/\/uzyvape.com\/#website"},"datePublished":"2025-05-15T11:52:32+00:00","breadcrumb":{"@id":"https:\/\/uzyvape.com\/about-us\/#breadcrumb"},"inLanguage":"es","potentialAction":[{"@type":"ReadAction","target":["https:\/\/uzyvape.com\/about-us\/"]}]},{"@type":"BreadcrumbList","@id":"https:\/\/uzyvape.com\/about-us\/#breadcrumb","itemListElement":[{"@type":"ListItem","position":1,"name":"Home","item":"https:\/\/uzyvape.com\/"},{"@type":"ListItem","position":2,"name":"About Us"}]},{"@type":"WebSite","@id":"https:\/\/uzyvape.com\/#website","url":"https:\/\/uzyvape.com\/","name":"Uzy","description":"Sitio web oficial, la venta de Uzy Vape desechable, f\u00e1brica de origen","publisher":{"@id":"https:\/\/uzyvape.com\/#organization"},"potentialAction":[{"@type":"SearchAction","target":{"@type":"EntryPoint","urlTemplate":"https:\/\/uzyvape.com\/?s={search_term_string}"},"query-input":{"@type":"PropertyValueSpecification","valueRequired":true,"valueName":"search_term_string"}}],"inLanguage":"es"},{"@type":"Organization","@id":"https:\/\/uzyvape.com\/#organization","name":"Uzy","url":"https:\/\/uzyvape.com\/","logo":{"@type":"ImageObject","inLanguage":"es","@id":"https:\/\/uzyvape.com\/#\/schema\/logo\/image\/","url":"https:\/\/uzyvape.com\/wp-content\/uploads\/2022\/10\/UZY_LOGO.png","contentUrl":"https:\/\/uzyvape.com\/wp-content\/uploads\/2022\/10\/UZY_LOGO.png","width":825,"height":302,"caption":"Uzy"},"image":{"@id":"https:\/\/uzyvape.com\/#\/schema\/logo\/image\/"}}]}},"_links":{"self":[{"href":"https:\/\/uzyvape.com\/es\/wp-json\/wp\/v2\/pages\/1266","targetHints":{"allow":["GET"]}}],"collection":[{"href":"https:\/\/uzyvape.com\/es\/wp-json\/wp\/v2\/pages"}],"about":[{"href":"https:\/\/uzyvape.com\/es\/wp-json\/wp\/v2\/types\/page"}],"author":[{"embeddable":true,"href":"https:\/\/uzyvape.com\/es\/wp-json\/wp\/v2\/users\/1"}],"replies":[{"embeddable":true,"href":"https:\/\/uzyvape.com\/es\/wp-json\/wp\/v2\/comments?post=1266"}],"version-history":[{"count":0,"href":"https:\/\/uzyvape.com\/es\/wp-json\/wp\/v2\/pages\/1266\/revisions"}],"wp:attachment":[{"href":"https:\/\/uzyvape.com\/es\/wp-json\/wp\/v2\/media?parent=1266"}],"curies":[{"name":"wp","href":"https:\/\/api.w.org\/{rel}","templated":true}]}}