{"id":1264,"date":"2025-05-15T11:50:27","date_gmt":"2025-05-15T11:50:27","guid":{"rendered":"https:\/\/uzyvape.com\/?page_id=1264"},"modified":"2025-05-15T11:50:27","modified_gmt":"2025-05-15T11:50:27","slug":"return-policy","status":"publish","type":"page","link":"https:\/\/uzyvape.com\/es\/return-policy\/","title":{"rendered":"Pol\u00edtica de devoluciones"},"content":{"rendered":"<h2 dir=\"ltr\" data-pm-slice=\"1 1 []\">Pol\u00edtica de devoluciones de UZY Vape<\/h2>\n<p dir=\"ltr\">En UZY, nos esforzamos por ofrecer vapes desechables de alta calidad y garantizar la satisfacci\u00f3n del cliente. Nuestra pol\u00edtica de devoluciones describe el proceso para devolver o cambiar productos adquiridos directamente en nuestro sitio web oficial, www.uzyvape.com. Por favor, lea los siguientes t\u00e9rminos cuidadosamente antes de iniciar una devoluci\u00f3n.<\/p>\n<h2 dir=\"ltr\">Requisitos para las devoluciones<\/h2>\n<p dir=\"ltr\">Para poder optar a una devoluci\u00f3n, deben cumplirse las siguientes condiciones:<\/p>\n<ul class=\"tight\" dir=\"ltr\" data-tight=\"true\">\n<li>\n<p dir=\"ltr\">El producto debe adquirirse directamente en www.uzyvape.com.<\/p>\n<\/li>\n<li>\n<p dir=\"ltr\">La solicitud de devoluci\u00f3n debe presentarse en el plazo de <strong>14 d\u00edas<\/strong> de recibir su pedido.<\/p>\n<\/li>\n<li>\n<p dir=\"ltr\">El producto debe estar sin usar, sin abrir y en su embalaje original con todos los precintos intactos.<\/p>\n<\/li>\n<li>\n<p dir=\"ltr\">El producto debe estar en las mismas condiciones en que se entreg\u00f3, sin da\u00f1os ni signos de uso.<\/p>\n<\/li>\n<li>\n<p dir=\"ltr\">Debe presentar una prueba de compra, como el correo electr\u00f3nico de confirmaci\u00f3n del pedido o el n\u00famero de pedido.<\/p>\n<\/li>\n<\/ul>\n<p dir=\"ltr\"><strong>Nota<\/strong>: Debido a la naturaleza de los vapes desechables, no podemos aceptar devoluciones de productos que hayan sido usados, abiertos o manipulados por razones de higiene y seguridad.<\/p>\n<h2 dir=\"ltr\">Art\u00edculos no retornables<\/h2>\n<p dir=\"ltr\">Los siguientes art\u00edculos no pueden devolverse:<\/p>\n<ul class=\"tight\" dir=\"ltr\" data-tight=\"true\">\n<li>\n<p dir=\"ltr\">Productos adquiridos a terceros minoristas o revendedores no autorizados.<\/p>\n<\/li>\n<li>\n<p dir=\"ltr\">Vapeadores desechables usados, abiertos o parcialmente usados.<\/p>\n<\/li>\n<li>\n<p dir=\"ltr\">Productos da\u00f1ados por uso indebido, almacenamiento inadecuado o negligencia.<\/p>\n<\/li>\n<li>\n<p dir=\"ltr\">Art\u00edculos promocionales o gratuitos incluidos con su compra.<\/p>\n<\/li>\n<\/ul>\n<h2 dir=\"ltr\">Proceso de devoluci\u00f3n<\/h2>\n<p dir=\"ltr\">Para iniciar una devoluci\u00f3n, siga estos pasos:<\/p>\n<ol class=\"tight\" dir=\"ltr\" data-tight=\"true\">\n<li>\n<p dir=\"ltr\"><strong>Contacte con nosotros<\/strong>: Env\u00ede un correo electr\u00f3nico a nuestro equipo de atenci\u00f3n al cliente a <strong>info@uzyvape.com<\/strong> con su n\u00famero de pedido, el motivo de la devoluci\u00f3n y cualquier detalle o foto pertinente (si procede).<\/p>\n<\/li>\n<li>\n<p dir=\"ltr\"><strong>Recibir la aprobaci\u00f3n<\/strong>: Nuestro equipo estudiar\u00e1 su solicitud y le responder\u00e1 en el plazo de <strong>2-3 d\u00edas laborables<\/strong> con autorizaci\u00f3n de devoluci\u00f3n e instrucciones. No env\u00ede ning\u00fan producto de vuelta sin autorizaci\u00f3n previa.<\/p>\n<\/li>\n<li>\n<p dir=\"ltr\"><strong>Enviar el producto<\/strong>: Empaquete el producto elegible de forma segura en su embalaje original y env\u00edelo a la direcci\u00f3n proporcionada en el correo electr\u00f3nico de autorizaci\u00f3n de devoluci\u00f3n. Usted es responsable de los gastos de env\u00edo de la devoluci\u00f3n a menos que la devoluci\u00f3n se deba a un producto defectuoso o a un error por nuestra parte.<\/p>\n<\/li>\n<li>\n<p dir=\"ltr\"><strong>Inspecci\u00f3n<\/strong>: Una vez que recibamos e inspeccionemos el producto devuelto, le notificaremos por correo electr\u00f3nico la aprobaci\u00f3n o el rechazo de su devoluci\u00f3n.<\/p>\n<\/li>\n<\/ol>\n<h2 dir=\"ltr\">Reembolsos<\/h2>\n<p dir=\"ltr\">Si se aprueba su devoluci\u00f3n:<\/p>\n<ul class=\"tight\" dir=\"ltr\" data-tight=\"true\">\n<li>\n<p dir=\"ltr\">Se tramitar\u00e1 el reembolso a su m\u00e9todo de pago original en el plazo de <strong>7-10 d\u00edas laborables<\/strong> despu\u00e9s de que recibamos e inspeccionemos el producto devuelto.<\/p>\n<\/li>\n<li>\n<p dir=\"ltr\">Los reembolsos incluir\u00e1n el coste del producto, excluidos los gastos de env\u00edo originales.<\/p>\n<\/li>\n<li>\n<p dir=\"ltr\">Dependiendo de su proveedor de servicios de pago, el reembolso puede tardar m\u00e1s tiempo en aparecer en su cuenta.<\/p>\n<\/li>\n<\/ul>\n<p dir=\"ltr\">Si la devoluci\u00f3n es rechazada (por ejemplo, debido a que el producto est\u00e1 usado o da\u00f1ado), se lo notificaremos y le devolveremos el producto a su cargo.<\/p>\n<h2 dir=\"ltr\">Productos defectuosos o incorrectos<\/h2>\n<p dir=\"ltr\">Si recibe un producto defectuoso o un art\u00edculo incorrecto:<\/p>\n<ul class=\"tight\" dir=\"ltr\" data-tight=\"true\">\n<li>\n<p dir=\"ltr\">P\u00f3ngase en contacto con nosotros en <strong>info@uzyvape.com<\/strong> en <strong>7 d\u00edas<\/strong> de recibir su pedido, incluyendo su n\u00famero de pedido, una descripci\u00f3n del problema y fotos del producto o del embalaje.<\/p>\n<\/li>\n<li>\n<p dir=\"ltr\">Si se verifica el problema, le proporcionaremos un reemplazo o un reembolso sin coste adicional para usted, incluidos los gastos de env\u00edo de la devoluci\u00f3n.<\/p>\n<\/li>\n<\/ul>\n<h2 dir=\"ltr\">Intercambios<\/h2>\n<p dir=\"ltr\">No ofrecemos cambios directos de vapes desechables. Si desea recibir un producto diferente, devuelva el art\u00edculo original para obtener un reembolso y realice un nuevo pedido en nuestro sitio web.<\/p>\n<h2 dir=\"ltr\">Gastos de env\u00edo<\/h2>\n<ul class=\"tight\" dir=\"ltr\" data-tight=\"true\">\n<li>\n<p dir=\"ltr\">Los gastos de env\u00edo de la devoluci\u00f3n correr\u00e1n a su cargo, a menos que la devoluci\u00f3n se deba a un producto defectuoso o a un error por nuestra parte.<\/p>\n<\/li>\n<li>\n<p dir=\"ltr\">Recomendamos utilizar un servicio de env\u00edo con seguimiento, ya que no nos hacemos responsables de los paquetes de devoluci\u00f3n perdidos o no entregados.<\/p>\n<\/li>\n<\/ul>\n<h2 dir=\"ltr\">Contacte con nosotros<\/h2>\n<p dir=\"ltr\">Si tiene alguna pregunta sobre nuestra pol\u00edtica de devoluciones o necesita ayuda con una devoluci\u00f3n, p\u00f3ngase en contacto con nuestro equipo de atenci\u00f3n al cliente en <strong>info@uzyvape.com<\/strong>. Estamos aqu\u00ed para ayudarle.<\/p>\n<p dir=\"ltr\"><strong>\u00daltima actualizaci\u00f3n<\/strong>: 15 de mayo de 2025<\/p>\n<p dir=\"ltr\">Gracias por elegir UZY. Valoramos su confianza y nos comprometemos a ofrecerle una experiencia de compra perfecta.<\/p>","protected":false},"excerpt":{"rendered":"<p>UZY Vape Return Policy At UZY, we strive to provide high-quality disposable vapes and ensure customer satisfaction. Our Return Policy outlines the process for returning or exchanging products purchased directly from our official website, www.uzyvape.com. Please read the following terms carefully before initiating a return. Eligibility for Returns To be eligible for a return, the [&hellip;]<\/p>","protected":false},"author":1,"featured_media":0,"parent":0,"menu_order":0,"comment_status":"closed","ping_status":"closed","template":"","meta":{"_sitemap_exclude":false,"_sitemap_priority":"","_sitemap_frequency":"","footnotes":""},"class_list":["post-1264","page","type-page","status-publish","hentry"],"yoast_head":"<!-- This site is optimized with the Yoast SEO plugin v25.6 - https:\/\/yoast.com\/wordpress\/plugins\/seo\/ -->\n<title>Return Policy - Uzy<\/title>\n<meta name=\"robots\" content=\"index, follow, max-snippet:-1, max-image-preview:large, max-video-preview:-1\" \/>\n<link rel=\"canonical\" href=\"https:\/\/uzyvape.com\/es\/return-policy\/\" \/>\n<meta property=\"og:locale\" content=\"es_ES\" \/>\n<meta property=\"og:type\" content=\"article\" \/>\n<meta property=\"og:title\" content=\"Return Policy - Uzy\" \/>\n<meta property=\"og:description\" content=\"UZY Vape Return Policy At UZY, we strive to provide high-quality disposable vapes and ensure customer satisfaction. Our Return Policy outlines the process for returning or exchanging products purchased directly from our official website, www.uzyvape.com. Please read the following terms carefully before initiating a return. Eligibility for Returns To be eligible for a return, the [&hellip;]\" \/>\n<meta property=\"og:url\" content=\"https:\/\/uzyvape.com\/es\/return-policy\/\" \/>\n<meta property=\"og:site_name\" content=\"Uzy\" \/>\n<meta name=\"twitter:card\" content=\"summary_large_image\" \/>\n<meta name=\"twitter:label1\" content=\"Tiempo de lectura\" \/>\n\t<meta name=\"twitter:data1\" content=\"3 minutos\" \/>\n<script type=\"application\/ld+json\" class=\"yoast-schema-graph\">{\"@context\":\"https:\/\/schema.org\",\"@graph\":[{\"@type\":\"WebPage\",\"@id\":\"https:\/\/uzyvape.com\/return-policy\/\",\"url\":\"https:\/\/uzyvape.com\/return-policy\/\",\"name\":\"Return Policy - Uzy\",\"isPartOf\":{\"@id\":\"https:\/\/uzyvape.com\/#website\"},\"datePublished\":\"2025-05-15T11:50:27+00:00\",\"breadcrumb\":{\"@id\":\"https:\/\/uzyvape.com\/return-policy\/#breadcrumb\"},\"inLanguage\":\"es\",\"potentialAction\":[{\"@type\":\"ReadAction\",\"target\":[\"https:\/\/uzyvape.com\/return-policy\/\"]}]},{\"@type\":\"BreadcrumbList\",\"@id\":\"https:\/\/uzyvape.com\/return-policy\/#breadcrumb\",\"itemListElement\":[{\"@type\":\"ListItem\",\"position\":1,\"name\":\"Home\",\"item\":\"https:\/\/uzyvape.com\/\"},{\"@type\":\"ListItem\",\"position\":2,\"name\":\"Return Policy\"}]},{\"@type\":\"WebSite\",\"@id\":\"https:\/\/uzyvape.com\/#website\",\"url\":\"https:\/\/uzyvape.com\/\",\"name\":\"Uzy\",\"description\":\"Official website, selling Uzy Disposable Vape, source factory\",\"publisher\":{\"@id\":\"https:\/\/uzyvape.com\/#organization\"},\"potentialAction\":[{\"@type\":\"SearchAction\",\"target\":{\"@type\":\"EntryPoint\",\"urlTemplate\":\"https:\/\/uzyvape.com\/?s={search_term_string}\"},\"query-input\":{\"@type\":\"PropertyValueSpecification\",\"valueRequired\":true,\"valueName\":\"search_term_string\"}}],\"inLanguage\":\"es\"},{\"@type\":\"Organization\",\"@id\":\"https:\/\/uzyvape.com\/#organization\",\"name\":\"Uzy\",\"url\":\"https:\/\/uzyvape.com\/\",\"logo\":{\"@type\":\"ImageObject\",\"inLanguage\":\"es\",\"@id\":\"https:\/\/uzyvape.com\/#\/schema\/logo\/image\/\",\"url\":\"https:\/\/uzyvape.com\/wp-content\/uploads\/2022\/10\/UZY_LOGO.png\",\"contentUrl\":\"https:\/\/uzyvape.com\/wp-content\/uploads\/2022\/10\/UZY_LOGO.png\",\"width\":825,\"height\":302,\"caption\":\"Uzy\"},\"image\":{\"@id\":\"https:\/\/uzyvape.com\/#\/schema\/logo\/image\/\"}}]}<\/script>\n<!-- \/ Yoast SEO plugin. -->","yoast_head_json":{"title":"Return Policy - Uzy","robots":{"index":"index","follow":"follow","max-snippet":"max-snippet:-1","max-image-preview":"max-image-preview:large","max-video-preview":"max-video-preview:-1"},"canonical":"https:\/\/uzyvape.com\/es\/return-policy\/","og_locale":"es_ES","og_type":"article","og_title":"Return Policy - Uzy","og_description":"UZY Vape Return Policy At UZY, we strive to provide high-quality disposable vapes and ensure customer satisfaction. Our Return Policy outlines the process for returning or exchanging products purchased directly from our official website, www.uzyvape.com. Please read the following terms carefully before initiating a return. Eligibility for Returns To be eligible for a return, the [&hellip;]","og_url":"https:\/\/uzyvape.com\/es\/return-policy\/","og_site_name":"Uzy","twitter_card":"summary_large_image","twitter_misc":{"Tiempo de lectura":"3 minutos"},"schema":{"@context":"https:\/\/schema.org","@graph":[{"@type":"WebPage","@id":"https:\/\/uzyvape.com\/return-policy\/","url":"https:\/\/uzyvape.com\/return-policy\/","name":"Return Policy - Uzy","isPartOf":{"@id":"https:\/\/uzyvape.com\/#website"},"datePublished":"2025-05-15T11:50:27+00:00","breadcrumb":{"@id":"https:\/\/uzyvape.com\/return-policy\/#breadcrumb"},"inLanguage":"es","potentialAction":[{"@type":"ReadAction","target":["https:\/\/uzyvape.com\/return-policy\/"]}]},{"@type":"BreadcrumbList","@id":"https:\/\/uzyvape.com\/return-policy\/#breadcrumb","itemListElement":[{"@type":"ListItem","position":1,"name":"Home","item":"https:\/\/uzyvape.com\/"},{"@type":"ListItem","position":2,"name":"Return Policy"}]},{"@type":"WebSite","@id":"https:\/\/uzyvape.com\/#website","url":"https:\/\/uzyvape.com\/","name":"Uzy","description":"Sitio web oficial, la venta de Uzy Vape desechable, f\u00e1brica de origen","publisher":{"@id":"https:\/\/uzyvape.com\/#organization"},"potentialAction":[{"@type":"SearchAction","target":{"@type":"EntryPoint","urlTemplate":"https:\/\/uzyvape.com\/?s={search_term_string}"},"query-input":{"@type":"PropertyValueSpecification","valueRequired":true,"valueName":"search_term_string"}}],"inLanguage":"es"},{"@type":"Organization","@id":"https:\/\/uzyvape.com\/#organization","name":"Uzy","url":"https:\/\/uzyvape.com\/","logo":{"@type":"ImageObject","inLanguage":"es","@id":"https:\/\/uzyvape.com\/#\/schema\/logo\/image\/","url":"https:\/\/uzyvape.com\/wp-content\/uploads\/2022\/10\/UZY_LOGO.png","contentUrl":"https:\/\/uzyvape.com\/wp-content\/uploads\/2022\/10\/UZY_LOGO.png","width":825,"height":302,"caption":"Uzy"},"image":{"@id":"https:\/\/uzyvape.com\/#\/schema\/logo\/image\/"}}]}},"_links":{"self":[{"href":"https:\/\/uzyvape.com\/es\/wp-json\/wp\/v2\/pages\/1264","targetHints":{"allow":["GET"]}}],"collection":[{"href":"https:\/\/uzyvape.com\/es\/wp-json\/wp\/v2\/pages"}],"about":[{"href":"https:\/\/uzyvape.com\/es\/wp-json\/wp\/v2\/types\/page"}],"author":[{"embeddable":true,"href":"https:\/\/uzyvape.com\/es\/wp-json\/wp\/v2\/users\/1"}],"replies":[{"embeddable":true,"href":"https:\/\/uzyvape.com\/es\/wp-json\/wp\/v2\/comments?post=1264"}],"version-history":[{"count":0,"href":"https:\/\/uzyvape.com\/es\/wp-json\/wp\/v2\/pages\/1264\/revisions"}],"wp:attachment":[{"href":"https:\/\/uzyvape.com\/es\/wp-json\/wp\/v2\/media?parent=1264"}],"curies":[{"name":"wp","href":"https:\/\/api.w.org\/{rel}","templated":true}]}}