{"id":916,"date":"2025-05-14T09:32:59","date_gmt":"2025-05-14T09:32:59","guid":{"rendered":"https:\/\/uzyvape.com\/?post_type=product&#038;p=916"},"modified":"2026-04-14T17:30:05","modified_gmt":"2026-04-14T17:30:05","slug":"uzy-crystal-pro-max-10000-10k-puffs-0-2-3-5-nicotine-16ml","status":"publish","type":"product","link":"https:\/\/uzyvape.com\/de\/produkt\/uzy-crystal-pro-max-10000-10k-puffs-0-2-3-5-nicotine-16ml\/","title":{"rendered":"UZY Crystal Pro Max 10000 10K Puffs 0% 2% 3% 5% Nikotin 16ml"},"content":{"rendered":"<h2>UZY Crystal Pro Max 10K Produktmerkmale:<\/h2>\n<p>Verabschiede dich von <a href=\"https:\/\/uzyvape.com\/de\/produkt\/uzy-tornado-20000-20k-puffs-0-2-3-5-nicotine-28ml\/\">Einweg-Vapes<\/a> Das h\u00e4lt kaum einen Tag und hallo zu den <strong>UZY Bang DIgital 10K<\/strong>eine herausragende Innovation im Bereich Vaping. Mit einer unglaublichen <strong><a href=\"https:\/\/uzyvape.com\/de\/produkt-kategorie\/10000-puffs\/\">10.000 Z\u00fcge<\/a><\/strong>Dieses Ger\u00e4t ist auf Langlebigkeit ausgelegt und sorgt f\u00fcr lange Zufriedenheit, ohne dass es st\u00e4ndig ausgetauscht werden muss. Sein <strong>16ml Fl\u00fcssigkeitsinhalt<\/strong> sorgt daf\u00fcr, dass Sie reichlich E-Liquid zur Verf\u00fcgung haben, w\u00e4hrend der <strong>650mAh-Akku<\/strong>, gepaart mit einer <strong>Typ-C-Eingangsanschluss<\/strong>So k\u00f6nnen Sie m\u00fchelos aufladen und das Dampfen aufrechterhalten.<\/p>\n<p><strong>Un\u00fcbertroffener Geschmack und individuelle Anpassung<\/strong><\/p>\n<p>Die <strong>UZY Bang DIgital 10K<\/strong> geht es nicht nur darum, l\u00e4nger durchzuhalten, sondern auch darum, besser zu dampfen. Ausgestattet mit einem <strong>Maschenspule<\/strong> Bei einem Widerstand von 1,0 Ohm produziert er mit jedem Zug ein reichhaltiges, konsistentes Aroma und beeindruckenden Dampf. Passen Sie Ihr Erlebnis mit <strong>Salz-Nikotin-Optionen<\/strong> von <strong>0%, 2%, 3% oder 5%<\/strong>Sie ist perfekt f\u00fcr alle, vom nikotinfreien Konsumenten bis hin zu denjenigen, die sich nach einem kr\u00e4ftigen Zug sehnen. Plus, die lebendige <strong>RGB-Ausf\u00fchrung<\/strong> f\u00fcgt ein stilvolles Flair, so dass diese vape so optisch ansprechend wie es funktional ist.<\/p>\n<p><strong>Ideal f\u00fcr Benutzer und Einzelh\u00e4ndler gleichermassen<\/strong><\/p>\n<p>Ob Sie nun als Vaper auf der Suche nach Qualit\u00e4t sind oder als Einzelh\u00e4ndler Ihre Vorr\u00e4te aufstocken wollen, die <strong>UZY Bang DIgital 10K<\/strong> liefert. F\u00fcr Gro\u00dfabnehmer wird es in Kisten mit <strong>200 St\u00fcck<\/strong>Wiegen <strong>16,3 kg pro Karton<\/strong>mit einem kompakten <strong>Kartongr\u00f6\u00dfe von 40,5<\/strong><em><strong>38.8<\/strong><\/em><strong>26,8 cm<\/strong>. Dieser Einweg-Vape kombiniert modernste Funktionen mit praktischem Design und definiert Komfort und Leistung neu - verbessern Sie noch heute Ihr Dampferlebnis!<\/p>\n<h2>Produktparameter:<\/h2>\n<p>Fl\u00fcssigkeitsinhalt:16ml<br \/>\nAkku-Kapazit\u00e4t: 650mAh<br \/>\n(Wiederaufladbar)<br \/>\nEingangsanschluss: Typ-C<br \/>\nSpule: Mesh Spule 1.0ohm<br \/>\nPuffs:10000<br \/>\nSalz Nikotin: 0% 2% 3% 5%<br \/>\nRGB-Design<br \/>\n200St\u00fcck\/Koffer<br \/>\n16.3kg\/Koffer<br \/>\nKarton Gr\u00f6\u00dfe:40.5*38.8*26.8<\/p>\n<h2>Produktgeschmacksrichtungen:<\/h2>\n<p><strong>1. pfirsich-mango-ananas<\/strong><br \/>\n<strong>2. erdbeerige Wassermelone<\/strong><br \/>\n<strong>3.Red Energy Eis<\/strong><br \/>\n<strong>4. erdbeer-mango<\/strong><br \/>\n<strong>5. blaubeere himbeere<\/strong><br \/>\n<strong>6.dreifaches Beereneis<\/strong><br \/>\n<strong>Wassermeloneneis 7.<\/strong><br \/>\n<strong>8.Dreifaches Traubeneis<\/strong><br \/>\n<strong>9. blaubeereis<\/strong><br \/>\n<strong>10.Pfirsich-Eis<\/strong><br \/>\n<strong>11.Kegeln<\/strong><br \/>\n<strong>12.Wassermelone Kaugummi<\/strong><br \/>\n<strong>13. erdbeereis<\/strong><br \/>\n<strong>14.Erdbeer-Kiwi<\/strong><br \/>\n<strong>15.Cola-Eis<\/strong><br \/>\n<strong>16.Herr Blau<\/strong><br \/>\n<strong>Kiwi Passionsfrucht Guave 17.<\/strong><br \/>\n<strong>18.Dreifach Mango<\/strong><br \/>\n<strong>19.Pfirsichbeere<\/strong><br \/>\n<strong>20.Kirscheis<\/strong><\/p>","protected":false},"excerpt":{"rendered":"<p>Genie\u00dfen Sie bis zu 10.000 Z\u00fcge mit diesem einzigen, vorgef\u00fcllten Vaping-Ger\u00e4t. Es fasst 16 ml E-Liquid und verwendet eine Mesh-Coil f\u00fcr gleichbleibenden Geschmack. Laden Sie es \u00fcber USB-C auf, um die Nutzung \u00fcber die gesamte E-Liquid-Kapazit\u00e4t zu verl\u00e4ngern.<\/p>","protected":false},"featured_media":917,"comment_status":"open","ping_status":"closed","template":"","meta":{"_sitemap_exclude":false,"_sitemap_priority":"","_sitemap_frequency":""},"product_brand":[26],"product_cat":[35],"product_tag":[],"class_list":{"0":"post-916","1":"product","2":"type-product","3":"status-publish","4":"has-post-thumbnail","6":"product_brand-uzy","7":"product_cat-10000-puffs","9":"first","10":"instock","11":"shipping-taxable","12":"purchasable","13":"product-type-variable"},"yoast_head":"<!-- This site is optimized with the Yoast SEO plugin v25.6 - https:\/\/yoast.com\/wordpress\/plugins\/seo\/ -->\n<title>UZY Crystal Pro Max 10000 | 10K Puffs Disposable Vape<\/title>\n<meta name=\"description\" content=\"Shop the UZY Crystal Pro Max 10000 disposable vape with 10K puffs, 16ml e-liquid capacity, multiple nicotine and flavor options available.\" \/>\n<meta name=\"robots\" content=\"index, follow, max-snippet:-1, max-image-preview:large, max-video-preview:-1\" \/>\n<link rel=\"canonical\" href=\"https:\/\/uzyvape.com\/de\/produkt\/uzy-crystal-pro-max-10000-10k-puffs-0-2-3-5-nicotine-16ml\/\" \/>\n<meta property=\"og:locale\" content=\"de_DE\" \/>\n<meta property=\"og:type\" content=\"article\" \/>\n<meta property=\"og:title\" content=\"UZY Crystal Pro Max 10000 | 10K Puffs Disposable Vape\" \/>\n<meta property=\"og:description\" content=\"Shop the UZY Crystal Pro Max 10000 disposable vape with 10K puffs, 16ml e-liquid capacity, multiple nicotine and flavor options available.\" \/>\n<meta property=\"og:url\" content=\"https:\/\/uzyvape.com\/de\/produkt\/uzy-crystal-pro-max-10000-10k-puffs-0-2-3-5-nicotine-16ml\/\" \/>\n<meta property=\"og:site_name\" content=\"Uzy\" \/>\n<meta property=\"article:modified_time\" content=\"2026-04-14T17:30:05+00:00\" \/>\n<meta property=\"og:image\" content=\"https:\/\/uzyvape.com\/wp-content\/uploads\/2025\/05\/1-1-1024x832.png\" \/>\n\t<meta property=\"og:image:width\" content=\"1024\" \/>\n\t<meta property=\"og:image:height\" content=\"832\" \/>\n\t<meta property=\"og:image:type\" content=\"image\/png\" \/>\n<meta name=\"twitter:card\" content=\"summary_large_image\" \/>\n<meta name=\"twitter:label1\" content=\"Gesch\u00e4tzte Lesezeit\" \/>\n\t<meta name=\"twitter:data1\" content=\"2\u00a0Minuten\" \/>\n<script type=\"application\/ld+json\" class=\"yoast-schema-graph\">{\"@context\":\"https:\/\/schema.org\",\"@graph\":[{\"@type\":\"WebPage\",\"@id\":\"https:\/\/uzyvape.com\/product\/uzy-crystal-pro-max-10000-10k-puffs-0-2-3-5-nicotine-16ml\/\",\"url\":\"https:\/\/uzyvape.com\/product\/uzy-crystal-pro-max-10000-10k-puffs-0-2-3-5-nicotine-16ml\/\",\"name\":\"UZY Crystal Pro Max 10000 | 10K Puffs Disposable Vape\",\"isPartOf\":{\"@id\":\"https:\/\/uzyvape.com\/#website\"},\"primaryImageOfPage\":{\"@id\":\"https:\/\/uzyvape.com\/product\/uzy-crystal-pro-max-10000-10k-puffs-0-2-3-5-nicotine-16ml\/#primaryimage\"},\"image\":{\"@id\":\"https:\/\/uzyvape.com\/product\/uzy-crystal-pro-max-10000-10k-puffs-0-2-3-5-nicotine-16ml\/#primaryimage\"},\"thumbnailUrl\":\"https:\/\/uzyvape.com\/wp-content\/uploads\/2025\/05\/1-1.png\",\"datePublished\":\"2025-05-14T09:32:59+00:00\",\"dateModified\":\"2026-04-14T17:30:05+00:00\",\"description\":\"Shop the UZY Crystal Pro Max 10000 disposable vape with 10K puffs, 16ml e-liquid capacity, multiple nicotine and flavor options available.\",\"breadcrumb\":{\"@id\":\"https:\/\/uzyvape.com\/product\/uzy-crystal-pro-max-10000-10k-puffs-0-2-3-5-nicotine-16ml\/#breadcrumb\"},\"inLanguage\":\"de\",\"potentialAction\":[{\"@type\":\"ReadAction\",\"target\":[\"https:\/\/uzyvape.com\/product\/uzy-crystal-pro-max-10000-10k-puffs-0-2-3-5-nicotine-16ml\/\"]}]},{\"@type\":\"ImageObject\",\"inLanguage\":\"de\",\"@id\":\"https:\/\/uzyvape.com\/product\/uzy-crystal-pro-max-10000-10k-puffs-0-2-3-5-nicotine-16ml\/#primaryimage\",\"url\":\"https:\/\/uzyvape.com\/wp-content\/uploads\/2025\/05\/1-1.png\",\"contentUrl\":\"https:\/\/uzyvape.com\/wp-content\/uploads\/2025\/05\/1-1.png\",\"width\":2560,\"height\":2080},{\"@type\":\"BreadcrumbList\",\"@id\":\"https:\/\/uzyvape.com\/product\/uzy-crystal-pro-max-10000-10k-puffs-0-2-3-5-nicotine-16ml\/#breadcrumb\",\"itemListElement\":[{\"@type\":\"ListItem\",\"position\":1,\"name\":\"Home\",\"item\":\"https:\/\/uzyvape.com\/\"},{\"@type\":\"ListItem\",\"position\":2,\"name\":\"Shop\",\"item\":\"https:\/\/uzyvape.com\/shop\/\"},{\"@type\":\"ListItem\",\"position\":3,\"name\":\"UZY Crystal Pro Max 10000 10K Puffs 0% 2% 3% 5% Nicotine 16ml\"}]},{\"@type\":\"WebSite\",\"@id\":\"https:\/\/uzyvape.com\/#website\",\"url\":\"https:\/\/uzyvape.com\/\",\"name\":\"Uzy\",\"description\":\"Official website, selling Uzy Disposable Vape, source factory\",\"publisher\":{\"@id\":\"https:\/\/uzyvape.com\/#organization\"},\"potentialAction\":[{\"@type\":\"SearchAction\",\"target\":{\"@type\":\"EntryPoint\",\"urlTemplate\":\"https:\/\/uzyvape.com\/?s={search_term_string}\"},\"query-input\":{\"@type\":\"PropertyValueSpecification\",\"valueRequired\":true,\"valueName\":\"search_term_string\"}}],\"inLanguage\":\"de\"},{\"@type\":\"Organization\",\"@id\":\"https:\/\/uzyvape.com\/#organization\",\"name\":\"Uzy\",\"url\":\"https:\/\/uzyvape.com\/\",\"logo\":{\"@type\":\"ImageObject\",\"inLanguage\":\"de\",\"@id\":\"https:\/\/uzyvape.com\/#\/schema\/logo\/image\/\",\"url\":\"https:\/\/uzyvape.com\/wp-content\/uploads\/2022\/10\/UZY_LOGO.png\",\"contentUrl\":\"https:\/\/uzyvape.com\/wp-content\/uploads\/2022\/10\/UZY_LOGO.png\",\"width\":825,\"height\":302,\"caption\":\"Uzy\"},\"image\":{\"@id\":\"https:\/\/uzyvape.com\/#\/schema\/logo\/image\/\"}}]}<\/script>\n<!-- \/ Yoast SEO plugin. -->","yoast_head_json":{"title":"UZY Crystal Pro Max 10000 | 10K Puffs Disposable Vape","description":"Shop the UZY Crystal Pro Max 10000 disposable vape with 10K puffs, 16ml e-liquid capacity, multiple nicotine and flavor options available.","robots":{"index":"index","follow":"follow","max-snippet":"max-snippet:-1","max-image-preview":"max-image-preview:large","max-video-preview":"max-video-preview:-1"},"canonical":"https:\/\/uzyvape.com\/de\/produkt\/uzy-crystal-pro-max-10000-10k-puffs-0-2-3-5-nicotine-16ml\/","og_locale":"de_DE","og_type":"article","og_title":"UZY Crystal Pro Max 10000 | 10K Puffs Disposable Vape","og_description":"Shop the UZY Crystal Pro Max 10000 disposable vape with 10K puffs, 16ml e-liquid capacity, multiple nicotine and flavor options available.","og_url":"https:\/\/uzyvape.com\/de\/produkt\/uzy-crystal-pro-max-10000-10k-puffs-0-2-3-5-nicotine-16ml\/","og_site_name":"Uzy","article_modified_time":"2026-04-14T17:30:05+00:00","og_image":[{"width":1024,"height":832,"url":"https:\/\/uzyvape.com\/wp-content\/uploads\/2025\/05\/1-1-1024x832.png","type":"image\/png"}],"twitter_card":"summary_large_image","twitter_misc":{"Gesch\u00e4tzte Lesezeit":"2\u00a0Minuten"},"schema":{"@context":"https:\/\/schema.org","@graph":[{"@type":"WebPage","@id":"https:\/\/uzyvape.com\/product\/uzy-crystal-pro-max-10000-10k-puffs-0-2-3-5-nicotine-16ml\/","url":"https:\/\/uzyvape.com\/product\/uzy-crystal-pro-max-10000-10k-puffs-0-2-3-5-nicotine-16ml\/","name":"UZY Crystal Pro Max 10000 | 10K Puffs Disposable Vape","isPartOf":{"@id":"https:\/\/uzyvape.com\/#website"},"primaryImageOfPage":{"@id":"https:\/\/uzyvape.com\/product\/uzy-crystal-pro-max-10000-10k-puffs-0-2-3-5-nicotine-16ml\/#primaryimage"},"image":{"@id":"https:\/\/uzyvape.com\/product\/uzy-crystal-pro-max-10000-10k-puffs-0-2-3-5-nicotine-16ml\/#primaryimage"},"thumbnailUrl":"https:\/\/uzyvape.com\/wp-content\/uploads\/2025\/05\/1-1.png","datePublished":"2025-05-14T09:32:59+00:00","dateModified":"2026-04-14T17:30:05+00:00","description":"Shop the UZY Crystal Pro Max 10000 disposable vape with 10K puffs, 16ml e-liquid capacity, multiple nicotine and flavor options available.","breadcrumb":{"@id":"https:\/\/uzyvape.com\/product\/uzy-crystal-pro-max-10000-10k-puffs-0-2-3-5-nicotine-16ml\/#breadcrumb"},"inLanguage":"de","potentialAction":[{"@type":"ReadAction","target":["https:\/\/uzyvape.com\/product\/uzy-crystal-pro-max-10000-10k-puffs-0-2-3-5-nicotine-16ml\/"]}]},{"@type":"ImageObject","inLanguage":"de","@id":"https:\/\/uzyvape.com\/product\/uzy-crystal-pro-max-10000-10k-puffs-0-2-3-5-nicotine-16ml\/#primaryimage","url":"https:\/\/uzyvape.com\/wp-content\/uploads\/2025\/05\/1-1.png","contentUrl":"https:\/\/uzyvape.com\/wp-content\/uploads\/2025\/05\/1-1.png","width":2560,"height":2080},{"@type":"BreadcrumbList","@id":"https:\/\/uzyvape.com\/product\/uzy-crystal-pro-max-10000-10k-puffs-0-2-3-5-nicotine-16ml\/#breadcrumb","itemListElement":[{"@type":"ListItem","position":1,"name":"Home","item":"https:\/\/uzyvape.com\/"},{"@type":"ListItem","position":2,"name":"Shop","item":"https:\/\/uzyvape.com\/shop\/"},{"@type":"ListItem","position":3,"name":"UZY Crystal Pro Max 10000 10K Puffs 0% 2% 3% 5% Nicotine 16ml"}]},{"@type":"WebSite","@id":"https:\/\/uzyvape.com\/#website","url":"https:\/\/uzyvape.com\/","name":"Uzy","description":"Offizielle Website, Verkauf von Uzy Disposable Vape, Quelle Fabrik","publisher":{"@id":"https:\/\/uzyvape.com\/#organization"},"potentialAction":[{"@type":"SearchAction","target":{"@type":"EntryPoint","urlTemplate":"https:\/\/uzyvape.com\/?s={search_term_string}"},"query-input":{"@type":"PropertyValueSpecification","valueRequired":true,"valueName":"search_term_string"}}],"inLanguage":"de"},{"@type":"Organization","@id":"https:\/\/uzyvape.com\/#organization","name":"Uzy","url":"https:\/\/uzyvape.com\/","logo":{"@type":"ImageObject","inLanguage":"de","@id":"https:\/\/uzyvape.com\/#\/schema\/logo\/image\/","url":"https:\/\/uzyvape.com\/wp-content\/uploads\/2022\/10\/UZY_LOGO.png","contentUrl":"https:\/\/uzyvape.com\/wp-content\/uploads\/2022\/10\/UZY_LOGO.png","width":825,"height":302,"caption":"Uzy"},"image":{"@id":"https:\/\/uzyvape.com\/#\/schema\/logo\/image\/"}}]}},"_links":{"self":[{"href":"https:\/\/uzyvape.com\/de\/wp-json\/wp\/v2\/product\/916","targetHints":{"allow":["GET"]}}],"collection":[{"href":"https:\/\/uzyvape.com\/de\/wp-json\/wp\/v2\/product"}],"about":[{"href":"https:\/\/uzyvape.com\/de\/wp-json\/wp\/v2\/types\/product"}],"replies":[{"embeddable":true,"href":"https:\/\/uzyvape.com\/de\/wp-json\/wp\/v2\/comments?post=916"}],"wp:featuredmedia":[{"embeddable":true,"href":"https:\/\/uzyvape.com\/de\/wp-json\/wp\/v2\/media\/917"}],"wp:attachment":[{"href":"https:\/\/uzyvape.com\/de\/wp-json\/wp\/v2\/media?parent=916"}],"wp:term":[{"taxonomy":"product_brand","embeddable":true,"href":"https:\/\/uzyvape.com\/de\/wp-json\/wp\/v2\/product_brand?post=916"},{"taxonomy":"product_cat","embeddable":true,"href":"https:\/\/uzyvape.com\/de\/wp-json\/wp\/v2\/product_cat?post=916"},{"taxonomy":"product_tag","embeddable":true,"href":"https:\/\/uzyvape.com\/de\/wp-json\/wp\/v2\/product_tag?post=916"}],"curies":[{"name":"wp","href":"https:\/\/api.w.org\/{rel}","templated":true}]}}