{"id":2224,"date":"2026-04-14T08:17:21","date_gmt":"2026-04-14T08:17:21","guid":{"rendered":"https:\/\/uzyvape.com\/?post_type=product&#038;p=2224"},"modified":"2026-04-14T09:31:55","modified_gmt":"2026-04-14T09:31:55","slug":"uzy-6-in-1-150000-disposable-vape","status":"publish","type":"product","link":"https:\/\/uzyvape.com\/de\/produkt\/uzy-6-in-1-150000-disposable-vape\/","title":{"rendered":"UZY 6 IN 1 150000 Einweg-Vape | 6 Geschmacksrichtungen 150K Z\u00fcge"},"content":{"rendered":"<p>Die UZY 6 IN 1 150000 Einweg-Vape bietet alle Funktionen, die Sie f\u00fcr ausgiebiges Dampfen ohne Nachf\u00fcllen oder Ger\u00e4teaustausch ben\u00f6tigen. Sie eliminiert die Notwendigkeit, mehrere Ger\u00e4te f\u00fcr verschiedene Geschmacksvorlieben mit sich zu f\u00fchren. Ein Ger\u00e4t deckt alle Gel\u00fcste ab.<\/p>\n<h2>UZY 6 IN 1 150000 Kernspezifikationen<\/h2>\n<ul>\n<li>Bis zu 150.000 Z\u00fcge pro Ger\u00e4t<\/li>\n<li>6 w\u00e4hlbare Geschmacks-Kombinationsmodi<\/li>\n<li>1,0 \u03a9 Mesh-Coil<\/li>\n<li>64 ml vorgef\u00fcllte E-Fl\u00fcssigkeit<\/li>\n<li>Nikotinoptionen: 0%, 2%, 3%, 5%<\/li>\n<li>650mAh wiederaufladbarer Akku<\/li>\n<li>Typ-C-Schnellladung<\/li>\n<li>Smarte LED-Puff- und Batterieanzeige<\/li>\n<\/ul>\n<p>Alle E-Liquids werden in originaler Herstellerverpackung geliefert. Kein Nachf\u00fcllen erforderlich.<\/p>\n<p>Das ist alles.<\/p>\n<h2>Sechs Geschmacks-Kombinationsmodi<\/h2>\n<p>Tippen Sie auf die Steuerungstaste, um sofort zwischen den Geschmacksmodi zu wechseln. Sie k\u00f6nnen einen einzelnen Basissgeschmack w\u00e4hlen oder zwei Geschmacksrichtungen mischen, um eine individuelle Mischung zu erhalten.<\/p>\n<p>Sie erhalten insgesamt sechs Modi aus drei Grundgeschmacksrichtungen: A, B, C, A+B, A+C, B+C.<\/p>\n<p>Kein l\u00e4stiger Tankwechsel mehr n\u00f6tig.<\/p>\n<p>Wenn Sie weniger Geschmacksoptionen ausprobieren m\u00f6chten, schauen Sie sich unsere an <a href=\"https:\/\/uzyvape.com\/de\/produkt\/uzy-triple-flavor-60000-60k-puffs-triple-flavor-0-5-nicotine-54ml\/\">Dreifach-Aroma-Einweg-Vape<\/a> f\u00fcr eine kleinere, kompaktere Option.<\/p>\n<p>Wechsle Aromen mitten in der Sitzung, wann immer du willst.<\/p>\n<h2>1.0\u03a9 Mesh-Coil f\u00fcr sanften Dampf<\/h2>\n<p>Die 1,0\u03a9 Mesh-Coil erhitzt die E-Fl\u00fcssigkeit bei jedem Zug gleichm\u00e4\u00dfig.<\/p>\n<p>Es beh\u00e4lt vom ersten Zug bis zum letzten einen gleichbleibenden Geschmack.<\/p>\n<p>D\u00fcnner Draht erzeugt dichte Dampfwolken.<\/p>\n<p>Keine trockenen Treffer.<\/p>\n<p>Vergleichen Sie diese Spulenkonfiguration mit <a href=\"https:\/\/uzyvape.com\/de\/produkt\/uzy-tornado-30000-30k-puffs-double-flavor-0-5-nicotine-40ml\/\">Doppelgeschmacks-Einweg-Vapes<\/a> mit Standardspulen, um den Unterschied zu sp\u00fcren.<\/p>\n<p>Testen Sie den Unterschied bei Ihrer n\u00e4chsten Ziehung.<\/p>\n<h2>64 ml vorgef\u00fclltes E-Liquid-Fassungsverm\u00f6gen<\/h2>\n<p>Der 64 ml E-Liquid-Tank fasst genug Liquid f\u00fcr 150.000 volle Z\u00fcge. Dies reicht den meisten t\u00e4glichen Nutzern 4 bis 6 Wochen kontinuierlicher Nutzung.<\/p>\n<p>Sie m\u00fcssen den Saft w\u00e4hrend des Zyklus nicht nachf\u00fcllen oder ersetzen.<\/p>\n<p>Entsorgen Sie das gesamte Ger\u00e4t nach Gebrauch.<\/p>\n<p>Bereinigung \u00fcberspringen.<\/p>\n<p>Wir f\u00fcgen 10% zus\u00e4tzlichen Saft hinzu, um die Marke von 150.000 Z\u00fcgen zu erreichen.<\/p>\n<h2>Wiederaufladbare 650mAh Batterie<\/h2>\n<p>Der 650-mAh-Akku stimmt die Leistungsabgabe auf das 64-ml-E-Liquid-Volumen ab. Er kann zum Aufladen zwischen den Anwendungen an jedes Standard-Ladekabel vom Typ C angeschlossen werden.<\/p>\n<p>Sie gehen nie ohne Strom aus, bevor Ihr Akku leer ist.<\/p>\n<p>Vollst\u00e4ndig aufladen in 45 Minuten.<\/p>\n<p>Besorge dir ein zus\u00e4tzliches Typ-C-Kabel, falls du zu Hause eins brauchst.<\/p>\n<h2>Smart LED-Display<\/h2>\n<p>Das klare LED-Display befindet sich an der Seite des Ger\u00e4ts. Es zeigt den verbleibenden Akkuprozentsatz und die verbleibende Anzahl an Z\u00fcgen in Echtzeit an.<\/p>\n<p>Sie planen Nachf\u00fcllungen basierend auf tats\u00e4chlichen Daten.<\/p>\n<p>Kein Raten.<\/p>\n<p>Wenn Sie kleinere Ger\u00e4te mit geringerer Zugzahl bevorzugen, st\u00f6bern Sie in unserem <a href=\"https:\/\/uzyvape.com\/de\/produkt-kategorie\/50000-puffs\/\">einfache Einweg-Vapes<\/a> Sammlung f\u00fcr weitere Optionen.<\/p>\n<p>\u00dcberpr\u00fcfen Sie die Anzeige, bevor Sie jeden Tag das Haus verlassen.<\/p>","protected":false},"excerpt":{"rendered":"<p>Erhalten Sie sechs einzigartige Geschmackskombinationen und 150.000 Z\u00fcge aus einem vorgeladenen Einwegger\u00e4t. Es verf\u00fcgt \u00fcber eine 1,0\u03a9-Mesh-Coil, eine 64-ml-E-Liquid-Kapazit\u00e4t und einen wiederaufladbaren Akku vom Typ C. Keine Montage erforderlich.<\/p>","protected":false},"featured_media":2213,"comment_status":"open","ping_status":"closed","template":"","meta":{"_sitemap_exclude":false,"_sitemap_priority":"","_sitemap_frequency":""},"product_brand":[],"product_cat":[37,15],"product_tag":[40,38,44,43,39,42,41],"class_list":{"0":"post-2224","1":"product","2":"type-product","3":"status-publish","4":"has-post-thumbnail","6":"product_cat-150000-puffs","7":"product_cat-uncategorized","8":"product_tag-150k-puffs-vape","9":"product_tag-6-flavor-disposable-vape","10":"product_tag-long-lasting-disposable-vape","11":"product_tag-mesh-coil-disposable-vape","12":"product_tag-multi-flavor-disposable-vape","13":"product_tag-rechargeable-disposable-vape","14":"product_tag-uzy-disposable-vape","16":"first","17":"instock","18":"sale","19":"shipping-taxable","20":"purchasable","21":"product-type-variable"},"yoast_head":"<!-- This site is optimized with the Yoast SEO plugin v25.6 - https:\/\/yoast.com\/wordpress\/plugins\/seo\/ -->\n<title>UZY 6 IN 1 150000 | 6 Flavor 150K Puff Disposable Vape<\/title>\n<meta name=\"description\" content=\"UZY 6 IN 1 150000 disposable vape delivers 150,000 puffs and six custom flavor combinations in one device. Enjoy long-lasting, convenient vaping today.\" \/>\n<meta name=\"robots\" content=\"index, follow, max-snippet:-1, max-image-preview:large, max-video-preview:-1\" \/>\n<link rel=\"canonical\" href=\"https:\/\/uzyvape.com\/de\/produkt\/uzy-6-in-1-150000-disposable-vape\/\" \/>\n<meta property=\"og:locale\" content=\"de_DE\" \/>\n<meta property=\"og:type\" content=\"article\" \/>\n<meta property=\"og:title\" content=\"UZY 6 IN 1 150000 | 6 Flavor 150K Puff Disposable Vape\" \/>\n<meta property=\"og:description\" content=\"UZY 6 IN 1 150000 disposable vape delivers 150,000 puffs and six custom flavor combinations in one device. Enjoy long-lasting, convenient vaping today.\" \/>\n<meta property=\"og:url\" content=\"https:\/\/uzyvape.com\/de\/produkt\/uzy-6-in-1-150000-disposable-vape\/\" \/>\n<meta property=\"og:site_name\" content=\"Uzy\" \/>\n<meta property=\"article:modified_time\" content=\"2026-04-14T09:31:55+00:00\" \/>\n<meta property=\"og:image\" content=\"https:\/\/uzyvape.com\/wp-content\/uploads\/2026\/04\/uzy-6-in-1-150000-disposable-vape-150k-puffs-64ml-six-flavors-in-one-device.jpg\" \/>\n\t<meta property=\"og:image:width\" content=\"2560\" \/>\n\t<meta property=\"og:image:height\" content=\"2560\" \/>\n\t<meta property=\"og:image:type\" content=\"image\/jpeg\" \/>\n<meta name=\"twitter:card\" content=\"summary_large_image\" \/>\n<meta name=\"twitter:label1\" content=\"Gesch\u00e4tzte Lesezeit\" \/>\n\t<meta name=\"twitter:data1\" content=\"2\u00a0Minuten\" \/>\n<script type=\"application\/ld+json\" class=\"yoast-schema-graph\">{\"@context\":\"https:\/\/schema.org\",\"@graph\":[{\"@type\":\"WebPage\",\"@id\":\"https:\/\/uzyvape.com\/product\/uzy-6-in-1-150000-disposable-vape\/\",\"url\":\"https:\/\/uzyvape.com\/product\/uzy-6-in-1-150000-disposable-vape\/\",\"name\":\"UZY 6 IN 1 150000 | 6 Flavor 150K Puff Disposable Vape\",\"isPartOf\":{\"@id\":\"https:\/\/uzyvape.com\/#website\"},\"primaryImageOfPage\":{\"@id\":\"https:\/\/uzyvape.com\/product\/uzy-6-in-1-150000-disposable-vape\/#primaryimage\"},\"image\":{\"@id\":\"https:\/\/uzyvape.com\/product\/uzy-6-in-1-150000-disposable-vape\/#primaryimage\"},\"thumbnailUrl\":\"https:\/\/uzyvape.com\/wp-content\/uploads\/2026\/04\/uzy-6-in-1-150000-disposable-vape-150k-puffs-64ml-six-flavors-in-one-device.jpg\",\"datePublished\":\"2026-04-14T08:17:21+00:00\",\"dateModified\":\"2026-04-14T09:31:55+00:00\",\"description\":\"UZY 6 IN 1 150000 disposable vape delivers 150,000 puffs and six custom flavor combinations in one device. Enjoy long-lasting, convenient vaping today.\",\"breadcrumb\":{\"@id\":\"https:\/\/uzyvape.com\/product\/uzy-6-in-1-150000-disposable-vape\/#breadcrumb\"},\"inLanguage\":\"de\",\"potentialAction\":[{\"@type\":\"ReadAction\",\"target\":[\"https:\/\/uzyvape.com\/product\/uzy-6-in-1-150000-disposable-vape\/\"]}]},{\"@type\":\"ImageObject\",\"inLanguage\":\"de\",\"@id\":\"https:\/\/uzyvape.com\/product\/uzy-6-in-1-150000-disposable-vape\/#primaryimage\",\"url\":\"https:\/\/uzyvape.com\/wp-content\/uploads\/2026\/04\/uzy-6-in-1-150000-disposable-vape-150k-puffs-64ml-six-flavors-in-one-device.jpg\",\"contentUrl\":\"https:\/\/uzyvape.com\/wp-content\/uploads\/2026\/04\/uzy-6-in-1-150000-disposable-vape-150k-puffs-64ml-six-flavors-in-one-device.jpg\",\"width\":2560,\"height\":2560,\"caption\":\"UZY 6 IN 1 150000 Disposable Vape | 6 Flavors 150K Puffs\"},{\"@type\":\"BreadcrumbList\",\"@id\":\"https:\/\/uzyvape.com\/product\/uzy-6-in-1-150000-disposable-vape\/#breadcrumb\",\"itemListElement\":[{\"@type\":\"ListItem\",\"position\":1,\"name\":\"Home\",\"item\":\"https:\/\/uzyvape.com\/\"},{\"@type\":\"ListItem\",\"position\":2,\"name\":\"Shop\",\"item\":\"https:\/\/uzyvape.com\/shop\/\"},{\"@type\":\"ListItem\",\"position\":3,\"name\":\"UZY 6 IN 1 150000 Disposable Vape | 6 Flavors 150K Puffs\"}]},{\"@type\":\"WebSite\",\"@id\":\"https:\/\/uzyvape.com\/#website\",\"url\":\"https:\/\/uzyvape.com\/\",\"name\":\"Uzy\",\"description\":\"Official website, selling Uzy Disposable Vape, source factory\",\"publisher\":{\"@id\":\"https:\/\/uzyvape.com\/#organization\"},\"potentialAction\":[{\"@type\":\"SearchAction\",\"target\":{\"@type\":\"EntryPoint\",\"urlTemplate\":\"https:\/\/uzyvape.com\/?s={search_term_string}\"},\"query-input\":{\"@type\":\"PropertyValueSpecification\",\"valueRequired\":true,\"valueName\":\"search_term_string\"}}],\"inLanguage\":\"de\"},{\"@type\":\"Organization\",\"@id\":\"https:\/\/uzyvape.com\/#organization\",\"name\":\"Uzy\",\"url\":\"https:\/\/uzyvape.com\/\",\"logo\":{\"@type\":\"ImageObject\",\"inLanguage\":\"de\",\"@id\":\"https:\/\/uzyvape.com\/#\/schema\/logo\/image\/\",\"url\":\"https:\/\/uzyvape.com\/wp-content\/uploads\/2022\/10\/UZY_LOGO.png\",\"contentUrl\":\"https:\/\/uzyvape.com\/wp-content\/uploads\/2022\/10\/UZY_LOGO.png\",\"width\":825,\"height\":302,\"caption\":\"Uzy\"},\"image\":{\"@id\":\"https:\/\/uzyvape.com\/#\/schema\/logo\/image\/\"}}]}<\/script>\n<!-- \/ Yoast SEO plugin. -->","yoast_head_json":{"title":"UZY 6 IN 1 150000 | 6 Flavor 150K Puff Disposable Vape","description":"UZY 6 IN 1 150000 disposable vape delivers 150,000 puffs and six custom flavor combinations in one device. Enjoy long-lasting, convenient vaping today.","robots":{"index":"index","follow":"follow","max-snippet":"max-snippet:-1","max-image-preview":"max-image-preview:large","max-video-preview":"max-video-preview:-1"},"canonical":"https:\/\/uzyvape.com\/de\/produkt\/uzy-6-in-1-150000-disposable-vape\/","og_locale":"de_DE","og_type":"article","og_title":"UZY 6 IN 1 150000 | 6 Flavor 150K Puff Disposable Vape","og_description":"UZY 6 IN 1 150000 disposable vape delivers 150,000 puffs and six custom flavor combinations in one device. Enjoy long-lasting, convenient vaping today.","og_url":"https:\/\/uzyvape.com\/de\/produkt\/uzy-6-in-1-150000-disposable-vape\/","og_site_name":"Uzy","article_modified_time":"2026-04-14T09:31:55+00:00","og_image":[{"width":2560,"height":2560,"url":"https:\/\/uzyvape.com\/wp-content\/uploads\/2026\/04\/uzy-6-in-1-150000-disposable-vape-150k-puffs-64ml-six-flavors-in-one-device.jpg","type":"image\/jpeg"}],"twitter_card":"summary_large_image","twitter_misc":{"Gesch\u00e4tzte Lesezeit":"2\u00a0Minuten"},"schema":{"@context":"https:\/\/schema.org","@graph":[{"@type":"WebPage","@id":"https:\/\/uzyvape.com\/product\/uzy-6-in-1-150000-disposable-vape\/","url":"https:\/\/uzyvape.com\/product\/uzy-6-in-1-150000-disposable-vape\/","name":"UZY 6 IN 1 150000 | 6 Flavor 150K Puff Disposable Vape","isPartOf":{"@id":"https:\/\/uzyvape.com\/#website"},"primaryImageOfPage":{"@id":"https:\/\/uzyvape.com\/product\/uzy-6-in-1-150000-disposable-vape\/#primaryimage"},"image":{"@id":"https:\/\/uzyvape.com\/product\/uzy-6-in-1-150000-disposable-vape\/#primaryimage"},"thumbnailUrl":"https:\/\/uzyvape.com\/wp-content\/uploads\/2026\/04\/uzy-6-in-1-150000-disposable-vape-150k-puffs-64ml-six-flavors-in-one-device.jpg","datePublished":"2026-04-14T08:17:21+00:00","dateModified":"2026-04-14T09:31:55+00:00","description":"UZY 6 IN 1 150000 disposable vape delivers 150,000 puffs and six custom flavor combinations in one device. Enjoy long-lasting, convenient vaping today.","breadcrumb":{"@id":"https:\/\/uzyvape.com\/product\/uzy-6-in-1-150000-disposable-vape\/#breadcrumb"},"inLanguage":"de","potentialAction":[{"@type":"ReadAction","target":["https:\/\/uzyvape.com\/product\/uzy-6-in-1-150000-disposable-vape\/"]}]},{"@type":"ImageObject","inLanguage":"de","@id":"https:\/\/uzyvape.com\/product\/uzy-6-in-1-150000-disposable-vape\/#primaryimage","url":"https:\/\/uzyvape.com\/wp-content\/uploads\/2026\/04\/uzy-6-in-1-150000-disposable-vape-150k-puffs-64ml-six-flavors-in-one-device.jpg","contentUrl":"https:\/\/uzyvape.com\/wp-content\/uploads\/2026\/04\/uzy-6-in-1-150000-disposable-vape-150k-puffs-64ml-six-flavors-in-one-device.jpg","width":2560,"height":2560,"caption":"UZY 6 IN 1 150000 Disposable Vape | 6 Flavors 150K Puffs"},{"@type":"BreadcrumbList","@id":"https:\/\/uzyvape.com\/product\/uzy-6-in-1-150000-disposable-vape\/#breadcrumb","itemListElement":[{"@type":"ListItem","position":1,"name":"Home","item":"https:\/\/uzyvape.com\/"},{"@type":"ListItem","position":2,"name":"Shop","item":"https:\/\/uzyvape.com\/shop\/"},{"@type":"ListItem","position":3,"name":"UZY 6 IN 1 150000 Disposable Vape | 6 Flavors 150K Puffs"}]},{"@type":"WebSite","@id":"https:\/\/uzyvape.com\/#website","url":"https:\/\/uzyvape.com\/","name":"Uzy","description":"Offizielle Website, Verkauf von Uzy Disposable Vape, Quelle Fabrik","publisher":{"@id":"https:\/\/uzyvape.com\/#organization"},"potentialAction":[{"@type":"SearchAction","target":{"@type":"EntryPoint","urlTemplate":"https:\/\/uzyvape.com\/?s={search_term_string}"},"query-input":{"@type":"PropertyValueSpecification","valueRequired":true,"valueName":"search_term_string"}}],"inLanguage":"de"},{"@type":"Organization","@id":"https:\/\/uzyvape.com\/#organization","name":"Uzy","url":"https:\/\/uzyvape.com\/","logo":{"@type":"ImageObject","inLanguage":"de","@id":"https:\/\/uzyvape.com\/#\/schema\/logo\/image\/","url":"https:\/\/uzyvape.com\/wp-content\/uploads\/2022\/10\/UZY_LOGO.png","contentUrl":"https:\/\/uzyvape.com\/wp-content\/uploads\/2022\/10\/UZY_LOGO.png","width":825,"height":302,"caption":"Uzy"},"image":{"@id":"https:\/\/uzyvape.com\/#\/schema\/logo\/image\/"}}]}},"_links":{"self":[{"href":"https:\/\/uzyvape.com\/de\/wp-json\/wp\/v2\/product\/2224","targetHints":{"allow":["GET"]}}],"collection":[{"href":"https:\/\/uzyvape.com\/de\/wp-json\/wp\/v2\/product"}],"about":[{"href":"https:\/\/uzyvape.com\/de\/wp-json\/wp\/v2\/types\/product"}],"replies":[{"embeddable":true,"href":"https:\/\/uzyvape.com\/de\/wp-json\/wp\/v2\/comments?post=2224"}],"wp:featuredmedia":[{"embeddable":true,"href":"https:\/\/uzyvape.com\/de\/wp-json\/wp\/v2\/media\/2213"}],"wp:attachment":[{"href":"https:\/\/uzyvape.com\/de\/wp-json\/wp\/v2\/media?parent=2224"}],"wp:term":[{"taxonomy":"product_brand","embeddable":true,"href":"https:\/\/uzyvape.com\/de\/wp-json\/wp\/v2\/product_brand?post=2224"},{"taxonomy":"product_cat","embeddable":true,"href":"https:\/\/uzyvape.com\/de\/wp-json\/wp\/v2\/product_cat?post=2224"},{"taxonomy":"product_tag","embeddable":true,"href":"https:\/\/uzyvape.com\/de\/wp-json\/wp\/v2\/product_tag?post=2224"}],"curies":[{"name":"wp","href":"https:\/\/api.w.org\/{rel}","templated":true}]}}