{"id":1268,"date":"2025-05-15T11:53:55","date_gmt":"2025-05-15T11:53:55","guid":{"rendered":"https:\/\/uzyvape.com\/?page_id=1268"},"modified":"2025-05-15T11:53:55","modified_gmt":"2025-05-15T11:53:55","slug":"customs-issues","status":"publish","type":"page","link":"https:\/\/uzyvape.com\/de\/customs-issues\/","title":{"rendered":"Zollangelegenheiten"},"content":{"rendered":"<p>Bei UZY sind wir bestrebt, unseren Kunden weltweit ein reibungsloses Einkaufserlebnis zu bieten. Als die offizielle Website f\u00fcr UZY Einwegdampfer versenden wir unsere Produkte weltweit mit Sorgfalt und Effizienz. Allerdings kann es bei internationalen Sendungen gelegentlich zu zollbedingten Verz\u00f6gerungen oder Kontrollen kommen, die au\u00dferhalb unserer Kontrolle liegen.<\/p>\n<p>In dem seltenen Fall, dass Ihre Bestellung vom Zoll zur\u00fcckgehalten oder beschlagnahmt wird, k\u00f6nnen Sie sich darauf verlassen, dass wir f\u00fcr Sie sorgen werden. Wir werden Ihnen umgehend anbieten, Ihre Bestellung erneut zu versenden oder Ihnen den vollen Betrag zu erstatten, je nachdem, was Sie bevorzugen. Solche Vorf\u00e4lle sind zwar ungew\u00f6hnlich, aber Ihre Zufriedenheit und Ihr Seelenfrieden haben f\u00fcr uns h\u00f6chste Priorit\u00e4t.<\/p>\n<p>Sollten Sie Fragen oder Bedenken bez\u00fcglich Ihrer Bestellung haben, k\u00f6nnen Sie uns gerne kontaktieren unter\u00a0<a href=\"mailto:info@uzyvape.com\">info@uzyvape.com<\/a>. Unser Team ist f\u00fcr Sie da und unterst\u00fctzt Sie bei jedem Schritt!<\/p>","protected":false},"excerpt":{"rendered":"<p>At UZY, we are committed to ensuring a seamless shopping experience for our customers worldwide. As the official website for UZY disposable vapes, we ship our products globally with care and efficiency. However, international shipments may occasionally face customs-related delays or inspections, which are beyond our control. In the rare event that your order is [&hellip;]<\/p>","protected":false},"author":1,"featured_media":0,"parent":0,"menu_order":0,"comment_status":"closed","ping_status":"closed","template":"","meta":{"_sitemap_exclude":false,"_sitemap_priority":"","_sitemap_frequency":"","footnotes":""},"class_list":["post-1268","page","type-page","status-publish","hentry"],"yoast_head":"<!-- This site is optimized with the Yoast SEO plugin v25.6 - https:\/\/yoast.com\/wordpress\/plugins\/seo\/ -->\n<title>Customs Issues - Uzy<\/title>\n<meta name=\"robots\" content=\"index, follow, max-snippet:-1, max-image-preview:large, max-video-preview:-1\" \/>\n<link rel=\"canonical\" href=\"https:\/\/uzyvape.com\/de\/customs-issues\/\" \/>\n<meta property=\"og:locale\" content=\"de_DE\" \/>\n<meta property=\"og:type\" content=\"article\" \/>\n<meta property=\"og:title\" content=\"Customs Issues - Uzy\" \/>\n<meta property=\"og:description\" content=\"At UZY, we are committed to ensuring a seamless shopping experience for our customers worldwide. As the official website for UZY disposable vapes, we ship our products globally with care and efficiency. However, international shipments may occasionally face customs-related delays or inspections, which are beyond our control. In the rare event that your order is [&hellip;]\" \/>\n<meta property=\"og:url\" content=\"https:\/\/uzyvape.com\/de\/customs-issues\/\" \/>\n<meta property=\"og:site_name\" content=\"Uzy\" \/>\n<meta name=\"twitter:card\" content=\"summary_large_image\" \/>\n<meta name=\"twitter:label1\" content=\"Gesch\u00e4tzte Lesezeit\" \/>\n\t<meta name=\"twitter:data1\" content=\"1\u00a0Minute\" \/>\n<script type=\"application\/ld+json\" class=\"yoast-schema-graph\">{\"@context\":\"https:\/\/schema.org\",\"@graph\":[{\"@type\":\"WebPage\",\"@id\":\"https:\/\/uzyvape.com\/customs-issues\/\",\"url\":\"https:\/\/uzyvape.com\/customs-issues\/\",\"name\":\"Customs Issues - Uzy\",\"isPartOf\":{\"@id\":\"https:\/\/uzyvape.com\/#website\"},\"datePublished\":\"2025-05-15T11:53:55+00:00\",\"breadcrumb\":{\"@id\":\"https:\/\/uzyvape.com\/customs-issues\/#breadcrumb\"},\"inLanguage\":\"de\",\"potentialAction\":[{\"@type\":\"ReadAction\",\"target\":[\"https:\/\/uzyvape.com\/customs-issues\/\"]}]},{\"@type\":\"BreadcrumbList\",\"@id\":\"https:\/\/uzyvape.com\/customs-issues\/#breadcrumb\",\"itemListElement\":[{\"@type\":\"ListItem\",\"position\":1,\"name\":\"Home\",\"item\":\"https:\/\/uzyvape.com\/\"},{\"@type\":\"ListItem\",\"position\":2,\"name\":\"Customs Issues\"}]},{\"@type\":\"WebSite\",\"@id\":\"https:\/\/uzyvape.com\/#website\",\"url\":\"https:\/\/uzyvape.com\/\",\"name\":\"Uzy\",\"description\":\"Official website, selling Uzy Disposable Vape, source factory\",\"publisher\":{\"@id\":\"https:\/\/uzyvape.com\/#organization\"},\"potentialAction\":[{\"@type\":\"SearchAction\",\"target\":{\"@type\":\"EntryPoint\",\"urlTemplate\":\"https:\/\/uzyvape.com\/?s={search_term_string}\"},\"query-input\":{\"@type\":\"PropertyValueSpecification\",\"valueRequired\":true,\"valueName\":\"search_term_string\"}}],\"inLanguage\":\"de\"},{\"@type\":\"Organization\",\"@id\":\"https:\/\/uzyvape.com\/#organization\",\"name\":\"Uzy\",\"url\":\"https:\/\/uzyvape.com\/\",\"logo\":{\"@type\":\"ImageObject\",\"inLanguage\":\"de\",\"@id\":\"https:\/\/uzyvape.com\/#\/schema\/logo\/image\/\",\"url\":\"https:\/\/uzyvape.com\/wp-content\/uploads\/2022\/10\/UZY_LOGO.png\",\"contentUrl\":\"https:\/\/uzyvape.com\/wp-content\/uploads\/2022\/10\/UZY_LOGO.png\",\"width\":825,\"height\":302,\"caption\":\"Uzy\"},\"image\":{\"@id\":\"https:\/\/uzyvape.com\/#\/schema\/logo\/image\/\"}}]}<\/script>\n<!-- \/ Yoast SEO plugin. -->","yoast_head_json":{"title":"Customs Issues - Uzy","robots":{"index":"index","follow":"follow","max-snippet":"max-snippet:-1","max-image-preview":"max-image-preview:large","max-video-preview":"max-video-preview:-1"},"canonical":"https:\/\/uzyvape.com\/de\/customs-issues\/","og_locale":"de_DE","og_type":"article","og_title":"Customs Issues - Uzy","og_description":"At UZY, we are committed to ensuring a seamless shopping experience for our customers worldwide. As the official website for UZY disposable vapes, we ship our products globally with care and efficiency. However, international shipments may occasionally face customs-related delays or inspections, which are beyond our control. In the rare event that your order is [&hellip;]","og_url":"https:\/\/uzyvape.com\/de\/customs-issues\/","og_site_name":"Uzy","twitter_card":"summary_large_image","twitter_misc":{"Gesch\u00e4tzte Lesezeit":"1\u00a0Minute"},"schema":{"@context":"https:\/\/schema.org","@graph":[{"@type":"WebPage","@id":"https:\/\/uzyvape.com\/customs-issues\/","url":"https:\/\/uzyvape.com\/customs-issues\/","name":"Customs Issues - Uzy","isPartOf":{"@id":"https:\/\/uzyvape.com\/#website"},"datePublished":"2025-05-15T11:53:55+00:00","breadcrumb":{"@id":"https:\/\/uzyvape.com\/customs-issues\/#breadcrumb"},"inLanguage":"de","potentialAction":[{"@type":"ReadAction","target":["https:\/\/uzyvape.com\/customs-issues\/"]}]},{"@type":"BreadcrumbList","@id":"https:\/\/uzyvape.com\/customs-issues\/#breadcrumb","itemListElement":[{"@type":"ListItem","position":1,"name":"Home","item":"https:\/\/uzyvape.com\/"},{"@type":"ListItem","position":2,"name":"Customs Issues"}]},{"@type":"WebSite","@id":"https:\/\/uzyvape.com\/#website","url":"https:\/\/uzyvape.com\/","name":"Uzy","description":"Offizielle Website, Verkauf von Uzy Disposable Vape, Quelle Fabrik","publisher":{"@id":"https:\/\/uzyvape.com\/#organization"},"potentialAction":[{"@type":"SearchAction","target":{"@type":"EntryPoint","urlTemplate":"https:\/\/uzyvape.com\/?s={search_term_string}"},"query-input":{"@type":"PropertyValueSpecification","valueRequired":true,"valueName":"search_term_string"}}],"inLanguage":"de"},{"@type":"Organization","@id":"https:\/\/uzyvape.com\/#organization","name":"Uzy","url":"https:\/\/uzyvape.com\/","logo":{"@type":"ImageObject","inLanguage":"de","@id":"https:\/\/uzyvape.com\/#\/schema\/logo\/image\/","url":"https:\/\/uzyvape.com\/wp-content\/uploads\/2022\/10\/UZY_LOGO.png","contentUrl":"https:\/\/uzyvape.com\/wp-content\/uploads\/2022\/10\/UZY_LOGO.png","width":825,"height":302,"caption":"Uzy"},"image":{"@id":"https:\/\/uzyvape.com\/#\/schema\/logo\/image\/"}}]}},"_links":{"self":[{"href":"https:\/\/uzyvape.com\/de\/wp-json\/wp\/v2\/pages\/1268","targetHints":{"allow":["GET"]}}],"collection":[{"href":"https:\/\/uzyvape.com\/de\/wp-json\/wp\/v2\/pages"}],"about":[{"href":"https:\/\/uzyvape.com\/de\/wp-json\/wp\/v2\/types\/page"}],"author":[{"embeddable":true,"href":"https:\/\/uzyvape.com\/de\/wp-json\/wp\/v2\/users\/1"}],"replies":[{"embeddable":true,"href":"https:\/\/uzyvape.com\/de\/wp-json\/wp\/v2\/comments?post=1268"}],"version-history":[{"count":0,"href":"https:\/\/uzyvape.com\/de\/wp-json\/wp\/v2\/pages\/1268\/revisions"}],"wp:attachment":[{"href":"https:\/\/uzyvape.com\/de\/wp-json\/wp\/v2\/media?parent=1268"}],"curies":[{"name":"wp","href":"https:\/\/api.w.org\/{rel}","templated":true}]}}